{"id":75,"date":"2025-10-06T13:33:23","date_gmt":"2025-10-06T06:33:23","guid":{"rendered":"https:\/\/vuonggroup.vn\/?page_id=75"},"modified":"2025-12-20T16:53:33","modified_gmt":"2025-12-20T09:53:33","slug":"gioi-thieu","status":"publish","type":"page","link":"https:\/\/vuonggroup.vn\/index.php\/gioi-thieu\/","title":{"rendered":"GI\u1edaI THI\u1ec6U"},"content":{"rendered":"\t\t<div class=\"hide-for-small\">\n\t\t\t\t\n<p><iframe loading=\"lazy\"\n  src=\"https:\/\/drive.google.com\/file\/d\/1E3IEV24TfrCSqcf9W0I9lbXneBjrwPM8\/preview?rm=minimal\"\n  width=\"100%\"\n  height=\"450\"\n  allow=\"autoplay\"\n  allowfullscreen><br \/>\n<\/iframe><br \/>\n\t\t<\/div>\n\t\n\t\t<div class=\"show-for-medium\">\n\t\t\t\t\n<p><iframe loading=\"lazy\"\n  src=\"https:\/\/drive.google.com\/file\/d\/1E3IEV24TfrCSqcf9W0I9lbXneBjrwPM8\/preview?rm=minimal\"\n  width=\"100%\"\n  height=\"220\"\n  allow=\"autoplay\"\n  allowfullscreen><br \/>\n<\/iframe><br \/>\n\t\t<\/div>\n\t\n<p>&nbsp;<\/p>\n<p><img loading=\"lazy\" decoding=\"async\" class=\"alignnone size-full wp-image-361\" src=\"https:\/\/vuonggroup.vn\/wp-content\/uploads\/2025\/12\/DD-scaled.png\" alt=\"\" width=\"2560\" height=\"402\" srcset=\"https:\/\/vuonggroup.vn\/wp-content\/uploads\/2025\/12\/DD-scaled.png 2560w, https:\/\/vuonggroup.vn\/wp-content\/uploads\/2025\/12\/DD-300x47.png 300w, https:\/\/vuonggroup.vn\/wp-content\/uploads\/2025\/12\/DD-1024x161.png 1024w, https:\/\/vuonggroup.vn\/wp-content\/uploads\/2025\/12\/DD-768x121.png 768w, https:\/\/vuonggroup.vn\/wp-content\/uploads\/2025\/12\/DD-1536x241.png 1536w, https:\/\/vuonggroup.vn\/wp-content\/uploads\/2025\/12\/DD-2048x322.png 2048w\" sizes=\"auto, (max-width: 2560px) 100vw, 2560px\" \/><img loading=\"lazy\" decoding=\"async\" class=\"alignnone size-full wp-image-360\" src=\"https:\/\/vuonggroup.vn\/wp-content\/uploads\/2025\/12\/banenr-logo-scaled.png\" alt=\"\" width=\"2560\" height=\"387\" srcset=\"https:\/\/vuonggroup.vn\/wp-content\/uploads\/2025\/12\/banenr-logo-scaled.png 2560w, https:\/\/vuonggroup.vn\/wp-content\/uploads\/2025\/12\/banenr-logo-300x45.png 300w, https:\/\/vuonggroup.vn\/wp-content\/uploads\/2025\/12\/banenr-logo-1024x155.png 1024w, https:\/\/vuonggroup.vn\/wp-content\/uploads\/2025\/12\/banenr-logo-768x116.png 768w, https:\/\/vuonggroup.vn\/wp-content\/uploads\/2025\/12\/banenr-logo-1536x232.png 1536w, https:\/\/vuonggroup.vn\/wp-content\/uploads\/2025\/12\/banenr-logo-2048x310.png 2048w\" sizes=\"auto, (max-width: 2560px) 100vw, 2560px\" \/><\/p>\n<div id=\"message-frame_1765588764382\" class=\" show-sender card shadow-bubble message-frame message-frame--highlight-from-admin focused-item focused-item--has-border\" data-component=\"message-content-view\" data-qid=\"7321549967476@1765588764382_1178246848973923721_g6998068724940100558\">\n<div class=\"\" data-id=\"div_DisabledTargetEventLayer\">\n<div class=\"message-action\">\n<div id=\"text-mCntr_7321549967476-1765588764382-1178246848973923721-g6998068724940100558\" class=\"text-message__container\" data-id=\"div_ReceivedMsg_Text\">\n<div class=\"overflow-hidden\" data-component=\"message-text-content\">\n<div class=\"chat-item flx chat-item-audit chat-item-spacing --s1 \">\n<div class=\"chat-content flx flx-col flx-cell chat-content-audit\">\n<div id=\"bb_msg_id_1765617854793\" class=\"chat-message chat-message-v2 wrap-message rotate-container -send-time -reaction\" data-component=\"bubble-message\">\n<div class=\"message-wrapper\">\n<div class=\"message-content-wrapper\">\n<div class=\"message-content-render focused-background\">\n<div id=\"message-frame_1765617854793\" class=\" show-sender card shadow-bubble message-frame message-frame--highlight-from-admin focused-item focused-item--has-border\" data-component=\"message-content-view\" data-qid=\"7323075225279@1765617854793_1178246848973923721_g6998068724940100558\">\n<div class=\"\" data-id=\"div_DisabledTargetEventLayer\">\n<div class=\"message-action\">\n<div id=\"text-mCntr_7323075225279-1765617854793-1178246848973923721-g6998068724940100558\" class=\"text-message__container\" data-id=\"div_ReceivedMsg_Text\">\n<div>\n<div class=\"overflow-hidden\" data-component=\"message-text-content\"><span class=\"text\"><img loading=\"lazy\" decoding=\"async\" class=\"alignnone size-full wp-image-358\" src=\"https:\/\/vuonggroup.vn\/wp-content\/uploads\/2025\/12\/anh-chinh.jpg\" alt=\"\" width=\"1386\" height=\"2048\" srcset=\"https:\/\/vuonggroup.vn\/wp-content\/uploads\/2025\/12\/anh-chinh.jpg 1386w, https:\/\/vuonggroup.vn\/wp-content\/uploads\/2025\/12\/anh-chinh-203x300.jpg 203w, https:\/\/vuonggroup.vn\/wp-content\/uploads\/2025\/12\/anh-chinh-693x1024.jpg 693w, https:\/\/vuonggroup.vn\/wp-content\/uploads\/2025\/12\/anh-chinh-768x1135.jpg 768w, https:\/\/vuonggroup.vn\/wp-content\/uploads\/2025\/12\/anh-chinh-1040x1536.jpg 1040w\" sizes=\"auto, (max-width: 1386px) 100vw, 1386px\" \/><br \/>\n<\/span>Ch\u1ee7 t\u1ecbch T\u1eadp \u0111o\u00e0n V\u01af\u1ee2NG GROUP \u00f4ng L\u00ea V\u0103n V\u01b0\u1ee3ng, \u0111\u01b0\u1ee3c bi\u1ebft \u0111\u1ebfn nh\u01b0 m\u1ed9t trong nh\u1eefng doanh nh\u00e2n c\u00f3 nhi\u1ec1u c\u1ed1ng hi\u1ebfn n\u1ed5i b\u1eadt trong l\u0129nh v\u1ef1c kinh t\u1ebf ph\u00e1t tri\u1ec3n t\u1ea1i Vi\u1ec7t Nam. V\u1edbi t\u1ea7m nh\u00ecn chi\u1ebfn l\u01b0\u1ee3c v\u00e0 tinh th\u1ea7n ti\u00ean phong, \u00f4ng \u0111\u00e3 d\u1eabn d\u1eaft T\u1eadp \u0111o\u00e0n V\u01af\u1ee2NG GROUP m\u1edf r\u1ed9ng th\u00e0nh c\u00f4ng \u1edf nhi\u1ec1u ng\u00e0nh ngh\u1ec1 quan tr\u1ecdng c\u1ee7a x\u00e3 h\u1ed9i, \u0111\u00f3ng g\u00f3p thi\u1ebft th\u1ef1c v\u00e0o s\u1ef1 ph\u00e1t tri\u1ec3n chung c\u1ee7a \u0111\u1ea5t n\u01b0\u1edbc. Mang trong m\u00ecnh ph\u01b0\u01a1ng ch\u00e2m \u201c\u0110\u1ed3ng h\u00e0nh c\u00f9ng ph\u00e1t tri\u1ec3n\u201d v\u00e0 \u201cN\u00e2ng t\u1ea7m th\u01b0\u01a1ng hi\u1ec7u Vi\u1ec7t\u201d, \u00f4ng L\u00ea V\u0103n V\u01b0\u1ee3ng kh\u00f4ng ch\u1ec9 x\u00e2y d\u1ef1ng doanh nghi\u1ec7p b\u1eb1ng T\u00e2m \u2013 T\u1ea7m \u2013 T\u00e0i, m\u00e0 c\u00f2n truy\u1ec1n c\u1ea3m h\u1ee9ng m\u1ea1nh m\u1ebd \u0111\u1ebfn th\u1ebf h\u1ec7 tr\u1ebb &#8211; nh\u1eefng ng\u01b0\u1eddi \u0111ang n\u1ed7 l\u1ef1c m\u1ed7i ng\u00e0y v\u00ec kh\u00e1t v\u1ecdng \u0111\u1ed5i m\u1edbi.<br \/>\n\u00d4ng sinh ra t\u1ea1i \u0110\u1ed3ng Nai, n\u01a1i m\u00e0 Ba \u00f4ng t\u1eebng l\u00e0 Tr\u1ea1m Tr\u01b0\u1edfng \u0110\u1ed9i Khai Hoang C\u01a1 gi\u1edbi thu\u1ed9c N\u00f4ng Tr\u01b0\u1eddng Qu\u1ed1c Doanh S\u00f4ng Ray \u0111\u1ea7u ti\u00ean c\u1ee7a T\u1ec9nh \u0110\u1ed3ng Nai n\u0103m 1976.<br \/>\n\u00d4ng l\u1edbn l\u00ean trong m\u1ed9t gia \u0111\u00ecnh c\u00f3 truy\u1ec1n th\u1ed1ng C\u00e1ch M\u1ea1ng n\u00ean \u0111\u00e3 s\u1edbm hi\u1ec3u r\u00f5 gi\u00e1 tr\u1ecb c\u1ee7a s\u1ef1 c\u1ed1 g\u1eafng v\u00e0 tinh th\u1ea7n v\u01b0\u1ee3t kh\u00f3. Nh\u1eefng n\u0103m th\u00e1ng tu\u1ed5i tr\u1ebb nhi\u1ec1u th\u1eed th\u00e1ch kh\u00f4ng l\u00e0m \u00f4ng ch\u00f9n b\u01b0\u1edbc, ng\u01b0\u1ee3c l\u1ea1i \u0111i\u1ec1u \u0111\u00f3 l\u1ea1i tr\u1edf th\u00e0nh \u0111\u1ed9ng l\u1ef1c \u0111\u1ec3 \u00f4ng ki\u00ean \u0111\u1ecbnh theo \u0111u\u1ed5i con \u0111\u01b0\u1eddng kinh doanh. B\u1eb1ng \u00fd ch\u00ed, s\u1ef1 quy\u1ebft t\u00e2m v\u00e0 t\u1ea7m nh\u00ecn kh\u00e1c bi\u1ec7t, \u00f4ng t\u1eebng b\u01b0\u1edbc x\u00e2y d\u1ef1ng n\u1ec1n m\u00f3ng \u0111\u1ea7u ti\u00ean cho h\u00e0nh tr\u00ecnh kh\u1edfi nghi\u1ec7p c\u1ee7a m\u00ecnh.<\/p>\n<p>T\u1eeb s\u1ed1 v\u1ed1n \u00edt \u1ecfi v\u00e0 ch\u00fat kinh nghi\u1ec7m trong ng\u00e0nh logistics, th\u00e1ng 4 n\u0103m 2013 \u00f4ng quy\u1ebft \u0111\u1ecbnh th\u00e0nh l\u1eadp c\u00f4ng ty D\u01b0\u01a1ng Thi\u00ean Long Express &amp; Logistics ho\u1ea1t \u0111\u1ed9ng l\u0129nh v\u1ef1c giao nh\u1eadn h\u00e0ng ho\u00e1 trong n\u01b0\u1edbc v\u00e0 Qu\u1ed1c t\u1ebf.<br \/>\nV\u1edbi s\u1ef1 c\u1ed1 g\u1eafng kh\u00f4ng ng\u1eebng sau m\u1ed9t n\u0103m, v\u00e0o th\u00e1ng 11 n\u0103m 2014 \u00f4ng quy\u1ebft \u0111\u1ecbnh th\u00e0nh l\u1eadp c\u00f4ng ty th\u1ee9 2 mang t\u00ean D\u01b0\u01a1ng Thi\u00ean \u00c2n ho\u1ea1t \u0111\u1ed9ng trong l\u0129nh v\u1ef1c C\u00e0 ph\u00ea v\u00e0 th\u01b0\u01a1ng m\u1ea1i d\u1ecbch v\u1ee5.<br \/>\nMang trong m\u00ecnh kh\u00e1t v\u1ecdng xu\u1ea5t kh\u1ea9u h\u00e0ng Vi\u1ec7t Nam ra n\u01b0\u1edbc ngo\u00e0i c\u00f9ng l\u1ee3i th\u1ebf c\u1ee7a c\u00f4ng ty D\u01b0\u01a1ng Thi\u00ean Long Express &amp; Logistics v\u01b0\u1ee3t qua m\u1ecdi kh\u00f3 kh\u0103n v\u1ec1 Ph\u00e1p l\u00fd, r\u00e0o c\u1ea3ng v\u1ec1 v\u0103n ho\u00e1 v\u00e0 th\u1ecb tr\u01b0\u1eddng m\u1edbi l\u1ea1 th\u00e1ng 11 n\u0103m 2017 v\u1edbi l\u00f2ng quy\u1ebft t\u00e2m kh\u00f4ng ng\u1eebng ngh\u1ec9 \u00f4ng \u0111\u00e3 th\u00e0nh l\u1eadp c\u00f4ng ty DTL Express &amp; Logistics t\u1ea1i Malaysia ho\u1ea1t \u0111\u1ed9ng trong l\u1ec9nh v\u1ef1c d\u1ecbch v\u1ee5 xu\u1ea5t nh\u1eadp kh\u1ea9u v\u00e0 logistics.<\/p>\n<p>Kh\u00f4ng ng\u1eebng m\u1edf r\u1ed9ng m\u1ed1i quan h\u1ec7, ho\u00e0n thi\u1ec7n t\u01b0 duy l\u00e3nh \u0111\u1ea1o \u0111\u1ec3 d\u1eabn d\u1eaft \u0111\u1ed9i ng\u0169, T\u1eacP \u0110O\u00c0N V\u01af\u1ee2NG GROUP ra \u0111\u1eddi ch\u00ednh l\u00e0 Th\u00e0nh qu\u1ea3 c\u1ee7a h\u00e0nh tr\u00ecnh n\u1ed5 l\u1ef1c \u1ea5y &#8211; ti\u1ec1n th\u00e2n t\u1eeb c\u00f4ng ty DTA Global, \u0111\u01b0\u1ee3c th\u00e0nh l\u1eadp n\u0103m 2014, v\u1edbi m\u1ee5c ti\u00eau mang l\u1ea1i gi\u00e1 tr\u1ecb cho ng\u00e0nh s\u1ea3n xu\u1ea5t, d\u1ecbch v\u1ee5 v\u00e0 th\u01b0\u01a1ng m\u1ea1i. T\u1eeb n\u0103m 2013 \u0111\u1ebfn n\u0103m 2025 Vgroup \u0111\u00e3 ph\u00e1t tri\u1ec3n \u0111\u01b0\u1ee3c 8 c\u00f4ng ty th\u00e0nh vi\u00ean v\u00e0 1 th\u01b0\u01a1ng hi\u1ec7u g\u1ed3m:<br \/>\n1\/ C\u00f4ng ty: DTL Express &amp; Logistics: d\u1ecbch v\u1ee5 v\u1eadn chuy\u1ec3n h\u00e0ng ho\u00e1 Trong n\u01b0\u1edbc v\u00e0 Qu\u1ed1c t\u1ebf, th\u1ee7 t\u1ee5c h\u1ea3i quan.<br \/>\n2\/ C\u00f4ng ty Vbeer Vi\u1ec7t Nam: S\u1ea3n xu\u1ea5t v\u00e0 kinh doanh Bia Vi\u1ec7t Nam xu\u1ea5t kh\u1ea9u.<br \/>\n3\/ C\u00f4ng ty Vgroup Coffee &amp; Tea : S\u1ea3n xu\u1ea5t v\u00e0 kinh doanh Cafe v\u00e0 Tr\u00e0 Vi\u1ec7t Nam xu\u1ea5t kh\u1ea9u.<br \/>\n4\/ VTM Global t\u1ea1i Malaysia: Th\u01b0\u01a1ng m\u1ea1i v\u00e0 d\u1ecbch v\u1ee5.<br \/>\n5\/ K\u1ef9 ngh\u1ec7 s\u1eaft Vmetal: Kinh doanh, s\u1ea3n xu\u1ea5t v\u00e0 thi c\u00f4ng c\u00f4ng tr\u00ecnh nh\u00e0 x\u01b0\u1edfng, th\u00e9p ti\u1ec1n ch\u1ebf.<br \/>\n6\/ C\u00f4ng ty Truy\u1ec1n th\u00f4ng VGM Marketing: \u0110\u00e0o t\u1ea1o v\u00e0 truy\u1ec1n th\u00f4ng Marketing<br \/>\n7\/ Th\u01b0\u01a1ng hi\u1ec7u Vgroup Construction: Thi\u1ebft k\u1ebf &#8211; Gi\u00e1m s\u00e1t v\u00e0 Thi c\u00f4ng x\u00e2y d\u1ef1ng.<br \/>\n8\/ C\u00f4ng ty VGL Vinamex: D\u1ecbch v\u1ee5, th\u01b0\u01a1ng m\u1ea1i, xu\u1ea5t nh\u1eadp kh\u1ea9u, b\u00e1n bu\u00f4n, b\u00e1n l\u1ebb.<br \/>\n9\/ C\u00f4ng ty VGP Packing Solutions : S\u1ea3n xu\u1ea5t bao b\u00ec v\u00e0 in \u1ea5n qu\u1ea3ng c\u00e1o.<\/p>\n<\/div>\n<\/div>\n<\/div>\n<\/div>\n<\/div>\n<\/div>\n<\/div>\n<div class=\"message-reaction-v2-space\">H\u00e0nh tr\u00ecnh t\u1eeb nh\u1eefng b\u01b0\u1edbc ti\u1ebfn t\u1eeb m\u1ed9t thanh ni\u00ean v\u01b0\u1ee3t kh\u00f3 \u0111\u1ebfn v\u1ecb tr\u00ed Ch\u1ee7 t\u1ecbch T\u1eadp \u0111o\u00e0n VGROUP l\u00e0 \u0111\u1ed9ng l\u1ef1c th\u1ef1c t\u1ebf cho s\u1ee9c m\u1ea1nh c\u1ee7a \u00fd ch\u00ed, t\u1ea7m nh\u00ecn c\u1ee7a \u00f4ng L\u00ea V\u0103n V\u01b0\u1ee3ng. V\u1edbi ph\u01b0\u01a1ng ch\u00e2m: \u201c\u0110\u1ed3ng h\u00e0nh c\u00f9ng ph\u00e1t tri\u1ec3n\u201d v\u00e0 \u201cN\u00e2ng t\u1ea7m th\u01b0\u01a1ng hi\u1ec7u Vi\u1ec7t\u201d \u00f4ng L\u00ea V\u0103n V\u01b0\u1ee3ng \u0111\u00e3 x\u00e2y d\u1ef1ng m\u1ed9t h\u1ec7 sinh th\u00e1i \u0111a ng\u00e0nh v\u1eefng m\u1ea1nh, mang s\u1ea3n ph\u1ea9m Vi\u1ec7t v\u01b0\u01a1n ra th\u1ebf gi\u1edbi, \u0111\u1ed3ng th\u1eddi t\u1ea1o gi\u00e1 tr\u1ecb b\u1ec1n v\u1eefng cho c\u1ed9ng \u0111\u1ed3ng.<\/p>\n<p>\u00d4ng kh\u00f4ng ch\u1ec9 l\u00e0 doanh nh\u00e2n th\u00e0nh c\u00f4ng b\u1eb1ng T\u00e2m \u2013 T\u1ea7m \u2013 T\u00e0i, m\u00e0 c\u00f2n l\u00e0 ngu\u1ed3n c\u1ea3m h\u1ee9ng l\u1edbn lao cho th\u1ebf h\u1ec7 tr\u1ebb, d\u00e1m \u01b0\u1edbc m\u01a1 l\u1edbn, v\u01b0\u1ee3t qua ngh\u1ecbch c\u1ea3nh, c\u1ed1ng hi\u1ebfn h\u1ebft m\u00ecnh v\u00ec m\u1ed9t Vi\u1ec7t Nam h\u00f9ng c\u01b0\u1eddng, r\u1ef1c r\u1ee1 h\u01a1n bao gi\u1edd h\u1ebft.<\/p>\n<\/div>\n<\/div>\n<\/div>\n<\/div>\n<\/div>\n<\/div>\n<\/div>\n<\/div>\n<\/div>\n<\/div>\n<\/div>\n<div class=\"floating-menu-wrapper floating-menu-wrapper--other\">\n<div>T\u00ecm hi\u1ec3u th\u00eam qua b\u00e0i vi\u1ebft:\u00a0<a href=\"https:\/\/levanvuong.vn\/index.php\/2025\/12\/04\/le-van-vuong-84\/\">L\u00ea V\u0103n V\u01b0\u1ee3ng \u2013 Ch\u1ee7 t\u1ecbch t\u1eadp \u0111o\u00e0n VGROUP<\/a><\/div>\n<\/div>\n<p>&nbsp;<\/p>\n","protected":false},"excerpt":{"rendered":"<p>&nbsp; Ch\u1ee7 t\u1ecbch T\u1eadp \u0111o\u00e0n V\u01af\u1ee2NG GROUP \u00f4ng L\u00ea V\u0103n V\u01b0\u1ee3ng, \u0111\u01b0\u1ee3c bi\u1ebft \u0111\u1ebfn nh\u01b0 m\u1ed9t trong nh\u1eefng doanh nh\u00e2n c\u00f3 nhi\u1ec1u c\u1ed1ng hi\u1ebfn n\u1ed5i b\u1eadt trong l\u0129nh v\u1ef1c kinh t\u1ebf ph\u00e1t tri\u1ec3n t\u1ea1i Vi\u1ec7t Nam. V\u1edbi t\u1ea7m nh\u00ecn chi\u1ebfn l\u01b0\u1ee3c v\u00e0 tinh th\u1ea7n ti\u00ean phong, \u00f4ng \u0111\u00e3 d\u1eabn d\u1eaft T\u1eadp \u0111o\u00e0n V\u01af\u1ee2NG GROUP m\u1edf [&#8230;]\n","protected":false},"author":1,"featured_media":0,"parent":0,"menu_order":0,"comment_status":"closed","ping_status":"closed","template":"","meta":{"om_disable_all_campaigns":false,"_monsterinsights_skip_tracking":false,"_monsterinsights_sitenote_active":false,"_monsterinsights_sitenote_note":"","_monsterinsights_sitenote_category":0,"footnotes":""},"class_list":["post-75","page","type-page","status-publish","hentry"],"aioseo_notices":[],"yoast_head":"<!-- This site is optimized with the Yoast SEO plugin v26.9 - https:\/\/yoast.com\/product\/yoast-seo-wordpress\/ -->\r\n<title>GI\u1edaI THI\u1ec6U - T\u1eadp \u0111o\u00e0n V\u01b0\u1ee3ng Group<\/title>\r\n<meta name=\"robots\" content=\"index, follow, max-snippet:-1, max-image-preview:large, max-video-preview:-1\" \/>\r\n<link rel=\"canonical\" href=\"https:\/\/vuonggroup.vn\/index.php\/gioi-thieu\/\" \/>\r\n<meta property=\"og:locale\" content=\"vi_VN\" \/>\r\n<meta property=\"og:type\" content=\"article\" \/>\r\n<meta property=\"og:title\" content=\"GI\u1edaI THI\u1ec6U - T\u1eadp \u0111o\u00e0n V\u01b0\u1ee3ng Group\" \/>\r\n<meta property=\"og:description\" content=\"&nbsp; Ch\u1ee7 t\u1ecbch T\u1eadp \u0111o\u00e0n V\u01af\u1ee2NG GROUP \u00f4ng L\u00ea V\u0103n V\u01b0\u1ee3ng, \u0111\u01b0\u1ee3c bi\u1ebft \u0111\u1ebfn nh\u01b0 m\u1ed9t trong nh\u1eefng doanh nh\u00e2n c\u00f3 nhi\u1ec1u c\u1ed1ng hi\u1ebfn n\u1ed5i b\u1eadt trong l\u0129nh v\u1ef1c kinh t\u1ebf ph\u00e1t tri\u1ec3n t\u1ea1i Vi\u1ec7t Nam. V\u1edbi t\u1ea7m nh\u00ecn chi\u1ebfn l\u01b0\u1ee3c v\u00e0 tinh th\u1ea7n ti\u00ean phong, \u00f4ng \u0111\u00e3 d\u1eabn d\u1eaft T\u1eadp \u0111o\u00e0n V\u01af\u1ee2NG GROUP m\u1edf [...]\" \/>\r\n<meta property=\"og:url\" content=\"https:\/\/vuonggroup.vn\/index.php\/gioi-thieu\/\" \/>\r\n<meta property=\"og:site_name\" content=\"T\u1eadp \u0111o\u00e0n V\u01b0\u1ee3ng Group\" \/>\r\n<meta property=\"article:publisher\" content=\"https:\/\/www.facebook.com\/profile.php?id=61585355376511\" \/>\r\n<meta property=\"article:modified_time\" content=\"2025-12-20T09:53:33+00:00\" \/>\r\n<meta property=\"og:image\" content=\"https:\/\/vuonggroup.vn\/wp-content\/uploads\/2025\/12\/DD-scaled.png\" \/>\r\n\t<meta property=\"og:image:width\" content=\"2560\" \/>\r\n\t<meta property=\"og:image:height\" content=\"402\" \/>\r\n\t<meta property=\"og:image:type\" content=\"image\/png\" \/>\r\n<meta name=\"twitter:card\" content=\"summary_large_image\" \/>\r\n<meta name=\"twitter:label1\" content=\"\u01af\u1edbc t\u00ednh th\u1eddi gian \u0111\u1ecdc\" \/>\n\t<meta name=\"twitter:data1\" content=\"7 ph\u00fat\" \/>\r\n<script type=\"application\/ld+json\" class=\"yoast-schema-graph\">{\"@context\":\"https:\/\/schema.org\",\"@graph\":[{\"@type\":\"WebPage\",\"@id\":\"https:\/\/vuonggroup.vn\/index.php\/gioi-thieu\/\",\"url\":\"https:\/\/vuonggroup.vn\/index.php\/gioi-thieu\/\",\"name\":\"GI\u1edaI THI\u1ec6U - T\u1eadp \u0111o\u00e0n V\u01b0\u1ee3ng Group\",\"isPartOf\":{\"@id\":\"https:\/\/vuonggroup.vn\/#website\"},\"primaryImageOfPage\":{\"@id\":\"https:\/\/vuonggroup.vn\/index.php\/gioi-thieu\/#primaryimage\"},\"image\":{\"@id\":\"https:\/\/vuonggroup.vn\/index.php\/gioi-thieu\/#primaryimage\"},\"thumbnailUrl\":\"https:\/\/vuonggroup.vn\/wp-content\/uploads\/2025\/12\/DD-scaled.png\",\"datePublished\":\"2025-10-06T06:33:23+00:00\",\"dateModified\":\"2025-12-20T09:53:33+00:00\",\"breadcrumb\":{\"@id\":\"https:\/\/vuonggroup.vn\/index.php\/gioi-thieu\/#breadcrumb\"},\"inLanguage\":\"vi\",\"potentialAction\":[{\"@type\":\"ReadAction\",\"target\":[\"https:\/\/vuonggroup.vn\/index.php\/gioi-thieu\/\"]}]},{\"@type\":\"ImageObject\",\"inLanguage\":\"vi\",\"@id\":\"https:\/\/vuonggroup.vn\/index.php\/gioi-thieu\/#primaryimage\",\"url\":\"https:\/\/vuonggroup.vn\/wp-content\/uploads\/2025\/12\/DD-scaled.png\",\"contentUrl\":\"https:\/\/vuonggroup.vn\/wp-content\/uploads\/2025\/12\/DD-scaled.png\",\"width\":2560,\"height\":402},{\"@type\":\"BreadcrumbList\",\"@id\":\"https:\/\/vuonggroup.vn\/index.php\/gioi-thieu\/#breadcrumb\",\"itemListElement\":[{\"@type\":\"ListItem\",\"position\":1,\"name\":\"Trang ch\u1ee7\",\"item\":\"https:\/\/vuonggroup.vn\/\"},{\"@type\":\"ListItem\",\"position\":2,\"name\":\"GI\u1edaI THI\u1ec6U\"}]},{\"@type\":\"WebSite\",\"@id\":\"https:\/\/vuonggroup.vn\/#website\",\"url\":\"https:\/\/vuonggroup.vn\/\",\"name\":\"T\u1eadp \u0111o\u00e0n V\u01b0\u1ee3ng Group\",\"description\":\"\",\"publisher\":{\"@id\":\"https:\/\/vuonggroup.vn\/#organization\"},\"potentialAction\":[{\"@type\":\"SearchAction\",\"target\":{\"@type\":\"EntryPoint\",\"urlTemplate\":\"https:\/\/vuonggroup.vn\/?s={search_term_string}\"},\"query-input\":{\"@type\":\"PropertyValueSpecification\",\"valueRequired\":true,\"valueName\":\"search_term_string\"}}],\"inLanguage\":\"vi\"},{\"@type\":\"Organization\",\"@id\":\"https:\/\/vuonggroup.vn\/#organization\",\"name\":\"T\u1eadp \u0111o\u00e0n V\u01b0\u1ee3ng Group\",\"url\":\"https:\/\/vuonggroup.vn\/\",\"logo\":{\"@type\":\"ImageObject\",\"inLanguage\":\"vi\",\"@id\":\"https:\/\/vuonggroup.vn\/#\/schema\/logo\/image\/\",\"url\":\"https:\/\/vuonggroup.vn\/wp-content\/uploads\/2025\/12\/Logo-Vuonggroup-file-PNG.png\",\"contentUrl\":\"https:\/\/vuonggroup.vn\/wp-content\/uploads\/2025\/12\/Logo-Vuonggroup-file-PNG.png\",\"width\":2000,\"height\":2000,\"caption\":\"T\u1eadp \u0111o\u00e0n V\u01b0\u1ee3ng Group\"},\"image\":{\"@id\":\"https:\/\/vuonggroup.vn\/#\/schema\/logo\/image\/\"},\"sameAs\":[\"https:\/\/www.facebook.com\/profile.php?id=61585355376511\"]}]}<\/script>\r\n<!-- \/ Yoast SEO plugin. -->","yoast_head_json":{"title":"GI\u1edaI THI\u1ec6U - T\u1eadp \u0111o\u00e0n V\u01b0\u1ee3ng Group","robots":{"index":"index","follow":"follow","max-snippet":"max-snippet:-1","max-image-preview":"max-image-preview:large","max-video-preview":"max-video-preview:-1"},"canonical":"https:\/\/vuonggroup.vn\/index.php\/gioi-thieu\/","og_locale":"vi_VN","og_type":"article","og_title":"GI\u1edaI THI\u1ec6U - T\u1eadp \u0111o\u00e0n V\u01b0\u1ee3ng Group","og_description":"&nbsp; Ch\u1ee7 t\u1ecbch T\u1eadp \u0111o\u00e0n V\u01af\u1ee2NG GROUP \u00f4ng L\u00ea V\u0103n V\u01b0\u1ee3ng, \u0111\u01b0\u1ee3c bi\u1ebft \u0111\u1ebfn nh\u01b0 m\u1ed9t trong nh\u1eefng doanh nh\u00e2n c\u00f3 nhi\u1ec1u c\u1ed1ng hi\u1ebfn n\u1ed5i b\u1eadt trong l\u0129nh v\u1ef1c kinh t\u1ebf ph\u00e1t tri\u1ec3n t\u1ea1i Vi\u1ec7t Nam. V\u1edbi t\u1ea7m nh\u00ecn chi\u1ebfn l\u01b0\u1ee3c v\u00e0 tinh th\u1ea7n ti\u00ean phong, \u00f4ng \u0111\u00e3 d\u1eabn d\u1eaft T\u1eadp \u0111o\u00e0n V\u01af\u1ee2NG GROUP m\u1edf [...]","og_url":"https:\/\/vuonggroup.vn\/index.php\/gioi-thieu\/","og_site_name":"T\u1eadp \u0111o\u00e0n V\u01b0\u1ee3ng Group","article_publisher":"https:\/\/www.facebook.com\/profile.php?id=61585355376511","article_modified_time":"2025-12-20T09:53:33+00:00","og_image":[{"width":2560,"height":402,"url":"https:\/\/vuonggroup.vn\/wp-content\/uploads\/2025\/12\/DD-scaled.png","type":"image\/png"}],"twitter_card":"summary_large_image","twitter_misc":{"\u01af\u1edbc t\u00ednh th\u1eddi gian \u0111\u1ecdc":"7 ph\u00fat"},"schema":{"@context":"https:\/\/schema.org","@graph":[{"@type":"WebPage","@id":"https:\/\/vuonggroup.vn\/index.php\/gioi-thieu\/","url":"https:\/\/vuonggroup.vn\/index.php\/gioi-thieu\/","name":"GI\u1edaI THI\u1ec6U - T\u1eadp \u0111o\u00e0n V\u01b0\u1ee3ng Group","isPartOf":{"@id":"https:\/\/vuonggroup.vn\/#website"},"primaryImageOfPage":{"@id":"https:\/\/vuonggroup.vn\/index.php\/gioi-thieu\/#primaryimage"},"image":{"@id":"https:\/\/vuonggroup.vn\/index.php\/gioi-thieu\/#primaryimage"},"thumbnailUrl":"https:\/\/vuonggroup.vn\/wp-content\/uploads\/2025\/12\/DD-scaled.png","datePublished":"2025-10-06T06:33:23+00:00","dateModified":"2025-12-20T09:53:33+00:00","breadcrumb":{"@id":"https:\/\/vuonggroup.vn\/index.php\/gioi-thieu\/#breadcrumb"},"inLanguage":"vi","potentialAction":[{"@type":"ReadAction","target":["https:\/\/vuonggroup.vn\/index.php\/gioi-thieu\/"]}]},{"@type":"ImageObject","inLanguage":"vi","@id":"https:\/\/vuonggroup.vn\/index.php\/gioi-thieu\/#primaryimage","url":"https:\/\/vuonggroup.vn\/wp-content\/uploads\/2025\/12\/DD-scaled.png","contentUrl":"https:\/\/vuonggroup.vn\/wp-content\/uploads\/2025\/12\/DD-scaled.png","width":2560,"height":402},{"@type":"BreadcrumbList","@id":"https:\/\/vuonggroup.vn\/index.php\/gioi-thieu\/#breadcrumb","itemListElement":[{"@type":"ListItem","position":1,"name":"Trang ch\u1ee7","item":"https:\/\/vuonggroup.vn\/"},{"@type":"ListItem","position":2,"name":"GI\u1edaI THI\u1ec6U"}]},{"@type":"WebSite","@id":"https:\/\/vuonggroup.vn\/#website","url":"https:\/\/vuonggroup.vn\/","name":"T\u1eadp \u0111o\u00e0n V\u01b0\u1ee3ng Group","description":"","publisher":{"@id":"https:\/\/vuonggroup.vn\/#organization"},"potentialAction":[{"@type":"SearchAction","target":{"@type":"EntryPoint","urlTemplate":"https:\/\/vuonggroup.vn\/?s={search_term_string}"},"query-input":{"@type":"PropertyValueSpecification","valueRequired":true,"valueName":"search_term_string"}}],"inLanguage":"vi"},{"@type":"Organization","@id":"https:\/\/vuonggroup.vn\/#organization","name":"T\u1eadp \u0111o\u00e0n V\u01b0\u1ee3ng Group","url":"https:\/\/vuonggroup.vn\/","logo":{"@type":"ImageObject","inLanguage":"vi","@id":"https:\/\/vuonggroup.vn\/#\/schema\/logo\/image\/","url":"https:\/\/vuonggroup.vn\/wp-content\/uploads\/2025\/12\/Logo-Vuonggroup-file-PNG.png","contentUrl":"https:\/\/vuonggroup.vn\/wp-content\/uploads\/2025\/12\/Logo-Vuonggroup-file-PNG.png","width":2000,"height":2000,"caption":"T\u1eadp \u0111o\u00e0n V\u01b0\u1ee3ng Group"},"image":{"@id":"https:\/\/vuonggroup.vn\/#\/schema\/logo\/image\/"},"sameAs":["https:\/\/www.facebook.com\/profile.php?id=61585355376511"]}]}},"_links":{"self":[{"href":"https:\/\/vuonggroup.vn\/index.php\/wp-json\/wp\/v2\/pages\/75","targetHints":{"allow":["GET"]}}],"collection":[{"href":"https:\/\/vuonggroup.vn\/index.php\/wp-json\/wp\/v2\/pages"}],"about":[{"href":"https:\/\/vuonggroup.vn\/index.php\/wp-json\/wp\/v2\/types\/page"}],"author":[{"embeddable":true,"href":"https:\/\/vuonggroup.vn\/index.php\/wp-json\/wp\/v2\/users\/1"}],"replies":[{"embeddable":true,"href":"https:\/\/vuonggroup.vn\/index.php\/wp-json\/wp\/v2\/comments?post=75"}],"version-history":[{"count":21,"href":"https:\/\/vuonggroup.vn\/index.php\/wp-json\/wp\/v2\/pages\/75\/revisions"}],"predecessor-version":[{"id":380,"href":"https:\/\/vuonggroup.vn\/index.php\/wp-json\/wp\/v2\/pages\/75\/revisions\/380"}],"wp:attachment":[{"href":"https:\/\/vuonggroup.vn\/index.php\/wp-json\/wp\/v2\/media?parent=75"}],"curies":[{"name":"wp","href":"https:\/\/api.w.org\/{rel}","templated":true}]}}