{"id":51,"date":"2025-10-06T11:55:06","date_gmt":"2025-10-06T04:55:06","guid":{"rendered":"https:\/\/vuonggroup.vn\/?page_id=51"},"modified":"2026-01-12T09:09:57","modified_gmt":"2026-01-12T02:09:57","slug":"vgm-marketing-solutions-2026","status":"publish","type":"page","link":"https:\/\/vuonggroup.vn\/index.php\/vgm-marketing-solutions-2026\/","title":{"rendered":"VGM MARKETING SOLUTIONS"},"content":{"rendered":"<p><b>GI\u1edaI THI\u1ec6U C\u00d4NG TY TRUY\u1ec0N TH\u00d4NG VGM MARKETING<\/b><\/p>\n<p><span style=\"font-weight: 400;\"><img decoding=\"async\" src=\"https:\/\/vmediamaster.vn\/wp-content\/uploads\/2025\/12\/ve-chung-toi-loi-mo-dau.jpg\" \/><br \/>\n\u0110\u00e0o t\u1ea1o &amp; Truy\u1ec1n th\u00f4ng Marketing &#8211; Gi\u1ea3i ph\u00e1p ph\u00e1t tri\u1ec3n th\u01b0\u01a1ng hi\u1ec7u b\u1ec1n v\u1eefng<\/span><\/p>\n<p><span style=\"font-weight: 400;\">Trong k\u1ef7 nguy\u00ean s\u1ed1, Marketing kh\u00f4ng c\u00f2n l\u00e0 ho\u1ea1t \u0111\u1ed9ng h\u1ed7 tr\u1ee3, m\u00e0 \u0111\u00e3 tr\u1edf th\u00e0nh y\u1ebfu t\u1ed1 c\u1ed1t l\u00f5i quy\u1ebft \u0111\u1ecbnh t\u0103ng tr\u01b0\u1edfng v\u00e0 s\u1ee9c c\u1ea1nh tranh c\u1ee7a doanh nghi\u1ec7p. S\u1ef1 b\u00f9ng n\u1ed5 c\u1ee7a n\u1ec1n t\u1ea3ng s\u1ed1, m\u1ea1ng x\u00e3 h\u1ed9i v\u00e0 tr\u00ed tu\u1ec7 nh\u00e2n t\u1ea1o \u0111\u00f2i h\u1ecfi doanh nghi\u1ec7p kh\u00f4ng ch\u1ec9 l\u00e0m Marketing, m\u00e0 ph\u1ea3i l\u00e0m \u0111\u00fang &#8211; l\u00e0m b\u00e0i b\u1ea3n &#8211; l\u00e0m b\u1ec1n v\u1eefng.<\/span><\/p>\n<p><span style=\"font-weight: 400;\">C\u00f4ng ty Truy\u1ec1n th\u00f4ng VGM Marketing ra \u0111\u1eddi v\u1edbi s\u1ee9 m\u1ec7nh \u0111\u00e0o t\u1ea1o v\u00e0 cung c\u1ea5p gi\u1ea3i ph\u00e1p Marketing th\u1ef1c chi\u1ebfn, gi\u00fap c\u00e1 nh\u00e2n v\u00e0 doanh nghi\u1ec7p hi\u1ec3u \u0111\u00fang &#8211; l\u00e0m \u0111\u00fang &#8211; \u0111o l\u01b0\u1eddng \u0111\u01b0\u1ee3c hi\u1ec7u qu\u1ea3 Marketing, t\u1eeb \u0111\u00f3 x\u00e2y d\u1ef1ng th\u01b0\u01a1ng hi\u1ec7u m\u1ea1nh v\u00e0 t\u0103ng tr\u01b0\u1edfng d\u00e0i h\u1ea1n.<\/span><\/p>\n<h2><b>Gi\u1edbi thi\u1ec7u chung v\u1ec1 C\u00f4ng ty Truy\u1ec1n th\u00f4ng VGM Marketing<\/b><\/h2>\n<p><span style=\"font-weight: 400;\">VGM Marketing ho\u1ea1t \u0111\u1ed9ng chuy\u00ean s\u00e2u trong l\u0129nh v\u1ef1c \u0111\u00e0o t\u1ea1o Marketing v\u00e0 truy\u1ec1n th\u00f4ng th\u01b0\u01a1ng hi\u1ec7u, cung c\u1ea5p c\u00e1c gi\u1ea3i ph\u00e1p to\u00e0n di\u1ec7n t\u1eeb ki\u1ebfn th\u1ee9c n\u1ec1n t\u1ea3ng \u0111\u1ebfn tri\u1ec3n khai th\u1ef1c t\u1ebf. C\u00e1c l\u0129nh v\u1ef1c ch\u00ednh bao g\u1ed3m:<\/span><\/p>\n<ul>\n<li style=\"font-weight: 400;\" aria-level=\"1\"><span style=\"font-weight: 400;\">\ud83d\udcda \u0110\u00e0o t\u1ea1o Marketing (Digital Marketing, Content Marketing, Branding, SEO, qu\u1ea3ng c\u00e1o \u0111a k\u00eanh)<\/span><\/li>\n<li style=\"font-weight: 400;\" aria-level=\"1\"><span style=\"font-weight: 400;\">\ud83d\udce3 Truy\u1ec1n th\u00f4ng &amp; x\u00e2y d\u1ef1ng th\u01b0\u01a1ng hi\u1ec7u cho doanh nghi\u1ec7p<\/span><\/li>\n<li style=\"font-weight: 400;\" aria-level=\"1\"><span style=\"font-weight: 400;\">\ud83e\udde0 T\u01b0 v\u1ea5n chi\u1ebfn l\u01b0\u1ee3c Marketing &amp; truy\u1ec1n th\u00f4ng<\/span><\/li>\n<li style=\"font-weight: 400;\" aria-level=\"1\"><span style=\"font-weight: 400;\">\ud83d\udcbb Gi\u1ea3i ph\u00e1p marketing \u1ee9ng d\u1ee5ng c\u00f4ng ngh\u1ec7 v\u00e0 d\u1eef li\u1ec7u<\/span><\/li>\n<\/ul>\n<p><span style=\"font-weight: 400;\">VGM Marketing s\u1edf h\u1eefu \u0111\u1ed9i ng\u0169 chuy\u00ean gia c\u00f3 kinh nghi\u1ec7m th\u1ef1c ti\u1ec5n trong nhi\u1ec1u ng\u00e0nh ngh\u1ec1, gi\u00fap h\u1ecdc vi\u00ean v\u00e0 doanh nghi\u1ec7p \u00e1p d\u1ee5ng hi\u1ec7u qu\u1ea3 ki\u1ebfn th\u1ee9c v\u00e0o ho\u1ea1t \u0111\u1ed9ng kinh doanh th\u1ef1c t\u1ebf.<\/span><\/p>\n<h2><b>T\u1ea7m nh\u00ecn &amp; S\u1ee9 m\u1ec7nh &amp; \u0110\u1ecbnh h\u01b0\u1edbng ph\u00e1t tri\u1ec3n c\u1ee7a VGM Marketing<br \/>\n<img decoding=\"async\" src=\"https:\/\/vmediamaster.vn\/wp-content\/uploads\/2025\/12\/su-menh-ve-chung-toi.png\" \/><br \/>\n<\/b><\/h2>\n<h3><b>T\u1ea7m nh\u00ecn<\/b><\/h3>\n<p><span style=\"font-weight: 400;\">VGM Marketing h\u01b0\u1edbng \u0111\u1ebfn:<\/span><\/p>\n<p><span style=\"font-weight: 400;\">\u201cTr\u1edf th\u00e0nh \u0111\u01a1n v\u1ecb \u0111\u00e0o t\u1ea1o v\u00e0 truy\u1ec1n th\u00f4ng Marketing uy t\u00edn, \u0111\u1ed3ng h\u00e0nh c\u00f9ng s\u1ef1 ph\u00e1t tri\u1ec3n b\u1ec1n v\u1eefng c\u1ee7a doanh nghi\u1ec7p Vi\u1ec7t.\u201d<\/span><\/p>\n<p><b>S\u1ee9 m\u1ec7nh\u00a0<\/b><\/p>\n<p><span style=\"font-weight: 400;\">C\u00f4ng ty Truy\u1ec1n th\u00f4ng VGM Marketing l\u00e0:<\/span><\/p>\n<p><span style=\"font-weight: 400;\">N\u00e2ng cao n\u0103ng l\u1ef1c Marketing &#8211; Lan t\u1ecfa gi\u00e1 tr\u1ecb th\u01b0\u01a1ng hi\u1ec7u &#8211; Th\u00fac \u0111\u1ea9y t\u0103ng tr\u01b0\u1edfng b\u1ec1n v\u1eefng<\/span><\/p>\n<p><b>\u0110\u1ecbnh h\u01b0\u1edbng ph\u00e1t tri\u1ec3n:<\/b><\/p>\n<ul>\n<li style=\"font-weight: 400;\" aria-level=\"1\"><span style=\"font-weight: 400;\">Cung c\u1ea5p ch\u01b0\u01a1ng tr\u00ecnh \u0111\u00e0o t\u1ea1o th\u1ef1c t\u1ebf, d\u1ec5 \u1ee9ng d\u1ee5ng, c\u1eadp nh\u1eadt xu h\u01b0\u1edbng m\u1edbi<\/span><\/li>\n<li style=\"font-weight: 400;\" aria-level=\"1\"><span style=\"font-weight: 400;\">\u0110\u1ed3ng h\u00e0nh c\u00f9ng doanh nghi\u1ec7p trong vi\u1ec7c x\u00e2y d\u1ef1ng h\u1ec7 th\u1ed1ng marketing b\u00e0i b\u1ea3n<\/span><\/li>\n<li style=\"font-weight: 400;\" aria-level=\"1\"><span style=\"font-weight: 400;\">Gi\u00fap c\u00e1 nh\u00e2n ph\u00e1t tri\u1ec3n ngh\u1ec1 nghi\u1ec7p v\u00e0 t\u01b0 duy marketing hi\u1ec7n \u0111\u1ea1i<\/span><\/li>\n<li style=\"font-weight: 400;\" aria-level=\"1\"><span style=\"font-weight: 400;\">G\u00f3p ph\u1ea7n n\u00e2ng cao ch\u1ea5t l\u01b0\u1ee3ng ngu\u1ed3n nh\u00e2n l\u1ef1c marketing t\u1ea1i Vi\u1ec7t Nam<\/span><\/li>\n<\/ul>\n<h2><b>Ph\u01b0\u01a1ng ph\u00e1p \u0111\u00e0o t\u1ea1o &amp; l\u00e0m Marketing t\u1ea1i VGM<br \/>\n<img decoding=\"async\" src=\"https:\/\/vmediamaster.vn\/wp-content\/uploads\/2025\/12\/lua-chon-ve-chung-toi.png\" \/><br \/>\n<\/b><\/h2>\n<p><span style=\"font-weight: 400;\">VGM Marketing \u00e1p d\u1ee5ng ph\u01b0\u01a1ng ph\u00e1p:<\/span><\/p>\n<ul>\n<li style=\"list-style-type: none;\">\n<ul>\n<li style=\"font-weight: 400;\" aria-level=\"1\"><span style=\"font-weight: 400;\">H\u1ecdc \u0111i \u0111\u00f4i v\u1edbi h\u00e0nh<\/span><\/li>\n<\/ul>\n<\/li>\n<\/ul>\n<ul>\n<li aria-level=\"1\"><span style=\"font-weight: 400;\">Case study th\u1ef1c t\u1ebf<\/span><\/li>\n<\/ul>\n<ul>\n<li aria-level=\"1\"><span style=\"font-weight: 400;\">\u00c1p d\u1ee5ng c\u00f4ng c\u1ee5 &amp; quy tr\u00ecnh chu\u1ea9n<\/span><\/li>\n<\/ul>\n<ul>\n<li aria-level=\"1\"><span style=\"font-weight: 400;\">\u0110o l\u01b0\u1eddng &amp; t\u1ed1i \u01b0u li\u00ean t\u1ee5c<\/span><\/li>\n<\/ul>\n<p><span style=\"font-weight: 400;\">Kh\u00e1ch h\u00e0ng v\u00e0 h\u1ecdc vi\u00ean kh\u00f4ng ch\u1ec9 h\u1ecdc l\u00fd thuy\u1ebft, m\u00e0 c\u00f2n bi\u1ebft c\u00e1ch tri\u1ec3n khai v\u00e0 t\u1ef1 v\u1eadn h\u00e0nh h\u1ec7 th\u1ed1ng Marketing.<\/span><\/p>\n<h2><b>Cam k\u1ebft ch\u1ea5t l\u01b0\u1ee3ng &amp; hi\u1ec7u qu\u1ea3<\/b><\/h2>\n<p><span style=\"font-weight: 400;\">VGM Marketing cam k\u1ebft:<\/span><\/p>\n<ul>\n<li style=\"font-weight: 400;\" aria-level=\"1\"><span style=\"font-weight: 400;\">N\u1ed9i dung \u0111\u00e0o t\u1ea1o c\u1eadp nh\u1eadt &amp; th\u1ef1c t\u1ebf<\/span><\/li>\n<li style=\"font-weight: 400;\" aria-level=\"1\"><span style=\"font-weight: 400;\">Gi\u1ea3i ph\u00e1p Marketing ph\u00f9 h\u1ee3p t\u1eebng m\u00f4 h\u00ecnh<\/span><\/li>\n<li style=\"font-weight: 400;\" aria-level=\"1\"><span style=\"font-weight: 400;\">Minh b\u1ea1ch quy tr\u00ecnh &amp; chi ph\u00ed<\/span><\/li>\n<li style=\"font-weight: 400;\" aria-level=\"1\"><span style=\"font-weight: 400;\">\u0110\u1ed3ng h\u00e0nh c\u00f9ng kh\u00e1ch h\u00e0ng l\u00e2u d\u00e0i<\/span><\/li>\n<\/ul>\n<h2><b>V\u00ec sao n\u00ean ch\u1ecdn VGM Marketing?<\/b><\/h2>\n<ul>\n<li style=\"font-weight: 400;\" aria-level=\"1\"><span style=\"font-weight: 400;\">Ch\u00fang t\u00f4i c\u00f3 \u0111\u1ed9i ng\u0169 nh\u00e2n s\u1ef1 gi\u00e0u kinh nghi\u1ec7m, s\u00e1ng t\u1ea1o content \u0111\u1ed9c \u0111\u00e1o m\u1edbi l\u1ea1 \u0111i \u0111\u1ea7u xu h\u01b0\u1edbng viral.<\/span><\/li>\n<li style=\"font-weight: 400;\" aria-level=\"1\"><span style=\"font-weight: 400;\">VMedia Master h\u1ee3p t\u00e1c truy\u1ec1n th\u00f4ng v\u1edbi nhi\u1ec1u \u0111\u01a1n v\u1ecb qu\u1ea3ng c\u00e1o, \u0111\u00e0i truy\u1ec1n h\u00ecnh, c\u00e1c k\u00eanh b\u00e1o ch\u00ed, c\u00e1c k\u00eanh truy\u1ec1n th\u00f4ng l\u1edbn.<\/span><\/li>\n<li style=\"font-weight: 400;\" aria-level=\"1\"><span style=\"font-weight: 400;\">Ch\u00fang t\u00f4i lu\u00f4n t\u01b0 v\u1ea5n c\u00e1c h\u00ecnh th\u1ee9c qu\u1ea3ng c\u00e1o ph\u00f9 h\u1ee3p v\u1edbi doanh nghi\u1ec7p \u0111\u1ec3 \u0111em l\u1ea1i hi\u1ec7u qu\u1ea3 cao nh\u1ea5t trong chi\u1ebfn d\u1ecbch.<\/span><\/li>\n<li style=\"font-weight: 400;\" aria-level=\"1\"><span style=\"font-weight: 400;\">Ch\u00fang t\u00f4i lu\u00f4n cung c\u1ea5p c\u00e1c d\u1ecbch v\u1ee5 l\u00e0m phim doanh nghi\u1ec7p, s\u1ea3n xu\u1ea5t TVC qu\u1ea3ng c\u00e1o, viral video, booking qu\u1ea3ng c\u00e1o truy\u1ec1n h\u00ecnh, b\u00e1o ch\u00ed, ch\u1ee5p \u1ea3nh qu\u1ea3ng c\u00e1o, digital marketing,\u2026<\/span><\/li>\n<\/ul>\n<h2><b>Gi\u00e1 tr\u1ecb c\u1ed1t l\u00f5i c\u1ee7a C\u00f4ng ty Truy\u1ec1n th\u00f4ng VGM Marketing<\/b><\/h2>\n<h3><b>1. Chuy\u00ean m\u00f4n &amp; Kinh nghi\u1ec7m (Expertise)<\/b><\/h3>\n<p><span style=\"font-weight: 400;\">VGM Marketing \u0111\u1eb7t n\u1ec1n t\u1ea3ng ph\u00e1t tri\u1ec3n tr\u00ean chuy\u00ean m\u00f4n s\u00e2u v\u00e0 kinh nghi\u1ec7m th\u1ef1c chi\u1ebfn. N\u1ed9i dung \u0111\u00e0o t\u1ea1o v\u00e0 gi\u1ea3i ph\u00e1p truy\u1ec1n th\u00f4ng \u0111\u1ec1u \u0111\u01b0\u1ee3c x\u00e2y d\u1ef1ng d\u1ef1a tr\u00ean d\u1eef li\u1ec7u, k\u1ebft qu\u1ea3 \u0111o l\u01b0\u1eddng v\u00e0 case th\u1ef1c t\u1ebf.<\/span><\/p>\n<h3><b>2. Uy t\u00edn &amp; Minh b\u1ea1ch (Trustworthiness)<\/b><\/h3>\n<p><span style=\"font-weight: 400;\">C\u00f4ng ty cam k\u1ebft minh b\u1ea1ch trong n\u1ed9i dung \u0111\u00e0o t\u1ea1o, l\u1ed9 tr\u00ecnh h\u1ecdc t\u1eadp v\u00e0 d\u1ecbch v\u1ee5 cung c\u1ea5p, \u0111\u1ea3m b\u1ea3o h\u1ecdc vi\u00ean v\u00e0 kh\u00e1ch h\u00e0ng hi\u1ec3u r\u00f5 gi\u00e1 tr\u1ecb nh\u1eadn \u0111\u01b0\u1ee3c.<\/span><\/p>\n<h3><b>3. Tr\u1ea3i nghi\u1ec7m &amp; Hi\u1ec7u qu\u1ea3 (Experience)<\/b><\/h3>\n<p><span style=\"font-weight: 400;\">VGM Marketing ch\u00fa tr\u1ecdng tr\u1ea3i nghi\u1ec7m h\u1ecdc t\u1eadp v\u00e0 hi\u1ec7u qu\u1ea3 \u1ee9ng d\u1ee5ng, gi\u00fap h\u1ecdc vi\u00ean v\u00e0 doanh nghi\u1ec7p \u0111\u1ea1t \u0111\u01b0\u1ee3c k\u1ebft qu\u1ea3 c\u1ee5 th\u1ec3 trong ho\u1ea1t \u0111\u1ed9ng marketing v\u00e0 truy\u1ec1n th\u00f4ng.<\/span><\/p>\n<h3><b>4. \u0110\u1ed5i m\u1edbi &amp; C\u1eadp nh\u1eadt xu h\u01b0\u1edbng<\/b><\/h3>\n<p><span style=\"font-weight: 400;\">VGM Marketing kh\u00f4ng ng\u1eebng c\u1eadp nh\u1eadt xu h\u01b0\u1edbng Marketing, c\u00f4ng ngh\u1ec7 v\u00e0 h\u00e0nh vi ng\u01b0\u1eddi ti\u00eau d\u00f9ng, gi\u00fap kh\u00e1ch h\u00e0ng lu\u00f4n b\u1eaft k\u1ecbp s\u1ef1 thay \u0111\u1ed5i c\u1ee7a th\u1ecb tr\u01b0\u1eddng.<\/span><\/p>\n<h3><b>5. \u0110\u1ed3ng h\u00e0nh &amp; Ph\u00e1t tri\u1ec3n b\u1ec1n v\u1eefng<\/b><\/h3>\n<p><span style=\"font-weight: 400;\">C\u00f4ng ty coi tr\u1ecdng m\u1ed1i quan h\u1ec7 l\u00e2u d\u00e0i, \u0111\u1ed3ng h\u00e0nh c\u00f9ng kh\u00e1ch h\u00e0ng v\u00e0 h\u1ecdc vi\u00ean tr\u00ean h\u00e0nh tr\u00ecnh ph\u00e1t tri\u1ec3n n\u0103ng l\u1ef1c marketing v\u00e0 th\u01b0\u01a1ng hi\u1ec7u.<\/span><\/p>\n<h2><b>K\u1ebft lu\u1eadn<\/b><\/h2>\n<p><span style=\"font-weight: 400;\">C\u00f4ng ty Truy\u1ec1n th\u00f4ng VGM Marketing kh\u00f4ng ch\u1ec9 l\u00e0 \u0111\u01a1n v\u1ecb \u0111\u00e0o t\u1ea1o hay agency Marketing, m\u00e0 c\u00f2n l\u00e0 \u0111\u1ed1i t\u00e1c chi\u1ebfn l\u01b0\u1ee3c, gi\u00fap c\u00e1 nh\u00e2n v\u00e0 doanh nghi\u1ec7p x\u00e2y d\u1ef1ng t\u01b0 duy Marketing \u0111\u00fang, h\u1ec7 th\u1ed1ng Marketing b\u1ec1n v\u1eefng v\u00e0 th\u01b0\u01a1ng hi\u1ec7u ph\u00e1t tri\u1ec3n d\u00e0i h\u1ea1n.<\/span><\/p>\n<p><span style=\"font-weight: 400;\">\ud83d\udc49VGM Marketing &#8211; \u0110\u00e0o t\u1ea1o th\u1ef1c chi\u1ebfn, truy\u1ec1n th\u00f4ng hi\u1ec7u qu\u1ea3, \u0111\u1ed3ng h\u00e0nh t\u0103ng tr\u01b0\u1edfng.<\/span><\/p>\n<p><b>LI\u00caN H\u1ec6 NH\u1eacN T\u01af V\u1ea4N &amp; B\u00c1O GI\u00c1 MI\u1ec4N PH\u00cd:<\/b><\/p>\n<ul>\n<li style=\"font-weight: 400;\" aria-level=\"1\"><b>Website: <a href=\"https:\/\/vmediamaster.vn\/\">www.vmediamaster.vn<\/a><\/b><\/li>\n<li>\u0110\u1ecba ch\u1ec9:\u00a0T\u1ed5 5, \u1ea5p 8, X\u00e3 Xu\u00e2n \u0110\u00f4ng, T\u1ec9nh \u0110\u1ed3ng Nai<\/li>\n<li>V\u0103n ph\u00f2ng HCM: 21\/13 Tr\u01b0\u1eddng S\u01a1n, P. T\u00e2n S\u01a1n Nh\u1ea5t, TP. HCM<\/li>\n<li>Hotline:\u00a00395 567 678<\/li>\n<li>Email: info@vmediamaster.vn<\/li>\n<li>Th\u1eddi gian l\u00e0m vi\u1ec7c: T\u1eeb th\u1ee9 2 \u2013 th\u1ee9 7 (S\u00e1ng: 8h \u2013 12h; Chi\u1ec1u: 13h30 \u2013 17h30)<\/li>\n<\/ul>\n","protected":false},"excerpt":{"rendered":"<p>GI\u1edaI THI\u1ec6U C\u00d4NG TY TRUY\u1ec0N TH\u00d4NG VGM MARKETING \u0110\u00e0o t\u1ea1o &amp; Truy\u1ec1n th\u00f4ng Marketing &#8211; Gi\u1ea3i ph\u00e1p ph\u00e1t tri\u1ec3n th\u01b0\u01a1ng hi\u1ec7u b\u1ec1n v\u1eefng Trong k\u1ef7 nguy\u00ean s\u1ed1, Marketing kh\u00f4ng c\u00f2n l\u00e0 ho\u1ea1t \u0111\u1ed9ng h\u1ed7 tr\u1ee3, m\u00e0 \u0111\u00e3 tr\u1edf th\u00e0nh y\u1ebfu t\u1ed1 c\u1ed1t l\u00f5i quy\u1ebft \u0111\u1ecbnh t\u0103ng tr\u01b0\u1edfng v\u00e0 s\u1ee9c c\u1ea1nh tranh c\u1ee7a doanh nghi\u1ec7p. S\u1ef1 [&#8230;]\n","protected":false},"author":1,"featured_media":0,"parent":0,"menu_order":0,"comment_status":"closed","ping_status":"closed","template":"","meta":{"om_disable_all_campaigns":false,"_monsterinsights_skip_tracking":false,"_monsterinsights_sitenote_active":false,"_monsterinsights_sitenote_note":"","_monsterinsights_sitenote_category":0,"footnotes":""},"class_list":["post-51","page","type-page","status-publish","hentry"],"aioseo_notices":[],"yoast_head":"<!-- This site is optimized with the Yoast SEO plugin v26.9 - https:\/\/yoast.com\/product\/yoast-seo-wordpress\/ -->\r\n<title>VGM MARKETING SOLUTIONS - T\u1eadp \u0111o\u00e0n V\u01b0\u1ee3ng Group<\/title>\r\n<meta name=\"robots\" content=\"index, follow, max-snippet:-1, max-image-preview:large, max-video-preview:-1\" \/>\r\n<link rel=\"canonical\" href=\"https:\/\/vuonggroup.vn\/index.php\/vgm-marketing-solutions-2026\/\" \/>\r\n<meta property=\"og:locale\" content=\"vi_VN\" \/>\r\n<meta property=\"og:type\" content=\"article\" \/>\r\n<meta property=\"og:title\" content=\"VGM MARKETING SOLUTIONS - T\u1eadp \u0111o\u00e0n V\u01b0\u1ee3ng Group\" \/>\r\n<meta property=\"og:description\" content=\"GI\u1edaI THI\u1ec6U C\u00d4NG TY TRUY\u1ec0N TH\u00d4NG VGM MARKETING \u0110\u00e0o t\u1ea1o &amp; Truy\u1ec1n th\u00f4ng Marketing &#8211; Gi\u1ea3i ph\u00e1p ph\u00e1t tri\u1ec3n th\u01b0\u01a1ng hi\u1ec7u b\u1ec1n v\u1eefng Trong k\u1ef7 nguy\u00ean s\u1ed1, Marketing kh\u00f4ng c\u00f2n l\u00e0 ho\u1ea1t \u0111\u1ed9ng h\u1ed7 tr\u1ee3, m\u00e0 \u0111\u00e3 tr\u1edf th\u00e0nh y\u1ebfu t\u1ed1 c\u1ed1t l\u00f5i quy\u1ebft \u0111\u1ecbnh t\u0103ng tr\u01b0\u1edfng v\u00e0 s\u1ee9c c\u1ea1nh tranh c\u1ee7a doanh nghi\u1ec7p. S\u1ef1 [...]\" \/>\r\n<meta property=\"og:url\" content=\"https:\/\/vuonggroup.vn\/index.php\/vgm-marketing-solutions-2026\/\" \/>\r\n<meta property=\"og:site_name\" content=\"T\u1eadp \u0111o\u00e0n V\u01b0\u1ee3ng Group\" \/>\r\n<meta property=\"article:publisher\" content=\"https:\/\/www.facebook.com\/profile.php?id=61585355376511\" \/>\r\n<meta property=\"article:modified_time\" content=\"2026-01-12T02:09:57+00:00\" \/>\r\n<meta property=\"og:image\" content=\"https:\/\/vmediamaster.vn\/wp-content\/uploads\/2025\/12\/ve-chung-toi-loi-mo-dau.jpg\" \/>\r\n<meta name=\"twitter:card\" content=\"summary_large_image\" \/>\r\n<meta name=\"twitter:label1\" content=\"\u01af\u1edbc t\u00ednh th\u1eddi gian \u0111\u1ecdc\" \/>\n\t<meta name=\"twitter:data1\" content=\"8 ph\u00fat\" \/>\r\n<script type=\"application\/ld+json\" class=\"yoast-schema-graph\">{\"@context\":\"https:\/\/schema.org\",\"@graph\":[{\"@type\":\"WebPage\",\"@id\":\"https:\/\/vuonggroup.vn\/index.php\/vgm-marketing-solutions-2026\/\",\"url\":\"https:\/\/vuonggroup.vn\/index.php\/vgm-marketing-solutions-2026\/\",\"name\":\"VGM MARKETING SOLUTIONS - T\u1eadp \u0111o\u00e0n V\u01b0\u1ee3ng Group\",\"isPartOf\":{\"@id\":\"https:\/\/vuonggroup.vn\/#website\"},\"primaryImageOfPage\":{\"@id\":\"https:\/\/vuonggroup.vn\/index.php\/vgm-marketing-solutions-2026\/#primaryimage\"},\"image\":{\"@id\":\"https:\/\/vuonggroup.vn\/index.php\/vgm-marketing-solutions-2026\/#primaryimage\"},\"thumbnailUrl\":\"https:\/\/vmediamaster.vn\/wp-content\/uploads\/2025\/12\/ve-chung-toi-loi-mo-dau.jpg\",\"datePublished\":\"2025-10-06T04:55:06+00:00\",\"dateModified\":\"2026-01-12T02:09:57+00:00\",\"breadcrumb\":{\"@id\":\"https:\/\/vuonggroup.vn\/index.php\/vgm-marketing-solutions-2026\/#breadcrumb\"},\"inLanguage\":\"vi\",\"potentialAction\":[{\"@type\":\"ReadAction\",\"target\":[\"https:\/\/vuonggroup.vn\/index.php\/vgm-marketing-solutions-2026\/\"]}]},{\"@type\":\"ImageObject\",\"inLanguage\":\"vi\",\"@id\":\"https:\/\/vuonggroup.vn\/index.php\/vgm-marketing-solutions-2026\/#primaryimage\",\"url\":\"https:\/\/vmediamaster.vn\/wp-content\/uploads\/2025\/12\/ve-chung-toi-loi-mo-dau.jpg\",\"contentUrl\":\"https:\/\/vmediamaster.vn\/wp-content\/uploads\/2025\/12\/ve-chung-toi-loi-mo-dau.jpg\"},{\"@type\":\"BreadcrumbList\",\"@id\":\"https:\/\/vuonggroup.vn\/index.php\/vgm-marketing-solutions-2026\/#breadcrumb\",\"itemListElement\":[{\"@type\":\"ListItem\",\"position\":1,\"name\":\"Trang ch\u1ee7\",\"item\":\"https:\/\/vuonggroup.vn\/\"},{\"@type\":\"ListItem\",\"position\":2,\"name\":\"VGM MARKETING SOLUTIONS\"}]},{\"@type\":\"WebSite\",\"@id\":\"https:\/\/vuonggroup.vn\/#website\",\"url\":\"https:\/\/vuonggroup.vn\/\",\"name\":\"T\u1eadp \u0111o\u00e0n V\u01b0\u1ee3ng Group\",\"description\":\"\",\"publisher\":{\"@id\":\"https:\/\/vuonggroup.vn\/#organization\"},\"potentialAction\":[{\"@type\":\"SearchAction\",\"target\":{\"@type\":\"EntryPoint\",\"urlTemplate\":\"https:\/\/vuonggroup.vn\/?s={search_term_string}\"},\"query-input\":{\"@type\":\"PropertyValueSpecification\",\"valueRequired\":true,\"valueName\":\"search_term_string\"}}],\"inLanguage\":\"vi\"},{\"@type\":\"Organization\",\"@id\":\"https:\/\/vuonggroup.vn\/#organization\",\"name\":\"T\u1eadp \u0111o\u00e0n V\u01b0\u1ee3ng Group\",\"url\":\"https:\/\/vuonggroup.vn\/\",\"logo\":{\"@type\":\"ImageObject\",\"inLanguage\":\"vi\",\"@id\":\"https:\/\/vuonggroup.vn\/#\/schema\/logo\/image\/\",\"url\":\"https:\/\/vuonggroup.vn\/wp-content\/uploads\/2025\/12\/Logo-Vuonggroup-file-PNG.png\",\"contentUrl\":\"https:\/\/vuonggroup.vn\/wp-content\/uploads\/2025\/12\/Logo-Vuonggroup-file-PNG.png\",\"width\":2000,\"height\":2000,\"caption\":\"T\u1eadp \u0111o\u00e0n V\u01b0\u1ee3ng Group\"},\"image\":{\"@id\":\"https:\/\/vuonggroup.vn\/#\/schema\/logo\/image\/\"},\"sameAs\":[\"https:\/\/www.facebook.com\/profile.php?id=61585355376511\"]}]}<\/script>\r\n<!-- \/ Yoast SEO plugin. -->","yoast_head_json":{"title":"VGM MARKETING SOLUTIONS - T\u1eadp \u0111o\u00e0n V\u01b0\u1ee3ng Group","robots":{"index":"index","follow":"follow","max-snippet":"max-snippet:-1","max-image-preview":"max-image-preview:large","max-video-preview":"max-video-preview:-1"},"canonical":"https:\/\/vuonggroup.vn\/index.php\/vgm-marketing-solutions-2026\/","og_locale":"vi_VN","og_type":"article","og_title":"VGM MARKETING SOLUTIONS - T\u1eadp \u0111o\u00e0n V\u01b0\u1ee3ng Group","og_description":"GI\u1edaI THI\u1ec6U C\u00d4NG TY TRUY\u1ec0N TH\u00d4NG VGM MARKETING \u0110\u00e0o t\u1ea1o &amp; Truy\u1ec1n th\u00f4ng Marketing &#8211; Gi\u1ea3i ph\u00e1p ph\u00e1t tri\u1ec3n th\u01b0\u01a1ng hi\u1ec7u b\u1ec1n v\u1eefng Trong k\u1ef7 nguy\u00ean s\u1ed1, Marketing kh\u00f4ng c\u00f2n l\u00e0 ho\u1ea1t \u0111\u1ed9ng h\u1ed7 tr\u1ee3, m\u00e0 \u0111\u00e3 tr\u1edf th\u00e0nh y\u1ebfu t\u1ed1 c\u1ed1t l\u00f5i quy\u1ebft \u0111\u1ecbnh t\u0103ng tr\u01b0\u1edfng v\u00e0 s\u1ee9c c\u1ea1nh tranh c\u1ee7a doanh nghi\u1ec7p. S\u1ef1 [...]","og_url":"https:\/\/vuonggroup.vn\/index.php\/vgm-marketing-solutions-2026\/","og_site_name":"T\u1eadp \u0111o\u00e0n V\u01b0\u1ee3ng Group","article_publisher":"https:\/\/www.facebook.com\/profile.php?id=61585355376511","article_modified_time":"2026-01-12T02:09:57+00:00","og_image":[{"url":"https:\/\/vmediamaster.vn\/wp-content\/uploads\/2025\/12\/ve-chung-toi-loi-mo-dau.jpg","type":"","width":"","height":""}],"twitter_card":"summary_large_image","twitter_misc":{"\u01af\u1edbc t\u00ednh th\u1eddi gian \u0111\u1ecdc":"8 ph\u00fat"},"schema":{"@context":"https:\/\/schema.org","@graph":[{"@type":"WebPage","@id":"https:\/\/vuonggroup.vn\/index.php\/vgm-marketing-solutions-2026\/","url":"https:\/\/vuonggroup.vn\/index.php\/vgm-marketing-solutions-2026\/","name":"VGM MARKETING SOLUTIONS - T\u1eadp \u0111o\u00e0n V\u01b0\u1ee3ng Group","isPartOf":{"@id":"https:\/\/vuonggroup.vn\/#website"},"primaryImageOfPage":{"@id":"https:\/\/vuonggroup.vn\/index.php\/vgm-marketing-solutions-2026\/#primaryimage"},"image":{"@id":"https:\/\/vuonggroup.vn\/index.php\/vgm-marketing-solutions-2026\/#primaryimage"},"thumbnailUrl":"https:\/\/vmediamaster.vn\/wp-content\/uploads\/2025\/12\/ve-chung-toi-loi-mo-dau.jpg","datePublished":"2025-10-06T04:55:06+00:00","dateModified":"2026-01-12T02:09:57+00:00","breadcrumb":{"@id":"https:\/\/vuonggroup.vn\/index.php\/vgm-marketing-solutions-2026\/#breadcrumb"},"inLanguage":"vi","potentialAction":[{"@type":"ReadAction","target":["https:\/\/vuonggroup.vn\/index.php\/vgm-marketing-solutions-2026\/"]}]},{"@type":"ImageObject","inLanguage":"vi","@id":"https:\/\/vuonggroup.vn\/index.php\/vgm-marketing-solutions-2026\/#primaryimage","url":"https:\/\/vmediamaster.vn\/wp-content\/uploads\/2025\/12\/ve-chung-toi-loi-mo-dau.jpg","contentUrl":"https:\/\/vmediamaster.vn\/wp-content\/uploads\/2025\/12\/ve-chung-toi-loi-mo-dau.jpg"},{"@type":"BreadcrumbList","@id":"https:\/\/vuonggroup.vn\/index.php\/vgm-marketing-solutions-2026\/#breadcrumb","itemListElement":[{"@type":"ListItem","position":1,"name":"Trang ch\u1ee7","item":"https:\/\/vuonggroup.vn\/"},{"@type":"ListItem","position":2,"name":"VGM MARKETING SOLUTIONS"}]},{"@type":"WebSite","@id":"https:\/\/vuonggroup.vn\/#website","url":"https:\/\/vuonggroup.vn\/","name":"T\u1eadp \u0111o\u00e0n V\u01b0\u1ee3ng Group","description":"","publisher":{"@id":"https:\/\/vuonggroup.vn\/#organization"},"potentialAction":[{"@type":"SearchAction","target":{"@type":"EntryPoint","urlTemplate":"https:\/\/vuonggroup.vn\/?s={search_term_string}"},"query-input":{"@type":"PropertyValueSpecification","valueRequired":true,"valueName":"search_term_string"}}],"inLanguage":"vi"},{"@type":"Organization","@id":"https:\/\/vuonggroup.vn\/#organization","name":"T\u1eadp \u0111o\u00e0n V\u01b0\u1ee3ng Group","url":"https:\/\/vuonggroup.vn\/","logo":{"@type":"ImageObject","inLanguage":"vi","@id":"https:\/\/vuonggroup.vn\/#\/schema\/logo\/image\/","url":"https:\/\/vuonggroup.vn\/wp-content\/uploads\/2025\/12\/Logo-Vuonggroup-file-PNG.png","contentUrl":"https:\/\/vuonggroup.vn\/wp-content\/uploads\/2025\/12\/Logo-Vuonggroup-file-PNG.png","width":2000,"height":2000,"caption":"T\u1eadp \u0111o\u00e0n V\u01b0\u1ee3ng Group"},"image":{"@id":"https:\/\/vuonggroup.vn\/#\/schema\/logo\/image\/"},"sameAs":["https:\/\/www.facebook.com\/profile.php?id=61585355376511"]}]}},"_links":{"self":[{"href":"https:\/\/vuonggroup.vn\/index.php\/wp-json\/wp\/v2\/pages\/51","targetHints":{"allow":["GET"]}}],"collection":[{"href":"https:\/\/vuonggroup.vn\/index.php\/wp-json\/wp\/v2\/pages"}],"about":[{"href":"https:\/\/vuonggroup.vn\/index.php\/wp-json\/wp\/v2\/types\/page"}],"author":[{"embeddable":true,"href":"https:\/\/vuonggroup.vn\/index.php\/wp-json\/wp\/v2\/users\/1"}],"replies":[{"embeddable":true,"href":"https:\/\/vuonggroup.vn\/index.php\/wp-json\/wp\/v2\/comments?post=51"}],"version-history":[{"count":8,"href":"https:\/\/vuonggroup.vn\/index.php\/wp-json\/wp\/v2\/pages\/51\/revisions"}],"predecessor-version":[{"id":474,"href":"https:\/\/vuonggroup.vn\/index.php\/wp-json\/wp\/v2\/pages\/51\/revisions\/474"}],"wp:attachment":[{"href":"https:\/\/vuonggroup.vn\/index.php\/wp-json\/wp\/v2\/media?parent=51"}],"curies":[{"name":"wp","href":"https:\/\/api.w.org\/{rel}","templated":true}]}}