{"id":449,"date":"2026-01-02T16:46:47","date_gmt":"2026-01-02T09:46:47","guid":{"rendered":"https:\/\/vuonggroup.vn\/?page_id=449"},"modified":"2026-01-02T17:09:20","modified_gmt":"2026-01-02T10:09:20","slug":"doi-voi-khach-hang","status":"publish","type":"page","link":"https:\/\/vuonggroup.vn\/index.php\/doi-voi-khach-hang\/","title":{"rendered":"\u0110\u1ed0I V\u1edaI KH\u00c1CH H\u00c0NG \u2013 GI\u00c1 TR\u1eca C\u1ed0T L\u00d5I TRONG M\u1eccI HO\u1ea0T \u0110\u1ed8NG C\u1ee6A T\u1eacP \u0110O\u00c0N V\u01af\u1ee2NG GROUP"},"content":{"rendered":"<p data-start=\"362\" data-end=\"772\">T\u1ea1i T\u1eadp \u0111o\u00e0n V\u01b0\u1ee3ng Group, kh\u00e1ch h\u00e0ng lu\u00f4n gi\u1eef v\u1ecb tr\u00ed trung t\u00e2m trong chi\u1ebfn l\u01b0\u1ee3c ph\u00e1t tri\u1ec3n d\u00e0i h\u1ea1n. M\u1ecdi ho\u1ea1t \u0111\u1ed9ng s\u1ea3n xu\u1ea5t, kinh doanh v\u00e0 d\u1ecbch v\u1ee5 c\u1ee7a T\u1eadp \u0111o\u00e0n \u0111\u1ec1u \u0111\u01b0\u1ee3c x\u00e2y d\u1ef1ng tr\u00ean nguy\u00ean t\u1eafc l\u1ea5y <strong data-start=\"559\" data-end=\"603\">uy t\u00edn \u2013 ch\u1ea5t l\u01b0\u1ee3ng \u2013 l\u1ee3i \u00edch kh\u00e1ch h\u00e0ng<\/strong> l\u00e0m n\u1ec1n t\u1ea3ng c\u1ed1t l\u00f5i. V\u01b0\u1ee3ng Group tin r\u1eb1ng, s\u1ef1 ph\u00e1t tri\u1ec3n b\u1ec1n v\u1eefng c\u1ee7a doanh nghi\u1ec7p ch\u1ec9 c\u00f3 th\u1ec3 \u0111\u1ea1t \u0111\u01b0\u1ee3c khi kh\u00e1ch h\u00e0ng th\u1ef1c s\u1ef1 h\u00e0i l\u00f2ng, tin t\u01b0\u1edfng v\u00e0 \u0111\u1ed3ng h\u00e0nh l\u00e2u d\u00e0i.<\/p>\n<p data-start=\"774\" data-end=\"1167\">V\u01b0\u1ee3ng Group cam k\u1ebft cung c\u1ea5p cho kh\u00e1ch h\u00e0ng nh\u1eefng <strong data-start=\"824\" data-end=\"877\">s\u1ea3n ph\u1ea9m v\u00e0 d\u1ecbch v\u1ee5 \u0111\u1ea1t ti\u00eau chu\u1ea9n ch\u1ea5t l\u01b0\u1ee3ng cao<\/strong>, \u0111\u00e1p \u1ee9ng \u0111\u00fang v\u00e0 \u0111\u1ee7 c\u00e1c y\u00eau c\u1ea7u v\u1ec1 k\u1ef9 thu\u1eadt, c\u00f4ng n\u0103ng v\u00e0 gi\u00e1 tr\u1ecb s\u1eed d\u1ee5ng. M\u1ed7i s\u1ea3n ph\u1ea9m, m\u1ed7i gi\u1ea3i ph\u00e1p \u0111\u01b0a ra th\u1ecb tr\u01b0\u1eddng \u0111\u1ec1u tr\u1ea3i qua qu\u00e1 tr\u00ecnh nghi\u00ean c\u1ee9u, ki\u1ec3m so\u00e1t v\u00e0 c\u1ea3i ti\u1ebfn nghi\u00eam ng\u1eb7t, nh\u1eb1m \u0111\u1ea3m b\u1ea3o mang l\u1ea1i hi\u1ec7u qu\u1ea3 th\u1ef1c t\u1ebf, ph\u00f9 h\u1ee3p v\u1edbi nhu c\u1ea7u v\u00e0 xu h\u01b0\u1edbng ph\u00e1t tri\u1ec3n c\u1ee7a th\u1ecb tr\u01b0\u1eddng.<\/p>\n<p data-start=\"1169\" data-end=\"1563\">Kh\u00f4ng ch\u1ec9 d\u1eebng l\u1ea1i \u1edf vi\u1ec7c cung c\u1ea5p s\u1ea3n ph\u1ea9m, V\u01b0\u1ee3ng Group lu\u00f4n ch\u00fa tr\u1ecdng \u0111\u1ebfn <strong data-start=\"1245\" data-end=\"1265\">gi\u00e1 tr\u1ecb gia t\u0103ng<\/strong> d\u00e0nh cho kh\u00e1ch h\u00e0ng. T\u1eadp \u0111o\u00e0n kh\u00f4ng ng\u1eebng ho\u00e0n thi\u1ec7n quy tr\u00ecnh ph\u1ee5c v\u1ee5, n\u00e2ng cao ch\u1ea5t l\u01b0\u1ee3ng d\u1ecbch v\u1ee5, t\u1ed1i \u01b0u tr\u1ea3i nghi\u1ec7m kh\u00e1ch h\u00e0ng \u1edf m\u1ecdi \u0111i\u1ec3m ch\u1ea1m \u2013 t\u1eeb t\u01b0 v\u1ea5n, tri\u1ec3n khai \u0111\u1ebfn h\u1eadu m\u00e3i. S\u1ef1 h\u00e0i l\u00f2ng c\u1ee7a kh\u00e1ch h\u00e0ng kh\u00f4ng ch\u1ec9 l\u00e0 m\u1ee5c ti\u00eau, m\u00e0 c\u00f2n l\u00e0 th\u01b0\u1edbc \u0111o \u0111\u00e1nh gi\u00e1 n\u0103ng l\u1ef1c v\u00e0 uy t\u00edn c\u1ee7a V\u01b0\u1ee3ng Group.<\/p>\n<p data-start=\"1565\" data-end=\"1911\">V\u1edbi ph\u01b0\u01a1ng ch\u00e2m <strong data-start=\"1581\" data-end=\"1612\">\u201c\u0110\u1ed3ng h\u00e0nh c\u00f9ng ph\u00e1t tri\u1ec3n\u201d<\/strong>, V\u01b0\u1ee3ng Group x\u00e1c \u0111\u1ecbnh m\u1ed1i quan h\u1ec7 v\u1edbi kh\u00e1ch h\u00e0ng kh\u00f4ng \u0111\u01a1n thu\u1ea7n l\u00e0 mua b\u00e1n, m\u00e0 l\u00e0 m\u1ed1i quan h\u1ec7 h\u1ee3p t\u00e1c l\u00e2u d\u00e0i, b\u1ec1n v\u1eefng v\u00e0 c\u00f9ng c\u00f3 l\u1ee3i. T\u1eadp \u0111o\u00e0n lu\u00f4n l\u1eafng nghe, th\u1ea5u hi\u1ec3u v\u00e0 t\u00f4n tr\u1ecdng \u00fd ki\u1ebfn c\u1ee7a kh\u00e1ch h\u00e0ng, xem \u0111\u00f3 l\u00e0 c\u01a1 s\u1edf quan tr\u1ecdng \u0111\u1ec3 c\u1ea3i ti\u1ebfn s\u1ea3n ph\u1ea9m, d\u1ecbch v\u1ee5 v\u00e0 n\u00e2ng cao ch\u1ea5t l\u01b0\u1ee3ng ho\u1ea1t \u0111\u1ed9ng.<\/p>\n<p data-start=\"1913\" data-end=\"2288\">\u0110\u1ed9i ng\u0169 c\u00e1n b\u1ed9 nh\u00e2n vi\u00ean V\u01b0\u1ee3ng Group lu\u00f4n l\u00e0m vi\u1ec7c v\u1edbi tinh th\u1ea7n tr\u00e1ch nhi\u1ec7m cao, th\u00e1i \u0111\u1ed9 chuy\u00ean nghi\u1ec7p v\u00e0 s\u1ef1 t\u1eadn t\u00e2m trong t\u1eebng c\u00f4ng vi\u1ec7c. M\u1ed7i nh\u00e2n s\u1ef1 \u0111\u1ec1u \u00fd th\u1ee9c r\u00f5 r\u1eb1ng, h\u1ecd kh\u00f4ng ch\u1ec9 \u0111\u1ea1i di\u1ec7n cho c\u00e1 nh\u00e2n m\u00ecnh m\u00e0 c\u00f2n l\u00e0 h\u00ecnh \u1ea3nh c\u1ee7a th\u01b0\u01a1ng hi\u1ec7u V\u01b0\u1ee3ng Group trong m\u1eaft kh\u00e1ch h\u00e0ng. Ch\u00ednh v\u00ec v\u1eady, s\u1ef1 minh b\u1ea1ch, trung th\u1ef1c v\u00e0 nh\u1ea5t qu\u00e1n trong h\u00e0nh \u0111\u1ed9ng lu\u00f4n \u0111\u01b0\u1ee3c \u0111\u1eb7t l\u00ean h\u00e0ng \u0111\u1ea7u.<\/p>\n<p data-start=\"2290\" data-end=\"2668\">B\u00ean c\u1ea1nh \u0111\u00f3, V\u01b0\u1ee3ng Group cam k\u1ebft x\u00e2y d\u1ef1ng ch\u00ednh s\u00e1ch <strong data-start=\"2343\" data-end=\"2385\">gi\u00e1 c\u1ea3 h\u1ee3p l\u00fd, c\u1ea1nh tranh v\u00e0 minh b\u1ea1ch<\/strong>, \u0111\u1ea3m b\u1ea3o h\u00e0i h\u00f2a l\u1ee3i \u00edch gi\u1eefa doanh nghi\u1ec7p v\u00e0 kh\u00e1ch h\u00e0ng. T\u1eadp \u0111o\u00e0n kh\u00f4ng ch\u1ea1y theo l\u1ee3i \u00edch ng\u1eafn h\u1ea1n, m\u00e0 lu\u00f4n h\u01b0\u1edbng \u0111\u1ebfn gi\u00e1 tr\u1ecb l\u00e2u d\u00e0i, t\u1ea1o d\u1ef1ng ni\u1ec1m tin v\u1eefng ch\u1eafc tr\u00ean th\u1ecb tr\u01b0\u1eddng. Uy t\u00edn v\u1edbi kh\u00e1ch h\u00e0ng ch\u00ednh l\u00e0 t\u00e0i s\u1ea3n qu\u00fd gi\u00e1 nh\u1ea5t m\u00e0 V\u01b0\u1ee3ng Group kh\u00f4ng ng\u1eebng g\u00ecn gi\u1eef v\u00e0 ph\u00e1t tri\u1ec3n.<\/p>\n<p data-start=\"2670\" data-end=\"3031\">Trong b\u1ed1i c\u1ea3nh th\u1ecb tr\u01b0\u1eddng ng\u00e0y c\u00e0ng c\u1ea1nh tranh v\u00e0 bi\u1ebfn \u0111\u1ed9ng, V\u01b0\u1ee3ng Group kh\u00f4ng ng\u1eebng \u0111\u1ed5i m\u1edbi t\u01b0 duy, \u1ee9ng d\u1ee5ng c\u00f4ng ngh\u1ec7 v\u00e0 n\u00e2ng cao n\u0103ng l\u1ef1c qu\u1ea3n tr\u1ecb nh\u1eb1m mang \u0111\u1ebfn cho kh\u00e1ch h\u00e0ng nh\u1eefng gi\u1ea3i ph\u00e1p t\u1ed1i \u01b0u, linh ho\u1ea1t v\u00e0 hi\u1ec7u qu\u1ea3 h\u01a1n. M\u1ed7i s\u1ef1 thay \u0111\u1ed5i, m\u1ed7i b\u01b0\u1edbc ti\u1ebfn c\u1ee7a T\u1eadp \u0111o\u00e0n \u0111\u1ec1u h\u01b0\u1edbng \u0111\u1ebfn m\u1ee5c ti\u00eau chung l\u00e0 <strong data-start=\"2976\" data-end=\"3030\">n\u00e2ng cao gi\u00e1 tr\u1ecb ph\u1ee5c v\u1ee5 v\u00e0 tr\u1ea3i nghi\u1ec7m kh\u00e1ch h\u00e0ng<\/strong>.<\/p>\n<p data-start=\"3033\" data-end=\"3407\">V\u01b0\u1ee3ng Group tin r\u1eb1ng, s\u1ef1 tin t\u01b0\u1edfng v\u00e0 \u0111\u1ed3ng h\u00e0nh c\u1ee7a kh\u00e1ch h\u00e0ng ch\u00ednh l\u00e0 n\u1ec1n t\u1ea3ng quan tr\u1ecdng t\u1ea1o n\u00ean th\u00e0nh c\u00f4ng c\u1ee7a T\u1eadp \u0111o\u00e0n h\u00f4m nay. Tr\u00ean ch\u1eb7ng \u0111\u01b0\u1eddng ph\u00e1t tri\u1ec3n s\u1eafp t\u1edbi, V\u01b0\u1ee3ng Group ti\u1ebfp t\u1ee5c cam k\u1ebft l\u1ea5y kh\u00e1ch h\u00e0ng l\u00e0m trung t\u00e2m, kh\u00f4ng ng\u1eebng n\u00e2ng cao ch\u1ea5t l\u01b0\u1ee3ng s\u1ea3n ph\u1ea9m \u2013 d\u1ecbch v\u1ee5, gi\u1eef v\u1eefng \u0111\u1ea1o \u0111\u1ee9c kinh doanh v\u00e0 g\u00f3p ph\u1ea7n x\u00e2y d\u1ef1ng nh\u1eefng m\u1ed1i quan h\u1ec7 h\u1ee3p t\u00e1c b\u1ec1n v\u1eefng, l\u00e2u d\u00e0i.<\/p>\n","protected":false},"excerpt":{"rendered":"<p>T\u1ea1i T\u1eadp \u0111o\u00e0n V\u01b0\u1ee3ng Group, kh\u00e1ch h\u00e0ng lu\u00f4n gi\u1eef v\u1ecb tr\u00ed trung t\u00e2m trong chi\u1ebfn l\u01b0\u1ee3c ph\u00e1t tri\u1ec3n d\u00e0i h\u1ea1n. M\u1ecdi ho\u1ea1t \u0111\u1ed9ng s\u1ea3n xu\u1ea5t, kinh doanh v\u00e0 d\u1ecbch v\u1ee5 c\u1ee7a T\u1eadp \u0111o\u00e0n \u0111\u1ec1u \u0111\u01b0\u1ee3c x\u00e2y d\u1ef1ng tr\u00ean nguy\u00ean t\u1eafc l\u1ea5y uy t\u00edn \u2013 ch\u1ea5t l\u01b0\u1ee3ng \u2013 l\u1ee3i \u00edch kh\u00e1ch h\u00e0ng l\u00e0m n\u1ec1n t\u1ea3ng c\u1ed1t [&#8230;]\n","protected":false},"author":1,"featured_media":0,"parent":0,"menu_order":0,"comment_status":"closed","ping_status":"closed","template":"","meta":{"om_disable_all_campaigns":false,"_monsterinsights_skip_tracking":false,"_monsterinsights_sitenote_active":false,"_monsterinsights_sitenote_note":"","_monsterinsights_sitenote_category":0,"footnotes":""},"class_list":["post-449","page","type-page","status-publish","hentry"],"aioseo_notices":[],"yoast_head":"<!-- This site is optimized with the Yoast SEO plugin v26.9 - https:\/\/yoast.com\/product\/yoast-seo-wordpress\/ -->\r\n<title>\u0110\u1ed0I V\u1edaI KH\u00c1CH H\u00c0NG \u2013 GI\u00c1 TR\u1eca C\u1ed0T L\u00d5I TRONG M\u1eccI HO\u1ea0T \u0110\u1ed8NG C\u1ee6A T\u1eacP \u0110O\u00c0N V\u01af\u1ee2NG GROUP - T\u1eadp \u0111o\u00e0n V\u01b0\u1ee3ng Group<\/title>\r\n<meta name=\"robots\" content=\"index, follow, max-snippet:-1, max-image-preview:large, max-video-preview:-1\" \/>\r\n<link rel=\"canonical\" href=\"https:\/\/vuonggroup.vn\/index.php\/doi-voi-khach-hang\/\" \/>\r\n<meta property=\"og:locale\" content=\"vi_VN\" \/>\r\n<meta property=\"og:type\" content=\"article\" \/>\r\n<meta property=\"og:title\" content=\"\u0110\u1ed0I V\u1edaI KH\u00c1CH H\u00c0NG \u2013 GI\u00c1 TR\u1eca C\u1ed0T L\u00d5I TRONG M\u1eccI HO\u1ea0T \u0110\u1ed8NG C\u1ee6A T\u1eacP \u0110O\u00c0N V\u01af\u1ee2NG GROUP - T\u1eadp \u0111o\u00e0n V\u01b0\u1ee3ng Group\" \/>\r\n<meta property=\"og:description\" content=\"T\u1ea1i T\u1eadp \u0111o\u00e0n V\u01b0\u1ee3ng Group, kh\u00e1ch h\u00e0ng lu\u00f4n gi\u1eef v\u1ecb tr\u00ed trung t\u00e2m trong chi\u1ebfn l\u01b0\u1ee3c ph\u00e1t tri\u1ec3n d\u00e0i h\u1ea1n. M\u1ecdi ho\u1ea1t \u0111\u1ed9ng s\u1ea3n xu\u1ea5t, kinh doanh v\u00e0 d\u1ecbch v\u1ee5 c\u1ee7a T\u1eadp \u0111o\u00e0n \u0111\u1ec1u \u0111\u01b0\u1ee3c x\u00e2y d\u1ef1ng tr\u00ean nguy\u00ean t\u1eafc l\u1ea5y uy t\u00edn \u2013 ch\u1ea5t l\u01b0\u1ee3ng \u2013 l\u1ee3i \u00edch kh\u00e1ch h\u00e0ng l\u00e0m n\u1ec1n t\u1ea3ng c\u1ed1t [...]\" \/>\r\n<meta property=\"og:url\" content=\"https:\/\/vuonggroup.vn\/index.php\/doi-voi-khach-hang\/\" \/>\r\n<meta property=\"og:site_name\" content=\"T\u1eadp \u0111o\u00e0n V\u01b0\u1ee3ng Group\" \/>\r\n<meta property=\"article:publisher\" content=\"https:\/\/www.facebook.com\/profile.php?id=61585355376511\" \/>\r\n<meta property=\"article:modified_time\" content=\"2026-01-02T10:09:20+00:00\" \/>\r\n<meta name=\"twitter:card\" content=\"summary_large_image\" \/>\r\n<meta name=\"twitter:label1\" content=\"\u01af\u1edbc t\u00ednh th\u1eddi gian \u0111\u1ecdc\" \/>\n\t<meta name=\"twitter:data1\" content=\"6 ph\u00fat\" \/>\r\n<script type=\"application\/ld+json\" class=\"yoast-schema-graph\">{\"@context\":\"https:\/\/schema.org\",\"@graph\":[{\"@type\":\"WebPage\",\"@id\":\"https:\/\/vuonggroup.vn\/index.php\/doi-voi-khach-hang\/\",\"url\":\"https:\/\/vuonggroup.vn\/index.php\/doi-voi-khach-hang\/\",\"name\":\"\u0110\u1ed0I V\u1edaI KH\u00c1CH H\u00c0NG \u2013 GI\u00c1 TR\u1eca C\u1ed0T L\u00d5I TRONG M\u1eccI HO\u1ea0T \u0110\u1ed8NG C\u1ee6A T\u1eacP \u0110O\u00c0N V\u01af\u1ee2NG GROUP - T\u1eadp \u0111o\u00e0n V\u01b0\u1ee3ng Group\",\"isPartOf\":{\"@id\":\"https:\/\/vuonggroup.vn\/#website\"},\"datePublished\":\"2026-01-02T09:46:47+00:00\",\"dateModified\":\"2026-01-02T10:09:20+00:00\",\"breadcrumb\":{\"@id\":\"https:\/\/vuonggroup.vn\/index.php\/doi-voi-khach-hang\/#breadcrumb\"},\"inLanguage\":\"vi\",\"potentialAction\":[{\"@type\":\"ReadAction\",\"target\":[\"https:\/\/vuonggroup.vn\/index.php\/doi-voi-khach-hang\/\"]}]},{\"@type\":\"BreadcrumbList\",\"@id\":\"https:\/\/vuonggroup.vn\/index.php\/doi-voi-khach-hang\/#breadcrumb\",\"itemListElement\":[{\"@type\":\"ListItem\",\"position\":1,\"name\":\"Trang ch\u1ee7\",\"item\":\"https:\/\/vuonggroup.vn\/\"},{\"@type\":\"ListItem\",\"position\":2,\"name\":\"\u0110\u1ed0I V\u1edaI KH\u00c1CH H\u00c0NG \u2013 GI\u00c1 TR\u1eca C\u1ed0T L\u00d5I TRONG M\u1eccI HO\u1ea0T \u0110\u1ed8NG C\u1ee6A T\u1eacP \u0110O\u00c0N V\u01af\u1ee2NG GROUP\"}]},{\"@type\":\"WebSite\",\"@id\":\"https:\/\/vuonggroup.vn\/#website\",\"url\":\"https:\/\/vuonggroup.vn\/\",\"name\":\"T\u1eadp \u0111o\u00e0n V\u01b0\u1ee3ng Group\",\"description\":\"\",\"publisher\":{\"@id\":\"https:\/\/vuonggroup.vn\/#organization\"},\"potentialAction\":[{\"@type\":\"SearchAction\",\"target\":{\"@type\":\"EntryPoint\",\"urlTemplate\":\"https:\/\/vuonggroup.vn\/?s={search_term_string}\"},\"query-input\":{\"@type\":\"PropertyValueSpecification\",\"valueRequired\":true,\"valueName\":\"search_term_string\"}}],\"inLanguage\":\"vi\"},{\"@type\":\"Organization\",\"@id\":\"https:\/\/vuonggroup.vn\/#organization\",\"name\":\"T\u1eadp \u0111o\u00e0n V\u01b0\u1ee3ng Group\",\"url\":\"https:\/\/vuonggroup.vn\/\",\"logo\":{\"@type\":\"ImageObject\",\"inLanguage\":\"vi\",\"@id\":\"https:\/\/vuonggroup.vn\/#\/schema\/logo\/image\/\",\"url\":\"https:\/\/vuonggroup.vn\/wp-content\/uploads\/2025\/12\/Logo-Vuonggroup-file-PNG.png\",\"contentUrl\":\"https:\/\/vuonggroup.vn\/wp-content\/uploads\/2025\/12\/Logo-Vuonggroup-file-PNG.png\",\"width\":2000,\"height\":2000,\"caption\":\"T\u1eadp \u0111o\u00e0n V\u01b0\u1ee3ng Group\"},\"image\":{\"@id\":\"https:\/\/vuonggroup.vn\/#\/schema\/logo\/image\/\"},\"sameAs\":[\"https:\/\/www.facebook.com\/profile.php?id=61585355376511\"]}]}<\/script>\r\n<!-- \/ Yoast SEO plugin. -->","yoast_head_json":{"title":"\u0110\u1ed0I V\u1edaI KH\u00c1CH H\u00c0NG \u2013 GI\u00c1 TR\u1eca C\u1ed0T L\u00d5I TRONG M\u1eccI HO\u1ea0T \u0110\u1ed8NG C\u1ee6A T\u1eacP \u0110O\u00c0N V\u01af\u1ee2NG GROUP - T\u1eadp \u0111o\u00e0n V\u01b0\u1ee3ng Group","robots":{"index":"index","follow":"follow","max-snippet":"max-snippet:-1","max-image-preview":"max-image-preview:large","max-video-preview":"max-video-preview:-1"},"canonical":"https:\/\/vuonggroup.vn\/index.php\/doi-voi-khach-hang\/","og_locale":"vi_VN","og_type":"article","og_title":"\u0110\u1ed0I V\u1edaI KH\u00c1CH H\u00c0NG \u2013 GI\u00c1 TR\u1eca C\u1ed0T L\u00d5I TRONG M\u1eccI HO\u1ea0T \u0110\u1ed8NG C\u1ee6A T\u1eacP \u0110O\u00c0N V\u01af\u1ee2NG GROUP - T\u1eadp \u0111o\u00e0n V\u01b0\u1ee3ng Group","og_description":"T\u1ea1i T\u1eadp \u0111o\u00e0n V\u01b0\u1ee3ng Group, kh\u00e1ch h\u00e0ng lu\u00f4n gi\u1eef v\u1ecb tr\u00ed trung t\u00e2m trong chi\u1ebfn l\u01b0\u1ee3c ph\u00e1t tri\u1ec3n d\u00e0i h\u1ea1n. M\u1ecdi ho\u1ea1t \u0111\u1ed9ng s\u1ea3n xu\u1ea5t, kinh doanh v\u00e0 d\u1ecbch v\u1ee5 c\u1ee7a T\u1eadp \u0111o\u00e0n \u0111\u1ec1u \u0111\u01b0\u1ee3c x\u00e2y d\u1ef1ng tr\u00ean nguy\u00ean t\u1eafc l\u1ea5y uy t\u00edn \u2013 ch\u1ea5t l\u01b0\u1ee3ng \u2013 l\u1ee3i \u00edch kh\u00e1ch h\u00e0ng l\u00e0m n\u1ec1n t\u1ea3ng c\u1ed1t [...]","og_url":"https:\/\/vuonggroup.vn\/index.php\/doi-voi-khach-hang\/","og_site_name":"T\u1eadp \u0111o\u00e0n V\u01b0\u1ee3ng Group","article_publisher":"https:\/\/www.facebook.com\/profile.php?id=61585355376511","article_modified_time":"2026-01-02T10:09:20+00:00","twitter_card":"summary_large_image","twitter_misc":{"\u01af\u1edbc t\u00ednh th\u1eddi gian \u0111\u1ecdc":"6 ph\u00fat"},"schema":{"@context":"https:\/\/schema.org","@graph":[{"@type":"WebPage","@id":"https:\/\/vuonggroup.vn\/index.php\/doi-voi-khach-hang\/","url":"https:\/\/vuonggroup.vn\/index.php\/doi-voi-khach-hang\/","name":"\u0110\u1ed0I V\u1edaI KH\u00c1CH H\u00c0NG \u2013 GI\u00c1 TR\u1eca C\u1ed0T L\u00d5I TRONG M\u1eccI HO\u1ea0T \u0110\u1ed8NG C\u1ee6A T\u1eacP \u0110O\u00c0N V\u01af\u1ee2NG GROUP - T\u1eadp \u0111o\u00e0n V\u01b0\u1ee3ng Group","isPartOf":{"@id":"https:\/\/vuonggroup.vn\/#website"},"datePublished":"2026-01-02T09:46:47+00:00","dateModified":"2026-01-02T10:09:20+00:00","breadcrumb":{"@id":"https:\/\/vuonggroup.vn\/index.php\/doi-voi-khach-hang\/#breadcrumb"},"inLanguage":"vi","potentialAction":[{"@type":"ReadAction","target":["https:\/\/vuonggroup.vn\/index.php\/doi-voi-khach-hang\/"]}]},{"@type":"BreadcrumbList","@id":"https:\/\/vuonggroup.vn\/index.php\/doi-voi-khach-hang\/#breadcrumb","itemListElement":[{"@type":"ListItem","position":1,"name":"Trang ch\u1ee7","item":"https:\/\/vuonggroup.vn\/"},{"@type":"ListItem","position":2,"name":"\u0110\u1ed0I V\u1edaI KH\u00c1CH H\u00c0NG \u2013 GI\u00c1 TR\u1eca C\u1ed0T L\u00d5I TRONG M\u1eccI HO\u1ea0T \u0110\u1ed8NG C\u1ee6A T\u1eacP \u0110O\u00c0N V\u01af\u1ee2NG GROUP"}]},{"@type":"WebSite","@id":"https:\/\/vuonggroup.vn\/#website","url":"https:\/\/vuonggroup.vn\/","name":"T\u1eadp \u0111o\u00e0n V\u01b0\u1ee3ng Group","description":"","publisher":{"@id":"https:\/\/vuonggroup.vn\/#organization"},"potentialAction":[{"@type":"SearchAction","target":{"@type":"EntryPoint","urlTemplate":"https:\/\/vuonggroup.vn\/?s={search_term_string}"},"query-input":{"@type":"PropertyValueSpecification","valueRequired":true,"valueName":"search_term_string"}}],"inLanguage":"vi"},{"@type":"Organization","@id":"https:\/\/vuonggroup.vn\/#organization","name":"T\u1eadp \u0111o\u00e0n V\u01b0\u1ee3ng Group","url":"https:\/\/vuonggroup.vn\/","logo":{"@type":"ImageObject","inLanguage":"vi","@id":"https:\/\/vuonggroup.vn\/#\/schema\/logo\/image\/","url":"https:\/\/vuonggroup.vn\/wp-content\/uploads\/2025\/12\/Logo-Vuonggroup-file-PNG.png","contentUrl":"https:\/\/vuonggroup.vn\/wp-content\/uploads\/2025\/12\/Logo-Vuonggroup-file-PNG.png","width":2000,"height":2000,"caption":"T\u1eadp \u0111o\u00e0n V\u01b0\u1ee3ng Group"},"image":{"@id":"https:\/\/vuonggroup.vn\/#\/schema\/logo\/image\/"},"sameAs":["https:\/\/www.facebook.com\/profile.php?id=61585355376511"]}]}},"_links":{"self":[{"href":"https:\/\/vuonggroup.vn\/index.php\/wp-json\/wp\/v2\/pages\/449","targetHints":{"allow":["GET"]}}],"collection":[{"href":"https:\/\/vuonggroup.vn\/index.php\/wp-json\/wp\/v2\/pages"}],"about":[{"href":"https:\/\/vuonggroup.vn\/index.php\/wp-json\/wp\/v2\/types\/page"}],"author":[{"embeddable":true,"href":"https:\/\/vuonggroup.vn\/index.php\/wp-json\/wp\/v2\/users\/1"}],"replies":[{"embeddable":true,"href":"https:\/\/vuonggroup.vn\/index.php\/wp-json\/wp\/v2\/comments?post=449"}],"version-history":[{"count":3,"href":"https:\/\/vuonggroup.vn\/index.php\/wp-json\/wp\/v2\/pages\/449\/revisions"}],"predecessor-version":[{"id":454,"href":"https:\/\/vuonggroup.vn\/index.php\/wp-json\/wp\/v2\/pages\/449\/revisions\/454"}],"wp:attachment":[{"href":"https:\/\/vuonggroup.vn\/index.php\/wp-json\/wp\/v2\/media?parent=449"}],"curies":[{"name":"wp","href":"https:\/\/api.w.org\/{rel}","templated":true}]}}