{"id":446,"date":"2026-01-02T16:46:00","date_gmt":"2026-01-02T09:46:00","guid":{"rendered":"https:\/\/vuonggroup.vn\/?page_id=446"},"modified":"2026-01-02T16:46:30","modified_gmt":"2026-01-02T09:46:30","slug":"tam-nhin-va-su-menh","status":"publish","type":"page","link":"https:\/\/vuonggroup.vn\/index.php\/tam-nhin-va-su-menh\/","title":{"rendered":"T\u1ea6M NH\u00ccN V\u00c0 S\u1ee8 M\u1ec6NH"},"content":{"rendered":"<h2 data-start=\"246\" data-end=\"261\"><strong data-start=\"249\" data-end=\"261\">T\u1ea6M NH\u00ccN<\/strong><\/h2>\n<p data-start=\"263\" data-end=\"517\">T\u1eadp \u0111o\u00e0n V\u01b0\u1ee3ng Group \u0111\u1ecbnh h\u01b0\u1edbng tr\u1edf th\u00e0nh <strong data-start=\"305\" data-end=\"359\">t\u1eadp \u0111o\u00e0n kinh t\u1ebf \u0111a ng\u00e0nh uy t\u00edn h\u00e0ng \u0111\u1ea7u Vi\u1ec7t Nam<\/strong>, ph\u00e1t tri\u1ec3n b\u1ec1n v\u1eefng tr\u00ean n\u1ec1n t\u1ea3ng <strong data-start=\"395\" data-end=\"440\">ch\u1ea5t l\u01b0\u1ee3ng \u2013 s\u00e1ng t\u1ea1o \u2013 nh\u00e2n l\u1ef1c tinh hoa<\/strong>, t\u1eebng b\u01b0\u1edbc <strong data-start=\"452\" data-end=\"481\">n\u00e2ng t\u1ea7m th\u01b0\u01a1ng hi\u1ec7u Vi\u1ec7t<\/strong> tr\u00ean th\u1ecb tr\u01b0\u1eddng khu v\u1ef1c v\u00e0 qu\u1ed1c t\u1ebf.<\/p>\n<p data-start=\"519\" data-end=\"1022\">V\u01b0\u1ee3ng Group kh\u00f4ng ng\u1eebng ho\u00e0n thi\u1ec7n h\u1ec7 sinh th\u00e1i doanh nghi\u1ec7p theo h\u01b0\u1edbng chuy\u00ean nghi\u1ec7p, hi\u1ec7n \u0111\u1ea1i v\u00e0 linh ho\u1ea1t, l\u1ea5y <strong data-start=\"633\" data-end=\"660\">con ng\u01b0\u1eddi l\u00e0m trung t\u00e2m<\/strong>, l\u1ea5y <strong data-start=\"666\" data-end=\"695\">gi\u00e1 tr\u1ecb th\u1eadt l\u00e0m n\u1ec1n t\u1ea3ng<\/strong>, l\u1ea5y <strong data-start=\"701\" data-end=\"726\">uy t\u00edn v\u00e0 tr\u00e1ch nhi\u1ec7m<\/strong> l\u00e0m kim ch\u1ec9 nam trong m\u1ecdi ho\u1ea1t \u0111\u1ed9ng s\u1ea3n xu\u1ea5t \u2013 kinh doanh.<br data-start=\"785\" data-end=\"788\" \/>Trong d\u00e0i h\u1ea1n, V\u01b0\u1ee3ng Group h\u01b0\u1edbng t\u1edbi vi\u1ec7c ki\u1ebfn t\u1ea1o nh\u1eefng th\u01b0\u01a1ng hi\u1ec7u m\u1ea1nh, c\u00f3 b\u1ea3n s\u1eafc ri\u00eang, \u0111\u00f3ng g\u00f3p t\u00edch c\u1ef1c cho c\u1ed9ng \u0111\u1ed3ng v\u00e0 x\u00e3 h\u1ed9i, \u0111\u1ed3ng th\u1eddi tr\u1edf th\u00e0nh <strong data-start=\"944\" data-end=\"963\">\u0111\u1ed1i t\u00e1c tin c\u1eady<\/strong> c\u1ee7a kh\u00e1ch h\u00e0ng, nh\u00e0 \u0111\u1ea7u t\u01b0 v\u00e0 \u0111\u1ed1i t\u00e1c trong v\u00e0 ngo\u00e0i n\u01b0\u1edbc.<\/p>\n<hr data-start=\"1024\" data-end=\"1027\" \/>\n<h2 data-start=\"1029\" data-end=\"1043\"><strong data-start=\"1032\" data-end=\"1043\">S\u1ee8 M\u1ec6NH<\/strong><\/h2>\n<p data-start=\"1045\" data-end=\"1251\">V\u01b0\u1ee3ng Group ra \u0111\u1eddi v\u1edbi s\u1ee9 m\u1ec7nh <strong data-start=\"1076\" data-end=\"1145\">\u0111\u1ed3ng h\u00e0nh c\u00f9ng s\u1ef1 ph\u00e1t tri\u1ec3n c\u1ee7a kh\u00e1ch h\u00e0ng, \u0111\u1ed1i t\u00e1c v\u00e0 c\u1ed9ng \u0111\u1ed3ng<\/strong>, th\u00f4ng qua vi\u1ec7c cung c\u1ea5p c\u00e1c s\u1ea3n ph\u1ea9m \u2013 d\u1ecbch v\u1ee5 <strong data-start=\"1194\" data-end=\"1250\">ch\u1ea5t l\u01b0\u1ee3ng cao, gi\u1ea3i ph\u00e1p t\u1ed1i \u01b0u v\u00e0 gi\u00e1 tr\u1ecb b\u1ec1n v\u1eefng<\/strong>.<\/p>\n<p data-start=\"1253\" data-end=\"1270\">T\u1eadp \u0111o\u00e0n cam k\u1ebft:<\/p>\n<ul data-start=\"1271\" data-end=\"1929\">\n<li data-start=\"1271\" data-end=\"1425\">\n<p data-start=\"1273\" data-end=\"1425\">X\u00e2y d\u1ef1ng m\u00f4i tr\u01b0\u1eddng l\u00e0m vi\u1ec7c <strong data-start=\"1302\" data-end=\"1340\">chuy\u00ean nghi\u1ec7p, nh\u00e2n v\u0103n v\u00e0 k\u1ef7 lu\u1eadt<\/strong>, n\u01a1i m\u1ed7i c\u00e1 nh\u00e2n \u0111\u01b0\u1ee3c t\u00f4n tr\u1ecdng, ph\u00e1t tri\u1ec3n n\u0103ng l\u1ef1c v\u00e0 kh\u1eb3ng \u0111\u1ecbnh gi\u00e1 tr\u1ecb b\u1ea3n th\u00e2n.<\/p>\n<\/li>\n<li data-start=\"1426\" data-end=\"1582\">\n<p data-start=\"1428\" data-end=\"1582\">Ph\u00e1t tri\u1ec3n \u0111\u1ed9i ng\u0169 nh\u00e2n s\u1ef1 <strong data-start=\"1455\" data-end=\"1507\">c\u00f3 chuy\u00ean m\u00f4n, b\u1ea3n l\u0129nh v\u00e0 tinh th\u1ea7n tr\u00e1ch nhi\u1ec7m<\/strong>, \u0111\u1ee7 n\u0103ng l\u1ef1c th\u00edch \u1ee9ng v\u1edbi s\u1ef1 thay \u0111\u1ed5i c\u1ee7a th\u1ecb tr\u01b0\u1eddng v\u00e0 h\u1ed9i nh\u1eadp qu\u1ed1c t\u1ebf.<\/p>\n<\/li>\n<li data-start=\"1583\" data-end=\"1754\">\n<p data-start=\"1585\" data-end=\"1754\">Kh\u00f4ng ng\u1eebng \u0111\u1ed5i m\u1edbi t\u01b0 duy qu\u1ea3n tr\u1ecb, \u1ee9ng d\u1ee5ng khoa h\u1ecdc \u2013 c\u00f4ng ngh\u1ec7 v\u00e0 s\u00e1ng t\u1ea1o \u0111\u1ec3 <strong data-start=\"1667\" data-end=\"1698\">n\u00e2ng cao hi\u1ec7u qu\u1ea3 ho\u1ea1t \u0111\u1ed9ng<\/strong>, t\u1ed1i \u01b0u ngu\u1ed3n l\u1ef1c v\u00e0 gia t\u0103ng gi\u00e1 tr\u1ecb cho doanh nghi\u1ec7p.<\/p>\n<\/li>\n<li data-start=\"1755\" data-end=\"1929\">\n<p data-start=\"1757\" data-end=\"1929\">G\u00f3p ph\u1ea7n <strong data-start=\"1766\" data-end=\"1805\">x\u00e2y d\u1ef1ng th\u01b0\u01a1ng hi\u1ec7u Vi\u1ec7t v\u1eefng m\u1ea1nh<\/strong>, t\u1ea1o ra nh\u1eefng gi\u00e1 tr\u1ecb t\u00edch c\u1ef1c cho x\u00e3 h\u1ed9i, th\u00fac \u0111\u1ea9y ph\u00e1t tri\u1ec3n kinh t\u1ebf b\u1ec1n v\u1eefng v\u00e0 n\u00e2ng cao ch\u1ea5t l\u01b0\u1ee3ng cu\u1ed9c s\u1ed1ng c\u1ed9ng \u0111\u1ed3ng.<\/p>\n<\/li>\n<\/ul>\n","protected":false},"excerpt":{"rendered":"<p>T\u1ea6M NH\u00ccN T\u1eadp \u0111o\u00e0n V\u01b0\u1ee3ng Group \u0111\u1ecbnh h\u01b0\u1edbng tr\u1edf th\u00e0nh t\u1eadp \u0111o\u00e0n kinh t\u1ebf \u0111a ng\u00e0nh uy t\u00edn h\u00e0ng \u0111\u1ea7u Vi\u1ec7t Nam, ph\u00e1t tri\u1ec3n b\u1ec1n v\u1eefng tr\u00ean n\u1ec1n t\u1ea3ng ch\u1ea5t l\u01b0\u1ee3ng \u2013 s\u00e1ng t\u1ea1o \u2013 nh\u00e2n l\u1ef1c tinh hoa, t\u1eebng b\u01b0\u1edbc n\u00e2ng t\u1ea7m th\u01b0\u01a1ng hi\u1ec7u Vi\u1ec7t tr\u00ean th\u1ecb tr\u01b0\u1eddng khu v\u1ef1c v\u00e0 qu\u1ed1c t\u1ebf. V\u01b0\u1ee3ng [&#8230;]\n","protected":false},"author":1,"featured_media":0,"parent":0,"menu_order":0,"comment_status":"closed","ping_status":"closed","template":"","meta":{"om_disable_all_campaigns":false,"_monsterinsights_skip_tracking":false,"_monsterinsights_sitenote_active":false,"_monsterinsights_sitenote_note":"","_monsterinsights_sitenote_category":0,"footnotes":""},"class_list":["post-446","page","type-page","status-publish","hentry"],"aioseo_notices":[],"yoast_head":"<!-- This site is optimized with the Yoast SEO plugin v26.9 - https:\/\/yoast.com\/product\/yoast-seo-wordpress\/ -->\r\n<title>T\u1ea6M NH\u00ccN V\u00c0 S\u1ee8 M\u1ec6NH - T\u1eadp \u0111o\u00e0n V\u01b0\u1ee3ng Group<\/title>\r\n<meta name=\"robots\" content=\"index, follow, max-snippet:-1, max-image-preview:large, max-video-preview:-1\" \/>\r\n<link rel=\"canonical\" href=\"https:\/\/vuonggroup.vn\/index.php\/tam-nhin-va-su-menh\/\" \/>\r\n<meta property=\"og:locale\" content=\"vi_VN\" \/>\r\n<meta property=\"og:type\" content=\"article\" \/>\r\n<meta property=\"og:title\" content=\"T\u1ea6M NH\u00ccN V\u00c0 S\u1ee8 M\u1ec6NH - T\u1eadp \u0111o\u00e0n V\u01b0\u1ee3ng Group\" \/>\r\n<meta property=\"og:description\" content=\"T\u1ea6M NH\u00ccN T\u1eadp \u0111o\u00e0n V\u01b0\u1ee3ng Group \u0111\u1ecbnh h\u01b0\u1edbng tr\u1edf th\u00e0nh t\u1eadp \u0111o\u00e0n kinh t\u1ebf \u0111a ng\u00e0nh uy t\u00edn h\u00e0ng \u0111\u1ea7u Vi\u1ec7t Nam, ph\u00e1t tri\u1ec3n b\u1ec1n v\u1eefng tr\u00ean n\u1ec1n t\u1ea3ng ch\u1ea5t l\u01b0\u1ee3ng \u2013 s\u00e1ng t\u1ea1o \u2013 nh\u00e2n l\u1ef1c tinh hoa, t\u1eebng b\u01b0\u1edbc n\u00e2ng t\u1ea7m th\u01b0\u01a1ng hi\u1ec7u Vi\u1ec7t tr\u00ean th\u1ecb tr\u01b0\u1eddng khu v\u1ef1c v\u00e0 qu\u1ed1c t\u1ebf. V\u01b0\u1ee3ng [...]\" \/>\r\n<meta property=\"og:url\" content=\"https:\/\/vuonggroup.vn\/index.php\/tam-nhin-va-su-menh\/\" \/>\r\n<meta property=\"og:site_name\" content=\"T\u1eadp \u0111o\u00e0n V\u01b0\u1ee3ng Group\" \/>\r\n<meta property=\"article:publisher\" content=\"https:\/\/www.facebook.com\/profile.php?id=61585355376511\" \/>\r\n<meta property=\"article:modified_time\" content=\"2026-01-02T09:46:30+00:00\" \/>\r\n<meta name=\"twitter:card\" content=\"summary_large_image\" \/>\r\n<meta name=\"twitter:label1\" content=\"\u01af\u1edbc t\u00ednh th\u1eddi gian \u0111\u1ecdc\" \/>\n\t<meta name=\"twitter:data1\" content=\"3 ph\u00fat\" \/>\r\n<script type=\"application\/ld+json\" class=\"yoast-schema-graph\">{\"@context\":\"https:\/\/schema.org\",\"@graph\":[{\"@type\":\"WebPage\",\"@id\":\"https:\/\/vuonggroup.vn\/index.php\/tam-nhin-va-su-menh\/\",\"url\":\"https:\/\/vuonggroup.vn\/index.php\/tam-nhin-va-su-menh\/\",\"name\":\"T\u1ea6M NH\u00ccN V\u00c0 S\u1ee8 M\u1ec6NH - T\u1eadp \u0111o\u00e0n V\u01b0\u1ee3ng Group\",\"isPartOf\":{\"@id\":\"https:\/\/vuonggroup.vn\/#website\"},\"datePublished\":\"2026-01-02T09:46:00+00:00\",\"dateModified\":\"2026-01-02T09:46:30+00:00\",\"breadcrumb\":{\"@id\":\"https:\/\/vuonggroup.vn\/index.php\/tam-nhin-va-su-menh\/#breadcrumb\"},\"inLanguage\":\"vi\",\"potentialAction\":[{\"@type\":\"ReadAction\",\"target\":[\"https:\/\/vuonggroup.vn\/index.php\/tam-nhin-va-su-menh\/\"]}]},{\"@type\":\"BreadcrumbList\",\"@id\":\"https:\/\/vuonggroup.vn\/index.php\/tam-nhin-va-su-menh\/#breadcrumb\",\"itemListElement\":[{\"@type\":\"ListItem\",\"position\":1,\"name\":\"Trang ch\u1ee7\",\"item\":\"https:\/\/vuonggroup.vn\/\"},{\"@type\":\"ListItem\",\"position\":2,\"name\":\"T\u1ea6M NH\u00ccN V\u00c0 S\u1ee8 M\u1ec6NH\"}]},{\"@type\":\"WebSite\",\"@id\":\"https:\/\/vuonggroup.vn\/#website\",\"url\":\"https:\/\/vuonggroup.vn\/\",\"name\":\"T\u1eadp \u0111o\u00e0n V\u01b0\u1ee3ng Group\",\"description\":\"\",\"publisher\":{\"@id\":\"https:\/\/vuonggroup.vn\/#organization\"},\"potentialAction\":[{\"@type\":\"SearchAction\",\"target\":{\"@type\":\"EntryPoint\",\"urlTemplate\":\"https:\/\/vuonggroup.vn\/?s={search_term_string}\"},\"query-input\":{\"@type\":\"PropertyValueSpecification\",\"valueRequired\":true,\"valueName\":\"search_term_string\"}}],\"inLanguage\":\"vi\"},{\"@type\":\"Organization\",\"@id\":\"https:\/\/vuonggroup.vn\/#organization\",\"name\":\"T\u1eadp \u0111o\u00e0n V\u01b0\u1ee3ng Group\",\"url\":\"https:\/\/vuonggroup.vn\/\",\"logo\":{\"@type\":\"ImageObject\",\"inLanguage\":\"vi\",\"@id\":\"https:\/\/vuonggroup.vn\/#\/schema\/logo\/image\/\",\"url\":\"https:\/\/vuonggroup.vn\/wp-content\/uploads\/2025\/12\/Logo-Vuonggroup-file-PNG.png\",\"contentUrl\":\"https:\/\/vuonggroup.vn\/wp-content\/uploads\/2025\/12\/Logo-Vuonggroup-file-PNG.png\",\"width\":2000,\"height\":2000,\"caption\":\"T\u1eadp \u0111o\u00e0n V\u01b0\u1ee3ng Group\"},\"image\":{\"@id\":\"https:\/\/vuonggroup.vn\/#\/schema\/logo\/image\/\"},\"sameAs\":[\"https:\/\/www.facebook.com\/profile.php?id=61585355376511\"]}]}<\/script>\r\n<!-- \/ Yoast SEO plugin. -->","yoast_head_json":{"title":"T\u1ea6M NH\u00ccN V\u00c0 S\u1ee8 M\u1ec6NH - T\u1eadp \u0111o\u00e0n V\u01b0\u1ee3ng Group","robots":{"index":"index","follow":"follow","max-snippet":"max-snippet:-1","max-image-preview":"max-image-preview:large","max-video-preview":"max-video-preview:-1"},"canonical":"https:\/\/vuonggroup.vn\/index.php\/tam-nhin-va-su-menh\/","og_locale":"vi_VN","og_type":"article","og_title":"T\u1ea6M NH\u00ccN V\u00c0 S\u1ee8 M\u1ec6NH - T\u1eadp \u0111o\u00e0n V\u01b0\u1ee3ng Group","og_description":"T\u1ea6M NH\u00ccN T\u1eadp \u0111o\u00e0n V\u01b0\u1ee3ng Group \u0111\u1ecbnh h\u01b0\u1edbng tr\u1edf th\u00e0nh t\u1eadp \u0111o\u00e0n kinh t\u1ebf \u0111a ng\u00e0nh uy t\u00edn h\u00e0ng \u0111\u1ea7u Vi\u1ec7t Nam, ph\u00e1t tri\u1ec3n b\u1ec1n v\u1eefng tr\u00ean n\u1ec1n t\u1ea3ng ch\u1ea5t l\u01b0\u1ee3ng \u2013 s\u00e1ng t\u1ea1o \u2013 nh\u00e2n l\u1ef1c tinh hoa, t\u1eebng b\u01b0\u1edbc n\u00e2ng t\u1ea7m th\u01b0\u01a1ng hi\u1ec7u Vi\u1ec7t tr\u00ean th\u1ecb tr\u01b0\u1eddng khu v\u1ef1c v\u00e0 qu\u1ed1c t\u1ebf. V\u01b0\u1ee3ng [...]","og_url":"https:\/\/vuonggroup.vn\/index.php\/tam-nhin-va-su-menh\/","og_site_name":"T\u1eadp \u0111o\u00e0n V\u01b0\u1ee3ng Group","article_publisher":"https:\/\/www.facebook.com\/profile.php?id=61585355376511","article_modified_time":"2026-01-02T09:46:30+00:00","twitter_card":"summary_large_image","twitter_misc":{"\u01af\u1edbc t\u00ednh th\u1eddi gian \u0111\u1ecdc":"3 ph\u00fat"},"schema":{"@context":"https:\/\/schema.org","@graph":[{"@type":"WebPage","@id":"https:\/\/vuonggroup.vn\/index.php\/tam-nhin-va-su-menh\/","url":"https:\/\/vuonggroup.vn\/index.php\/tam-nhin-va-su-menh\/","name":"T\u1ea6M NH\u00ccN V\u00c0 S\u1ee8 M\u1ec6NH - T\u1eadp \u0111o\u00e0n V\u01b0\u1ee3ng Group","isPartOf":{"@id":"https:\/\/vuonggroup.vn\/#website"},"datePublished":"2026-01-02T09:46:00+00:00","dateModified":"2026-01-02T09:46:30+00:00","breadcrumb":{"@id":"https:\/\/vuonggroup.vn\/index.php\/tam-nhin-va-su-menh\/#breadcrumb"},"inLanguage":"vi","potentialAction":[{"@type":"ReadAction","target":["https:\/\/vuonggroup.vn\/index.php\/tam-nhin-va-su-menh\/"]}]},{"@type":"BreadcrumbList","@id":"https:\/\/vuonggroup.vn\/index.php\/tam-nhin-va-su-menh\/#breadcrumb","itemListElement":[{"@type":"ListItem","position":1,"name":"Trang ch\u1ee7","item":"https:\/\/vuonggroup.vn\/"},{"@type":"ListItem","position":2,"name":"T\u1ea6M NH\u00ccN V\u00c0 S\u1ee8 M\u1ec6NH"}]},{"@type":"WebSite","@id":"https:\/\/vuonggroup.vn\/#website","url":"https:\/\/vuonggroup.vn\/","name":"T\u1eadp \u0111o\u00e0n V\u01b0\u1ee3ng Group","description":"","publisher":{"@id":"https:\/\/vuonggroup.vn\/#organization"},"potentialAction":[{"@type":"SearchAction","target":{"@type":"EntryPoint","urlTemplate":"https:\/\/vuonggroup.vn\/?s={search_term_string}"},"query-input":{"@type":"PropertyValueSpecification","valueRequired":true,"valueName":"search_term_string"}}],"inLanguage":"vi"},{"@type":"Organization","@id":"https:\/\/vuonggroup.vn\/#organization","name":"T\u1eadp \u0111o\u00e0n V\u01b0\u1ee3ng Group","url":"https:\/\/vuonggroup.vn\/","logo":{"@type":"ImageObject","inLanguage":"vi","@id":"https:\/\/vuonggroup.vn\/#\/schema\/logo\/image\/","url":"https:\/\/vuonggroup.vn\/wp-content\/uploads\/2025\/12\/Logo-Vuonggroup-file-PNG.png","contentUrl":"https:\/\/vuonggroup.vn\/wp-content\/uploads\/2025\/12\/Logo-Vuonggroup-file-PNG.png","width":2000,"height":2000,"caption":"T\u1eadp \u0111o\u00e0n V\u01b0\u1ee3ng Group"},"image":{"@id":"https:\/\/vuonggroup.vn\/#\/schema\/logo\/image\/"},"sameAs":["https:\/\/www.facebook.com\/profile.php?id=61585355376511"]}]}},"_links":{"self":[{"href":"https:\/\/vuonggroup.vn\/index.php\/wp-json\/wp\/v2\/pages\/446","targetHints":{"allow":["GET"]}}],"collection":[{"href":"https:\/\/vuonggroup.vn\/index.php\/wp-json\/wp\/v2\/pages"}],"about":[{"href":"https:\/\/vuonggroup.vn\/index.php\/wp-json\/wp\/v2\/types\/page"}],"author":[{"embeddable":true,"href":"https:\/\/vuonggroup.vn\/index.php\/wp-json\/wp\/v2\/users\/1"}],"replies":[{"embeddable":true,"href":"https:\/\/vuonggroup.vn\/index.php\/wp-json\/wp\/v2\/comments?post=446"}],"version-history":[{"count":2,"href":"https:\/\/vuonggroup.vn\/index.php\/wp-json\/wp\/v2\/pages\/446\/revisions"}],"predecessor-version":[{"id":448,"href":"https:\/\/vuonggroup.vn\/index.php\/wp-json\/wp\/v2\/pages\/446\/revisions\/448"}],"wp:attachment":[{"href":"https:\/\/vuonggroup.vn\/index.php\/wp-json\/wp\/v2\/media?parent=446"}],"curies":[{"name":"wp","href":"https:\/\/api.w.org\/{rel}","templated":true}]}}