{"id":421,"date":"2025-12-27T14:38:08","date_gmt":"2025-12-27T07:38:08","guid":{"rendered":"https:\/\/vuonggroup.vn\/?page_id=421"},"modified":"2026-01-12T09:14:37","modified_gmt":"2026-01-12T02:14:37","slug":"vgl-vinamex-2026","status":"publish","type":"page","link":"https:\/\/vuonggroup.vn\/index.php\/vgl-vinamex-2026\/","title":{"rendered":"VGL VINAMEX"},"content":{"rendered":"<p><span style=\"font-weight: 400;\">Trong b\u1ed1i c\u1ea3nh kinh t\u1ebf to\u00e0n c\u1ea7u ng\u00e0y c\u00e0ng li\u00ean k\u1ebft ch\u1eb7t ch\u1ebd, ho\u1ea1t \u0111\u1ed9ng th\u01b0\u01a1ng m\u1ea1i &#8211; xu\u1ea5t nh\u1eadp kh\u1ea9u &#8211; ph\u00e2n ph\u1ed1i h\u00e0ng h\u00f3a \u0111\u00f3ng vai tr\u00f2 then ch\u1ed1t trong s\u1ef1 ph\u00e1t tri\u1ec3n c\u1ee7a doanh nghi\u1ec7p v\u00e0 chu\u1ed7i cung \u1ee9ng. M\u1ed9t \u0111\u01a1n v\u1ecb th\u01b0\u01a1ng m\u1ea1i uy t\u00edn kh\u00f4ng ch\u1ec9 d\u1eebng l\u1ea1i \u1edf vi\u1ec7c mua b\u00e1n h\u00e0ng h\u00f3a, m\u00e0 c\u00f2n ph\u1ea3i cung c\u1ea5p gi\u1ea3i ph\u00e1p d\u1ecbch v\u1ee5 \u0111\u1ed3ng b\u1ed9, linh ho\u1ea1t v\u00e0 tu\u00e2n th\u1ee7 ph\u00e1p l\u00fd, gi\u00fap \u0111\u1ed1i t\u00e1c t\u1ed1i \u01b0u chi ph\u00ed v\u00e0 m\u1edf r\u1ed9ng th\u1ecb tr\u01b0\u1eddng b\u1ec1n v\u1eefng.<\/span><\/p>\n<p><span style=\"font-weight: 400;\">C\u00f4ng ty VGL Vinamex \u0111\u01b0\u1ee3c th\u00e0nh l\u1eadp v\u1edbi \u0111\u1ecbnh h\u01b0\u1edbng tr\u1edf th\u00e0nh doanh nghi\u1ec7p ho\u1ea1t \u0111\u1ed9ng \u0111a l\u0129nh v\u1ef1c trong d\u1ecbch v\u1ee5, th\u01b0\u01a1ng m\u1ea1i, xu\u1ea5t nh\u1eadp kh\u1ea9u, b\u00e1n bu\u00f4n v\u00e0 b\u00e1n l\u1ebb, \u0111\u00f3ng vai tr\u00f2 l\u00e0 c\u1ea7u n\u1ed1i hi\u1ec7u qu\u1ea3 gi\u1eefa nh\u00e0 s\u1ea3n xu\u1ea5t, nh\u00e0 cung c\u1ea5p v\u00e0 th\u1ecb tr\u01b0\u1eddng trong n\u01b0\u1edbc \u2013 qu\u1ed1c t\u1ebf.<\/span><\/p>\n<h2><b>Gi\u1edbi thi\u1ec7u chung v\u1ec1 C\u00f4ng ty VGL Vinamex<\/b><\/h2>\n<p><span style=\"font-weight: 400;\">VGL Vinamex ho\u1ea1t \u0111\u1ed9ng trong c\u00e1c l\u0129nh v\u1ef1c tr\u1ecdng t\u00e2m:<\/span><\/p>\n<ul>\n<li style=\"font-weight: 400;\" aria-level=\"1\"><span style=\"font-weight: 400;\">\ud83e\udd1d D\u1ecbch v\u1ee5 th\u01b0\u01a1ng m\u1ea1i &amp; h\u1ed7 tr\u1ee3 kinh doanh<\/span><\/li>\n<li style=\"font-weight: 400;\" aria-level=\"1\"><span style=\"font-weight: 400;\">\ud83c\udf0dXu\u1ea5t nh\u1eadp kh\u1ea9u h\u00e0ng h\u00f3a<\/span><\/li>\n<li style=\"font-weight: 400;\" aria-level=\"1\"><span style=\"font-weight: 400;\">\ud83d\udce6Ph\u00e2n ph\u1ed1i &#8211; b\u00e1n bu\u00f4n &#8211; b\u00e1n l\u1ebb \u0111a d\u1ea1ng ng\u00e0nh h\u00e0ng<\/span><\/li>\n<li style=\"font-weight: 400;\" aria-level=\"1\"><span style=\"font-weight: 400;\">\ud83d\udd04 K\u1ebft n\u1ed1i cung &#8211; c\u1ea7u trong n\u01b0\u1edbc v\u00e0 qu\u1ed1c t\u1ebf<\/span><\/li>\n<\/ul>\n<p><span style=\"font-weight: 400;\">C\u00f4ng ty x\u00e2y d\u1ef1ng h\u1ec7 th\u1ed1ng v\u1eadn h\u00e0nh b\u00e0i b\u1ea3n, tu\u00e2n th\u1ee7 ph\u00e1p l\u00fd v\u00e0 ti\u00eau chu\u1ea9n th\u01b0\u01a1ng m\u1ea1i, h\u01b0\u1edbng t\u1edbi vi\u1ec7c t\u1ed1i \u01b0u chi ph\u00ed, th\u1eddi gian v\u00e0 hi\u1ec7u qu\u1ea3 giao d\u1ecbch cho kh\u00e1ch h\u00e0ng, \u0111\u1ed1i t\u00e1c v\u00e0 nh\u00e0 ph\u00e2n ph\u1ed1i.<\/span><\/p>\n<h2><b>T\u1ea7m nh\u00ecn &amp; S\u1ee9 m\u1ec7nh &amp; \u0110\u1ecbnh h\u01b0\u1edbng ph\u00e1t tri\u1ec3n c\u1ee7a VGL Vinamex<\/b><\/h2>\n<p><b>T\u1ea7m nh\u00ecn:<\/b><\/p>\n<p><span style=\"font-weight: 400;\">VGL Vinamex h\u01b0\u1edbng \u0111\u1ebfn:<\/span><\/p>\n<p><span style=\"font-weight: 400;\">\u201cTr\u1edf th\u00e0nh doanh nghi\u1ec7p th\u01b0\u01a1ng m\u1ea1i \u2013 xu\u1ea5t nh\u1eadp kh\u1ea9u uy t\u00edn, g\u00f3p ph\u1ea7n th\u00fac \u0111\u1ea9y l\u01b0u th\u00f4ng h\u00e0ng h\u00f3a v\u00e0 k\u1ebft n\u1ed1i th\u1ecb tr\u01b0\u1eddng trong n\u01b0\u1edbc v\u1edbi qu\u1ed1c t\u1ebf.\u201d<\/span><\/p>\n<p><b>S\u1ee9 m\u1ec7nh<\/b><\/p>\n<ul>\n<li style=\"font-weight: 400;\" aria-level=\"1\"><span style=\"font-weight: 400;\">Cung c\u1ea5p gi\u1ea3i ph\u00e1p th\u01b0\u01a1ng m\u1ea1i v\u00e0 d\u1ecbch v\u1ee5 hi\u1ec7u qu\u1ea3<\/span><\/li>\n<li style=\"font-weight: 400;\" aria-level=\"1\"><span style=\"font-weight: 400;\">H\u1ed7 tr\u1ee3 doanh nghi\u1ec7p m\u1edf r\u1ed9ng th\u1ecb tr\u01b0\u1eddng ti\u00eau th\u1ee5<\/span><\/li>\n<li style=\"font-weight: 400;\" aria-level=\"1\"><span style=\"font-weight: 400;\">\u0110\u1ea3m b\u1ea3o ho\u1ea1t \u0111\u1ed9ng mua b\u00e1n minh b\u1ea1ch, \u0111\u00fang quy \u0111\u1ecbnh<\/span><\/li>\n<\/ul>\n<p><b>\u0110\u1ecbnh h\u01b0\u1edbng ph\u00e1t tri\u1ec3n<\/b><span style=\"font-weight: 400;\">:<\/span><\/p>\n<ul>\n<li style=\"font-weight: 400;\" aria-level=\"1\"><span style=\"font-weight: 400;\">Cung c\u1ea5p d\u1ecbch v\u1ee5 v\u00e0 gi\u1ea3i ph\u00e1p th\u01b0\u01a1ng m\u1ea1i \u0111\u00e1ng tin c\u1eady<\/span><\/li>\n<li style=\"font-weight: 400;\" aria-level=\"1\"><span style=\"font-weight: 400;\">Th\u00fac \u0111\u1ea9y ho\u1ea1t \u0111\u1ed9ng xu\u1ea5t nh\u1eadp kh\u1ea9u minh b\u1ea1ch, \u0111\u00fang quy \u0111\u1ecbnh<\/span><\/li>\n<li style=\"font-weight: 400;\" aria-level=\"1\"><span style=\"font-weight: 400;\">G\u00f3p ph\u1ea7n m\u1edf r\u1ed9ng th\u1ecb tr\u01b0\u1eddng cho s\u1ea3n ph\u1ea9m trong n\u01b0\u1edbc v\u00e0 qu\u1ed1c t\u1ebf<\/span><\/li>\n<li style=\"font-weight: 400;\" aria-level=\"1\"><span style=\"font-weight: 400;\">\u0110\u1ed3ng h\u00e0nh c\u00f9ng \u0111\u1ed1i t\u00e1c trong chi\u1ebfn l\u01b0\u1ee3c kinh doanh d\u00e0i h\u1ea1n<\/span><\/li>\n<\/ul>\n<h2><b>Danh m\u1ee5c ng\u00e0nh h\u00e0ng &amp; s\u1ea3n ph\u1ea9m<\/b><\/h2>\n<p><span style=\"font-weight: 400;\">VGL Vinamex kinh doanh v\u00e0 ph\u00e2n ph\u1ed1i \u0111a d\u1ea1ng ng\u00e0nh h\u00e0ng (t\u00f9y theo t\u1eebng giai \u0111o\u1ea1n ph\u00e1t tri\u1ec3n), \u0111\u00e1p \u1ee9ng:<\/span><\/p>\n<ul>\n<li style=\"font-weight: 400;\" aria-level=\"1\"><span style=\"font-weight: 400;\">Nhu c\u1ea7u ti\u00eau d\u00f9ng trong n\u01b0\u1edbc<\/span><\/li>\n<li style=\"font-weight: 400;\" aria-level=\"1\"><span style=\"font-weight: 400;\">Nhu c\u1ea7u th\u01b0\u01a1ng m\u1ea1i v\u00e0 xu\u1ea5t nh\u1eadp kh\u1ea9u<\/span><\/li>\n<li style=\"font-weight: 400;\" aria-level=\"1\"><span style=\"font-weight: 400;\">Nhu c\u1ea7u ph\u00e2n ph\u1ed1i cho h\u1ec7 th\u1ed1ng b\u00e1n bu\u00f4n \u2013 b\u00e1n l\u1ebb<\/span><\/li>\n<\/ul>\n<p><span style=\"font-weight: 400;\">Doanh nghi\u1ec7p lu\u00f4n \u01b0u ti\u00ean ch\u1ea5t l\u01b0\u1ee3ng s\u1ea3n ph\u1ea9m, ngu\u1ed3n g\u1ed1c r\u00f5 r\u00e0ng v\u00e0 kh\u1ea3 n\u0103ng cung \u1ee9ng \u1ed5n \u0111\u1ecbnh.<\/span><\/p>\n<h2><b>Quy tr\u00ecnh th\u01b0\u01a1ng m\u1ea1i &amp; xu\u1ea5t nh\u1eadp kh\u1ea9u<\/b><\/h2>\n<p><span style=\"font-weight: 400;\">VGL Vinamex x\u00e2y d\u1ef1ng quy tr\u00ecnh l\u00e0m vi\u1ec7c chuy\u00ean nghi\u1ec7p:<\/span><\/p>\n<ol>\n<li style=\"font-weight: 400;\" aria-level=\"1\"><span style=\"font-weight: 400;\">Ti\u1ebfp nh\u1eadn nhu c\u1ea7u v\u00e0 t\u01b0 v\u1ea5n gi\u1ea3i ph\u00e1p<\/span><\/li>\n<li style=\"font-weight: 400;\" aria-level=\"1\"><span style=\"font-weight: 400;\">\u0110\u00e0m ph\u00e1n th\u01b0\u01a1ng m\u1ea1i v\u00e0 k\u00fd k\u1ebft h\u1ee3p \u0111\u1ed3ng<\/span><\/li>\n<li style=\"font-weight: 400;\" aria-level=\"1\"><span style=\"font-weight: 400;\">Th\u1ef1c hi\u1ec7n th\u1ee7 t\u1ee5c xu\u1ea5t nh\u1eadp kh\u1ea9u<\/span><\/li>\n<li style=\"font-weight: 400;\" aria-level=\"1\"><span style=\"font-weight: 400;\">Ph\u1ed1i h\u1ee3p v\u1eadn chuy\u1ec3n v\u00e0 giao nh\u1eadn<\/span><\/li>\n<li style=\"font-weight: 400;\" aria-level=\"1\"><span style=\"font-weight: 400;\">Ki\u1ec3m tra, b\u00e0n giao v\u00e0 h\u1eadu m\u00e3i<\/span><\/li>\n<\/ol>\n<p><span style=\"font-weight: 400;\">Quy tr\u00ecnh n\u00e0y gi\u00fap t\u1ed1i \u01b0u th\u1eddi gian, chi ph\u00ed v\u00e0 h\u1ea1n ch\u1ebf r\u1ee7i ro trong giao d\u1ecbch<\/span><\/p>\n<h2><b>Cam k\u1ebft v\u1ec1 ph\u00e1p l\u00fd &amp; minh b\u1ea1ch<\/b><\/h2>\n<p><span style=\"font-weight: 400;\">VGL Vinamex \u0111\u1eb7c bi\u1ec7t ch\u00fa tr\u1ecdng:<\/span><\/p>\n<ul>\n<li style=\"font-weight: 400;\" aria-level=\"1\"><span style=\"font-weight: 400;\">Tu\u00e2n th\u1ee7 quy \u0111\u1ecbnh ph\u00e1p lu\u1eadt th\u01b0\u01a1ng m\u1ea1i<\/span><\/li>\n<li style=\"font-weight: 400;\" aria-level=\"1\"><span style=\"font-weight: 400;\">Th\u1ef1c hi\u1ec7n \u0111\u1ea7y \u0111\u1ee7 ngh\u0129a v\u1ee5 thu\u1ebf v\u00e0 ch\u1ee9ng t\u1eeb<\/span><\/li>\n<li style=\"font-weight: 400;\" aria-level=\"1\"><span style=\"font-weight: 400;\">Minh b\u1ea1ch trong h\u1ee3p \u0111\u1ed3ng v\u00e0 giao d\u1ecbch<\/span><\/li>\n<\/ul>\n<p><span style=\"font-weight: 400;\">\u0110\u00e2y l\u00e0 n\u1ec1n t\u1ea3ng gi\u00fap doanh nghi\u1ec7p x\u00e2y d\u1ef1ng uy t\u00edn v\u00e0 s\u1ef1 tin c\u1eady l\u00e2u d\u00e0i.<\/span><\/p>\n<h2><b>Gi\u00e1 tr\u1ecb c\u1ed1t l\u00f5i c\u1ee7a C\u00f4ng ty VGL Vinamex<\/b><\/h2>\n<h3><b>1. Chuy\u00ean m\u00f4n &amp; Hi\u1ec3u bi\u1ebft th\u1ecb tr\u01b0\u1eddng (Expertise)<\/b><\/h3>\n<p><span style=\"font-weight: 400;\">VGL Vinamex s\u1edf h\u1eefu \u0111\u1ed9i ng\u0169 nh\u00e2n s\u1ef1 c\u00f3 ki\u1ebfn th\u1ee9c chuy\u00ean m\u00f4n v\u1ec1 th\u01b0\u01a1ng m\u1ea1i, xu\u1ea5t nh\u1eadp kh\u1ea9u v\u00e0 ph\u00e2n ph\u1ed1i, am hi\u1ec3u quy tr\u00ecnh giao d\u1ecbch v\u00e0 ph\u00e1p l\u00fd trong n\u01b0\u1edbc \u2013 qu\u1ed1c t\u1ebf.<\/span><\/p>\n<h3><b>2. Uy t\u00edn &amp; Minh b\u1ea1ch (Trustworthiness)<\/b><\/h3>\n<p><span style=\"font-weight: 400;\">C\u00f4ng ty cam k\u1ebft minh b\u1ea1ch trong giao d\u1ecbch, r\u00f5 r\u00e0ng trong h\u1ee3p \u0111\u1ed3ng v\u00e0 tu\u00e2n th\u1ee7 ph\u00e1p lu\u1eadt, t\u1ea1o n\u1ec1n t\u1ea3ng ni\u1ec1m tin cho m\u1ecdi m\u1ed1i quan h\u1ec7 h\u1ee3p t\u00e1c.<\/span><\/p>\n<h3><b>3. Tr\u1ea3i nghi\u1ec7m &amp; Hi\u1ec7u qu\u1ea3 (Experience)<\/b><\/h3>\n<p><span style=\"font-weight: 400;\">M\u1ed7i d\u1ecbch v\u1ee5 c\u1ee7a VGL Vinamex \u0111\u1ec1u h\u01b0\u1edbng t\u1edbi hi\u1ec7u qu\u1ea3 th\u1ef1c ti\u1ec5n, gi\u00fap kh\u00e1ch h\u00e0ng v\u00e0 \u0111\u1ed1i t\u00e1c t\u1ed1i \u01b0u ho\u1ea1t \u0111\u1ed9ng kinh doanh v\u00e0 ph\u00e2n ph\u1ed1i.<\/span><\/p>\n<h3><b>4. Linh ho\u1ea1t &amp; Th\u00edch \u1ee9ng<\/b><\/h3>\n<p><span style=\"font-weight: 400;\">VGL Vinamex lu\u00f4n s\u1eb5n s\u00e0ng th\u00edch \u1ee9ng v\u1edbi bi\u1ebfn \u0111\u1ed9ng th\u1ecb tr\u01b0\u1eddng, cung c\u1ea5p gi\u1ea3i ph\u00e1p linh ho\u1ea1t ph\u00f9 h\u1ee3p v\u1edbi t\u1eebng m\u00f4 h\u00ecnh kinh doanh.<\/span><\/p>\n<h3><b>5. H\u1ee3p t\u00e1c b\u1ec1n v\u1eefng<\/b><\/h3>\n<p><span style=\"font-weight: 400;\">C\u00f4ng ty coi tr\u1ecdng m\u1ed1i quan h\u1ec7 l\u00e2u d\u00e0i, h\u01b0\u1edbng t\u1edbi c\u00f9ng ph\u00e1t tri\u1ec3n \u2013 c\u00f9ng chia s\u1ebb gi\u00e1 tr\u1ecb v\u1edbi \u0111\u1ed1i t\u00e1c, nh\u00e0 cung c\u1ea5p v\u00e0 kh\u00e1ch h\u00e0ng.<\/span><\/p>\n<h2><b>Vai tr\u00f2 c\u1ee7a VGL Vinamex trong chu\u1ed7i cung \u1ee9ng &amp; th\u01b0\u01a1ng m\u1ea1i<\/b><\/h2>\n<p><span style=\"font-weight: 400;\">Trong h\u1ec7 sinh th\u00e1i th\u01b0\u01a1ng m\u1ea1i hi\u1ec7n \u0111\u1ea1i, VGL Vinamex \u0111\u00f3ng vai tr\u00f2 nh\u01b0 m\u1ed9t m\u1eaft x\u00edch trung gian quan tr\u1ecdng, gi\u00fap:<\/span><\/p>\n<ul>\n<li style=\"font-weight: 400;\" aria-level=\"1\"><span style=\"font-weight: 400;\">K\u1ebft n\u1ed1i nh\u00e0 s\u1ea3n xu\u1ea5t \u2013 nh\u00e0 ph\u00e2n ph\u1ed1i \u2013 th\u1ecb tr\u01b0\u1eddng ti\u00eau th\u1ee5<\/span><\/li>\n<li style=\"font-weight: 400;\" aria-level=\"1\"><span style=\"font-weight: 400;\">T\u1ed1i \u01b0u lu\u1ed3ng l\u01b0u th\u00f4ng h\u00e0ng h\u00f3a<\/span><\/li>\n<li style=\"font-weight: 400;\" aria-level=\"1\"><span style=\"font-weight: 400;\">Gi\u1ea3m thi\u1ec3u chi ph\u00ed v\u1eadn h\u00e0nh cho \u0111\u1ed1i t\u00e1c<\/span><\/li>\n<\/ul>\n<p><span style=\"font-weight: 400;\">Th\u00f4ng qua d\u1ecbch v\u1ee5 th\u01b0\u01a1ng m\u1ea1i v\u00e0 xu\u1ea5t nh\u1eadp kh\u1ea9u, VGL Vinamex h\u1ed7 tr\u1ee3 doanh nghi\u1ec7p ti\u1ebfp c\u1eadn th\u1ecb tr\u01b0\u1eddng nhanh h\u01a1n, an to\u00e0n h\u01a1n v\u00e0 \u0111\u00fang ph\u00e1p l\u00fd, \u0111\u1eb7c bi\u1ec7t trong b\u1ed1i c\u1ea3nh c\u00e1c quy \u0111\u1ecbnh th\u01b0\u01a1ng m\u1ea1i qu\u1ed1c t\u1ebf ng\u00e0y c\u00e0ng ch\u1eb7t ch\u1ebd.<\/span><\/p>\n<h2><b>Ki\u1ec3m so\u00e1t ch\u1ea5t l\u01b0\u1ee3ng h\u00e0ng h\u00f3a &amp; ngu\u1ed3n g\u1ed1c<\/b><\/h2>\n<p><span style=\"font-weight: 400;\">Trong ho\u1ea1t \u0111\u1ed9ng b\u00e1n bu\u00f4n \u2013 b\u00e1n l\u1ebb v\u00e0 xu\u1ea5t nh\u1eadp kh\u1ea9u, VGL Vinamex \u0111\u1eb7c bi\u1ec7t ch\u00fa tr\u1ecdng:<\/span><\/p>\n<ul>\n<li style=\"font-weight: 400;\" aria-level=\"1\"><span style=\"font-weight: 400;\">Ki\u1ec3m tra ngu\u1ed3n g\u1ed1c h\u00e0ng h\u00f3a<\/span><\/li>\n<li style=\"font-weight: 400;\" aria-level=\"1\"><span style=\"font-weight: 400;\">Tu\u00e2n th\u1ee7 ti\u00eau chu\u1ea9n ch\u1ea5t l\u01b0\u1ee3ng theo t\u1eebng th\u1ecb tr\u01b0\u1eddng<\/span><\/li>\n<li style=\"font-weight: 400;\" aria-level=\"1\"><span style=\"font-weight: 400;\">\u0110\u1ea3m b\u1ea3o t\u00ednh minh b\u1ea1ch trong xu\u1ea5t x\u1ee9 s\u1ea3n ph\u1ea9m<\/span><\/li>\n<\/ul>\n<p><span style=\"font-weight: 400;\">\u0110\u00e2y l\u00e0 y\u1ebfu t\u1ed1 gi\u00fap x\u00e2y d\u1ef1ng ni\u1ec1m tin d\u00e0i h\u1ea1n v\u1edbi \u0111\u1ed1i t\u00e1c v\u00e0 ng\u01b0\u1eddi ti\u00eau d\u00f9ng.<\/span><\/p>\n<h2><b>V\u00ec sao n\u00ean ch\u1ecdn VGL Vinamex?<\/b><\/h2>\n<p><span style=\"font-weight: 400;\">\u00a0\u2714\ufe0fDoanh nghi\u1ec7p th\u01b0\u01a1ng m\u1ea1i &amp; xu\u1ea5t nh\u1eadp kh\u1ea9u chuy\u00ean nghi\u1ec7p<\/span><span style=\"font-weight: 400;\"><br \/>\n<\/span><span style=\"font-weight: 400;\"> \u2714\ufe0fD\u1ecbch v\u1ee5 linh ho\u1ea1t, ph\u00f9 h\u1ee3p nhi\u1ec1u m\u00f4 h\u00ecnh kinh doanh<\/span><span style=\"font-weight: 400;\"><br \/>\n<\/span><span style=\"font-weight: 400;\"> \u2714\ufe0fQuy tr\u00ecnh minh b\u1ea1ch, \u0111\u00fang ph\u00e1p l\u00fd<\/span><span style=\"font-weight: 400;\"><br \/>\n<\/span><span style=\"font-weight: 400;\"> \u2714\ufe0f\u0110\u1ed1i t\u00e1c tin c\u1eady trong b\u00e1n bu\u00f4n \u2013 b\u00e1n l\u1ebb<\/span><span style=\"font-weight: 400;\"><br \/>\n<\/span><span style=\"font-weight: 400;\"> \u2714\ufe0f\u0110\u1ed3ng h\u00e0nh l\u00e2u d\u00e0i c\u00f9ng kh\u00e1ch h\u00e0ng<\/span><\/p>\n<h2><b>K\u1ebft lu\u1eadn<\/b><\/h2>\n<h2><b>VGL Vinamex &#8211; \u0110\u1ed1i t\u00e1c d\u1ecbch v\u1ee5 &amp; th\u01b0\u01a1ng m\u1ea1i \u0111\u00e1ng tin c\u1eady<\/b><\/h2>\n<h2><span style=\"font-weight: 400;\">C\u00f4ng ty VGL Vinamex kh\u00f4ng ch\u1ec9 l\u00e0 \u0111\u01a1n v\u1ecb kinh doanh th\u01b0\u01a1ng m\u1ea1i, m\u00e0 c\u00f2n l\u00e0 \u0111\u1ed1i t\u00e1c chi\u1ebfn l\u01b0\u1ee3c trong d\u1ecbch v\u1ee5, xu\u1ea5t nh\u1eadp kh\u1ea9u, b\u00e1n bu\u00f4n v\u00e0 b\u00e1n l\u1ebb, g\u00f3p ph\u1ea7n th\u00fac \u0111\u1ea9y l\u01b0u th\u00f4ng h\u00e0ng h\u00f3a v\u00e0 ph\u00e1t tri\u1ec3n th\u1ecb tr\u01b0\u1eddng b\u1ec1n v\u1eefng.<\/span><\/h2>\n<p><span style=\"font-weight: 400;\">V\u1edbi \u0111\u1ecbnh h\u01b0\u1edbng ph\u00e1t tri\u1ec3n l\u00e2u d\u00e0i v\u00e0 h\u1ec7 sinh th\u00e1i d\u1ecbch v\u1ee5 &#8211; th\u01b0\u01a1ng m\u1ea1i \u0111a d\u1ea1ng, C\u00f4ng ty VGL Vinamex t\u1eebng b\u01b0\u1edbc kh\u1eb3ng \u0111\u1ecbnh vai tr\u00f2 l\u00e0 \u0111\u1ed1i t\u00e1c tin c\u1eady trong l\u0129nh v\u1ef1c d\u1ecbch v\u1ee5, th\u01b0\u01a1ng m\u1ea1i, xu\u1ea5t nh\u1eadp kh\u1ea9u v\u00e0 ph\u00e2n ph\u1ed1i h\u00e0ng h\u00f3a.<\/span><\/p>\n<p><span style=\"font-weight: 400;\">\ud83d\udc49 VGL Vinamex &#8211; K\u1ebft n\u1ed1i th\u1ecb tr\u01b0\u1eddng, lan t\u1ecfa gi\u00e1 tr\u1ecb, ph\u00e1t tri\u1ec3n b\u1ec1n v\u1eefng.<\/span><\/p>\n<p><b>LI\u00caN H\u1ec6 NH\u1eacN T\u01af V\u1ea4N &amp; B\u00c1O GI\u00c1 MI\u1ec4N PH\u00cd:<\/b><\/p>\n<ul>\n<li>Website: www.vglvinamex.vn<\/li>\n<li>\u0110\u1ecba ch\u1ec9:\u00a0T\u1ed5 5, \u1ea5p 8, X\u00e3 Xu\u00e2n \u0110\u00f4ng, T\u1ec9nh \u0110\u1ed3ng Nai<\/li>\n<li>V\u0103n ph\u00f2ng HCM: 21\/13 Tr\u01b0\u1eddng S\u01a1n, P. T\u00e2n S\u01a1n Nh\u1ea5t, TP. HCM<\/li>\n<li>Hotline: 0356 678 678<\/li>\n<\/ul>\n","protected":false},"excerpt":{"rendered":"<p>Trong b\u1ed1i c\u1ea3nh kinh t\u1ebf to\u00e0n c\u1ea7u ng\u00e0y c\u00e0ng li\u00ean k\u1ebft ch\u1eb7t ch\u1ebd, ho\u1ea1t \u0111\u1ed9ng th\u01b0\u01a1ng m\u1ea1i &#8211; xu\u1ea5t nh\u1eadp kh\u1ea9u &#8211; ph\u00e2n ph\u1ed1i h\u00e0ng h\u00f3a \u0111\u00f3ng vai tr\u00f2 then ch\u1ed1t trong s\u1ef1 ph\u00e1t tri\u1ec3n c\u1ee7a doanh nghi\u1ec7p v\u00e0 chu\u1ed7i cung \u1ee9ng. M\u1ed9t \u0111\u01a1n v\u1ecb th\u01b0\u01a1ng m\u1ea1i uy t\u00edn kh\u00f4ng ch\u1ec9 d\u1eebng l\u1ea1i \u1edf vi\u1ec7c [&#8230;]\n","protected":false},"author":1,"featured_media":0,"parent":0,"menu_order":0,"comment_status":"closed","ping_status":"closed","template":"","meta":{"om_disable_all_campaigns":false,"_monsterinsights_skip_tracking":false,"_monsterinsights_sitenote_active":false,"_monsterinsights_sitenote_note":"","_monsterinsights_sitenote_category":0,"footnotes":""},"class_list":["post-421","page","type-page","status-publish","hentry"],"aioseo_notices":[],"yoast_head":"<!-- This site is optimized with the Yoast SEO plugin v26.9 - https:\/\/yoast.com\/product\/yoast-seo-wordpress\/ -->\r\n<title>VGL VINAMEX - T\u1eadp \u0111o\u00e0n V\u01b0\u1ee3ng Group<\/title>\r\n<meta name=\"robots\" content=\"index, follow, max-snippet:-1, max-image-preview:large, max-video-preview:-1\" \/>\r\n<link rel=\"canonical\" href=\"https:\/\/vuonggroup.vn\/index.php\/vgl-vinamex-2026\/\" \/>\r\n<meta property=\"og:locale\" content=\"vi_VN\" \/>\r\n<meta property=\"og:type\" content=\"article\" \/>\r\n<meta property=\"og:title\" content=\"VGL VINAMEX - T\u1eadp \u0111o\u00e0n V\u01b0\u1ee3ng Group\" \/>\r\n<meta property=\"og:description\" content=\"Trong b\u1ed1i c\u1ea3nh kinh t\u1ebf to\u00e0n c\u1ea7u ng\u00e0y c\u00e0ng li\u00ean k\u1ebft ch\u1eb7t ch\u1ebd, ho\u1ea1t \u0111\u1ed9ng th\u01b0\u01a1ng m\u1ea1i &#8211; xu\u1ea5t nh\u1eadp kh\u1ea9u &#8211; ph\u00e2n ph\u1ed1i h\u00e0ng h\u00f3a \u0111\u00f3ng vai tr\u00f2 then ch\u1ed1t trong s\u1ef1 ph\u00e1t tri\u1ec3n c\u1ee7a doanh nghi\u1ec7p v\u00e0 chu\u1ed7i cung \u1ee9ng. M\u1ed9t \u0111\u01a1n v\u1ecb th\u01b0\u01a1ng m\u1ea1i uy t\u00edn kh\u00f4ng ch\u1ec9 d\u1eebng l\u1ea1i \u1edf vi\u1ec7c [...]\" \/>\r\n<meta property=\"og:url\" content=\"https:\/\/vuonggroup.vn\/index.php\/vgl-vinamex-2026\/\" \/>\r\n<meta property=\"og:site_name\" content=\"T\u1eadp \u0111o\u00e0n V\u01b0\u1ee3ng Group\" \/>\r\n<meta property=\"article:publisher\" content=\"https:\/\/www.facebook.com\/profile.php?id=61585355376511\" \/>\r\n<meta property=\"article:modified_time\" content=\"2026-01-12T02:14:37+00:00\" \/>\r\n<meta name=\"twitter:card\" content=\"summary_large_image\" \/>\r\n<meta name=\"twitter:label1\" content=\"\u01af\u1edbc t\u00ednh th\u1eddi gian \u0111\u1ecdc\" \/>\n\t<meta name=\"twitter:data1\" content=\"10 ph\u00fat\" \/>\r\n<script type=\"application\/ld+json\" class=\"yoast-schema-graph\">{\"@context\":\"https:\/\/schema.org\",\"@graph\":[{\"@type\":\"WebPage\",\"@id\":\"https:\/\/vuonggroup.vn\/index.php\/vgl-vinamex-2026\/\",\"url\":\"https:\/\/vuonggroup.vn\/index.php\/vgl-vinamex-2026\/\",\"name\":\"VGL VINAMEX - T\u1eadp \u0111o\u00e0n V\u01b0\u1ee3ng Group\",\"isPartOf\":{\"@id\":\"https:\/\/vuonggroup.vn\/#website\"},\"datePublished\":\"2025-12-27T07:38:08+00:00\",\"dateModified\":\"2026-01-12T02:14:37+00:00\",\"breadcrumb\":{\"@id\":\"https:\/\/vuonggroup.vn\/index.php\/vgl-vinamex-2026\/#breadcrumb\"},\"inLanguage\":\"vi\",\"potentialAction\":[{\"@type\":\"ReadAction\",\"target\":[\"https:\/\/vuonggroup.vn\/index.php\/vgl-vinamex-2026\/\"]}]},{\"@type\":\"BreadcrumbList\",\"@id\":\"https:\/\/vuonggroup.vn\/index.php\/vgl-vinamex-2026\/#breadcrumb\",\"itemListElement\":[{\"@type\":\"ListItem\",\"position\":1,\"name\":\"Trang ch\u1ee7\",\"item\":\"https:\/\/vuonggroup.vn\/\"},{\"@type\":\"ListItem\",\"position\":2,\"name\":\"VGL VINAMEX\"}]},{\"@type\":\"WebSite\",\"@id\":\"https:\/\/vuonggroup.vn\/#website\",\"url\":\"https:\/\/vuonggroup.vn\/\",\"name\":\"T\u1eadp \u0111o\u00e0n V\u01b0\u1ee3ng Group\",\"description\":\"\",\"publisher\":{\"@id\":\"https:\/\/vuonggroup.vn\/#organization\"},\"potentialAction\":[{\"@type\":\"SearchAction\",\"target\":{\"@type\":\"EntryPoint\",\"urlTemplate\":\"https:\/\/vuonggroup.vn\/?s={search_term_string}\"},\"query-input\":{\"@type\":\"PropertyValueSpecification\",\"valueRequired\":true,\"valueName\":\"search_term_string\"}}],\"inLanguage\":\"vi\"},{\"@type\":\"Organization\",\"@id\":\"https:\/\/vuonggroup.vn\/#organization\",\"name\":\"T\u1eadp \u0111o\u00e0n V\u01b0\u1ee3ng Group\",\"url\":\"https:\/\/vuonggroup.vn\/\",\"logo\":{\"@type\":\"ImageObject\",\"inLanguage\":\"vi\",\"@id\":\"https:\/\/vuonggroup.vn\/#\/schema\/logo\/image\/\",\"url\":\"https:\/\/vuonggroup.vn\/wp-content\/uploads\/2025\/12\/Logo-Vuonggroup-file-PNG.png\",\"contentUrl\":\"https:\/\/vuonggroup.vn\/wp-content\/uploads\/2025\/12\/Logo-Vuonggroup-file-PNG.png\",\"width\":2000,\"height\":2000,\"caption\":\"T\u1eadp \u0111o\u00e0n V\u01b0\u1ee3ng Group\"},\"image\":{\"@id\":\"https:\/\/vuonggroup.vn\/#\/schema\/logo\/image\/\"},\"sameAs\":[\"https:\/\/www.facebook.com\/profile.php?id=61585355376511\"]}]}<\/script>\r\n<!-- \/ Yoast SEO plugin. -->","yoast_head_json":{"title":"VGL VINAMEX - T\u1eadp \u0111o\u00e0n V\u01b0\u1ee3ng Group","robots":{"index":"index","follow":"follow","max-snippet":"max-snippet:-1","max-image-preview":"max-image-preview:large","max-video-preview":"max-video-preview:-1"},"canonical":"https:\/\/vuonggroup.vn\/index.php\/vgl-vinamex-2026\/","og_locale":"vi_VN","og_type":"article","og_title":"VGL VINAMEX - T\u1eadp \u0111o\u00e0n V\u01b0\u1ee3ng Group","og_description":"Trong b\u1ed1i c\u1ea3nh kinh t\u1ebf to\u00e0n c\u1ea7u ng\u00e0y c\u00e0ng li\u00ean k\u1ebft ch\u1eb7t ch\u1ebd, ho\u1ea1t \u0111\u1ed9ng th\u01b0\u01a1ng m\u1ea1i &#8211; xu\u1ea5t nh\u1eadp kh\u1ea9u &#8211; ph\u00e2n ph\u1ed1i h\u00e0ng h\u00f3a \u0111\u00f3ng vai tr\u00f2 then ch\u1ed1t trong s\u1ef1 ph\u00e1t tri\u1ec3n c\u1ee7a doanh nghi\u1ec7p v\u00e0 chu\u1ed7i cung \u1ee9ng. M\u1ed9t \u0111\u01a1n v\u1ecb th\u01b0\u01a1ng m\u1ea1i uy t\u00edn kh\u00f4ng ch\u1ec9 d\u1eebng l\u1ea1i \u1edf vi\u1ec7c [...]","og_url":"https:\/\/vuonggroup.vn\/index.php\/vgl-vinamex-2026\/","og_site_name":"T\u1eadp \u0111o\u00e0n V\u01b0\u1ee3ng Group","article_publisher":"https:\/\/www.facebook.com\/profile.php?id=61585355376511","article_modified_time":"2026-01-12T02:14:37+00:00","twitter_card":"summary_large_image","twitter_misc":{"\u01af\u1edbc t\u00ednh th\u1eddi gian \u0111\u1ecdc":"10 ph\u00fat"},"schema":{"@context":"https:\/\/schema.org","@graph":[{"@type":"WebPage","@id":"https:\/\/vuonggroup.vn\/index.php\/vgl-vinamex-2026\/","url":"https:\/\/vuonggroup.vn\/index.php\/vgl-vinamex-2026\/","name":"VGL VINAMEX - T\u1eadp \u0111o\u00e0n V\u01b0\u1ee3ng Group","isPartOf":{"@id":"https:\/\/vuonggroup.vn\/#website"},"datePublished":"2025-12-27T07:38:08+00:00","dateModified":"2026-01-12T02:14:37+00:00","breadcrumb":{"@id":"https:\/\/vuonggroup.vn\/index.php\/vgl-vinamex-2026\/#breadcrumb"},"inLanguage":"vi","potentialAction":[{"@type":"ReadAction","target":["https:\/\/vuonggroup.vn\/index.php\/vgl-vinamex-2026\/"]}]},{"@type":"BreadcrumbList","@id":"https:\/\/vuonggroup.vn\/index.php\/vgl-vinamex-2026\/#breadcrumb","itemListElement":[{"@type":"ListItem","position":1,"name":"Trang ch\u1ee7","item":"https:\/\/vuonggroup.vn\/"},{"@type":"ListItem","position":2,"name":"VGL VINAMEX"}]},{"@type":"WebSite","@id":"https:\/\/vuonggroup.vn\/#website","url":"https:\/\/vuonggroup.vn\/","name":"T\u1eadp \u0111o\u00e0n V\u01b0\u1ee3ng Group","description":"","publisher":{"@id":"https:\/\/vuonggroup.vn\/#organization"},"potentialAction":[{"@type":"SearchAction","target":{"@type":"EntryPoint","urlTemplate":"https:\/\/vuonggroup.vn\/?s={search_term_string}"},"query-input":{"@type":"PropertyValueSpecification","valueRequired":true,"valueName":"search_term_string"}}],"inLanguage":"vi"},{"@type":"Organization","@id":"https:\/\/vuonggroup.vn\/#organization","name":"T\u1eadp \u0111o\u00e0n V\u01b0\u1ee3ng Group","url":"https:\/\/vuonggroup.vn\/","logo":{"@type":"ImageObject","inLanguage":"vi","@id":"https:\/\/vuonggroup.vn\/#\/schema\/logo\/image\/","url":"https:\/\/vuonggroup.vn\/wp-content\/uploads\/2025\/12\/Logo-Vuonggroup-file-PNG.png","contentUrl":"https:\/\/vuonggroup.vn\/wp-content\/uploads\/2025\/12\/Logo-Vuonggroup-file-PNG.png","width":2000,"height":2000,"caption":"T\u1eadp \u0111o\u00e0n V\u01b0\u1ee3ng Group"},"image":{"@id":"https:\/\/vuonggroup.vn\/#\/schema\/logo\/image\/"},"sameAs":["https:\/\/www.facebook.com\/profile.php?id=61585355376511"]}]}},"_links":{"self":[{"href":"https:\/\/vuonggroup.vn\/index.php\/wp-json\/wp\/v2\/pages\/421","targetHints":{"allow":["GET"]}}],"collection":[{"href":"https:\/\/vuonggroup.vn\/index.php\/wp-json\/wp\/v2\/pages"}],"about":[{"href":"https:\/\/vuonggroup.vn\/index.php\/wp-json\/wp\/v2\/types\/page"}],"author":[{"embeddable":true,"href":"https:\/\/vuonggroup.vn\/index.php\/wp-json\/wp\/v2\/users\/1"}],"replies":[{"embeddable":true,"href":"https:\/\/vuonggroup.vn\/index.php\/wp-json\/wp\/v2\/comments?post=421"}],"version-history":[{"count":5,"href":"https:\/\/vuonggroup.vn\/index.php\/wp-json\/wp\/v2\/pages\/421\/revisions"}],"predecessor-version":[{"id":502,"href":"https:\/\/vuonggroup.vn\/index.php\/wp-json\/wp\/v2\/pages\/421\/revisions\/502"}],"wp:attachment":[{"href":"https:\/\/vuonggroup.vn\/index.php\/wp-json\/wp\/v2\/media?parent=421"}],"curies":[{"name":"wp","href":"https:\/\/api.w.org\/{rel}","templated":true}]}}