{"id":37,"date":"2025-10-06T11:50:16","date_gmt":"2025-10-06T04:50:16","guid":{"rendered":"https:\/\/vuonggroup.vn\/?page_id=37"},"modified":"2026-01-12T09:10:13","modified_gmt":"2026-01-12T02:10:13","slug":"vmetal-2026","status":"publish","type":"page","link":"https:\/\/vuonggroup.vn\/index.php\/vmetal-2026\/","title":{"rendered":"K\u1ef8 NGH\u1ec6 S\u1eaeT VMETAL"},"content":{"rendered":"<p><img loading=\"lazy\" decoding=\"async\" class=\"alignnone size-full wp-image-89\" src=\"https:\/\/vuonggroup.vn\/wp-content\/uploads\/2025\/10\/CCTTV-08.png\" alt=\"\" width=\"597\" height=\"844\" srcset=\"https:\/\/vuonggroup.vn\/wp-content\/uploads\/2025\/10\/CCTTV-08.png 597w, https:\/\/vuonggroup.vn\/wp-content\/uploads\/2025\/10\/CCTTV-08-212x300.png 212w\" sizes=\"auto, (max-width: 597px) 100vw, 597px\" \/><\/p>\n<p><span style=\"font-weight: 400;\">Trong b\u1ed1i c\u1ea3nh c\u00f4ng nghi\u1ec7p h\u00f3a v\u00e0 \u0111\u00f4 th\u1ecb h\u00f3a di\u1ec5n ra m\u1ea1nh m\u1ebd, nhu c\u1ea7u x\u00e2y d\u1ef1ng nh\u00e0 x\u01b0\u1edfng, kho b\u00e3i, c\u00f4ng tr\u00ecnh c\u00f4ng nghi\u1ec7p v\u00e0 h\u1ec7 th\u1ed1ng th\u00e9p ti\u1ec1n ch\u1ebf ng\u00e0y c\u00e0ng gia t\u0103ng. Doanh nghi\u1ec7p hi\u1ec7n \u0111\u1ea1i kh\u00f4ng ch\u1ec9 t\u00ecm ki\u1ebfm m\u1ed9t nh\u00e0 th\u1ea7u thi c\u00f4ng, m\u00e0 c\u00f2n c\u1ea7n \u0111\u1ed1i t\u00e1c k\u1ef9 thu\u1eadt c\u00f3 n\u0103ng l\u1ef1c thi\u1ebft k\u1ebf &#8211; s\u1ea3n xu\u1ea5t &#8211; thi c\u00f4ng \u0111\u1ed3ng b\u1ed9, \u0111\u1ea3m b\u1ea3o ch\u1ea5t l\u01b0\u1ee3ng, ti\u1ebfn \u0111\u1ed9 v\u00e0 an to\u00e0n c\u00f4ng tr\u00ecnh.<\/span><\/p>\n<p><span style=\"font-weight: 400;\">K\u1ef9 Ngh\u1ec7 S\u1eaft VMETAL ra \u0111\u1eddi v\u00e0o n\u0103m 2025 v\u1edbi \u0111\u1ecbnh h\u01b0\u1edbng tr\u1edf th\u00e0nh \u0111\u01a1n v\u1ecb chuy\u00ean nghi\u1ec7p trong l\u0129nh v\u1ef1c kinh doanh, s\u1ea3n xu\u1ea5t v\u00e0 thi c\u00f4ng nh\u00e0 x\u01b0\u1edfng &#8211; th\u00e9p ti\u1ec1n ch\u1ebf, cung c\u1ea5p gi\u1ea3i ph\u00e1p to\u00e0n di\u1ec7n cho c\u00e1c c\u00f4ng tr\u00ecnh c\u00f4ng nghi\u1ec7p v\u00e0 d\u00e2n d\u1ee5ng quy m\u00f4 \u0111a d\u1ea1ng.<br \/>\n<\/span><\/p>\n<h2><b>Gi\u1edbi thi\u1ec7u chung v\u1ec1 C\u00f4ng ty K\u1ef9 ngh\u1ec7 s\u1eaft Vmetal<\/b><\/h2>\n<p><span style=\"font-weight: 400;\">K\u1ef9 ngh\u1ec7 s\u1eaft Vmetal ho\u1ea1t \u0111\u1ed9ng chuy\u00ean s\u00e2u trong l\u0129nh v\u1ef1c:<\/span><\/p>\n<ul>\n<li style=\"font-weight: 400;\" aria-level=\"1\"><span style=\"font-weight: 400;\">\ud83c\udfed Thi\u1ebft k\u1ebf, s\u1ea3n xu\u1ea5t v\u00e0 thi c\u00f4ng nh\u00e0 x\u01b0\u1edfng c\u00f4ng nghi\u1ec7p<\/span><\/li>\n<li style=\"font-weight: 400;\" aria-level=\"1\"><span style=\"font-weight: 400;\">\ud83c\udfd7\ufe0f K\u1ebft c\u1ea5u th\u00e9p &amp; th\u00e9p ti\u1ec1n ch\u1ebf<\/span><\/li>\n<li style=\"font-weight: 400;\" aria-level=\"1\"><span style=\"font-weight: 400;\">\ud83d\udd29 Gia c\u00f4ng c\u01a1 kh\u00ed, khung k\u00e8o, c\u1ed9t \u2013 d\u1ea7m th\u00e9p<\/span><\/li>\n<li style=\"font-weight: 400;\" aria-level=\"1\"><span style=\"font-weight: 400;\">\ud83e\udd1d Kinh doanh v\u1eadt t\u01b0 v\u00e0 gi\u1ea3i ph\u00e1p x\u00e2y d\u1ef1ng c\u00f4ng nghi\u1ec7p<\/span><\/li>\n<\/ul>\n<p><span style=\"font-weight: 400;\">Vmetal s\u1edf h\u1eefu h\u1ec7 th\u1ed1ng x\u01b0\u1edfng s\u1ea3n xu\u1ea5t, m\u00e1y m\u00f3c gia c\u00f4ng hi\u1ec7n \u0111\u1ea1i c\u00f9ng \u0111\u1ed9i ng\u0169 k\u1ef9 s\u01b0, c\u00f4ng nh\u00e2n l\u00e0nh ngh\u1ec1, \u0111\u00e1p \u1ee9ng y\u00eau c\u1ea7u k\u1ef9 thu\u1eadt kh\u1eaft khe c\u1ee7a c\u00e1c c\u00f4ng tr\u00ecnh c\u00f4ng nghi\u1ec7p, kho b\u00e3i, nh\u00e0 m\u00e1y v\u00e0 khu s\u1ea3n xu\u1ea5t.<\/span><\/p>\n<p>&nbsp;<\/p>\n<h2><b>T\u1ea7m nh\u00ecn &amp; S\u1ee9 m\u1ec7nh &amp; \u0110\u1ecbnh h\u01b0\u1edbng ph\u00e1t tri\u1ec3n c\u1ee7a K\u1ef9 ngh\u1ec7 s\u1eaft Vmetal<\/b><\/h2>\n<h3><b>T\u1ea7m nh\u00ecn<\/b><\/h3>\n<p><span style=\"font-weight: 400;\">VMETAL h\u01b0\u1edbng \u0111\u1ebfn:<\/span><\/p>\n<p><span style=\"font-weight: 400;\">\u201cTr\u1edf th\u00e0nh \u0111\u01a1n v\u1ecb k\u1ef9 ngh\u1ec7 s\u1eaft v\u00e0 k\u1ebft c\u1ea5u th\u00e9p uy t\u00edn, \u0111\u01b0\u1ee3c kh\u00e1ch h\u00e0ng tin t\u01b0\u1edfng trong l\u0129nh v\u1ef1c nh\u00e0 x\u01b0\u1edfng v\u00e0 th\u00e9p ti\u1ec1n ch\u1ebf.\u201d<\/span><\/p>\n<h3><b>S\u1ee9 m\u1ec7nh<\/b><\/h3>\n<ul>\n<li style=\"font-weight: 400;\" aria-level=\"1\"><span style=\"font-weight: 400;\">Cung c\u1ea5p gi\u1ea3i ph\u00e1p thi c\u00f4ng t\u1ed1i \u01b0u cho c\u00f4ng tr\u00ecnh c\u00f4ng nghi\u1ec7p<\/span><\/li>\n<li style=\"font-weight: 400;\" aria-level=\"1\"><span style=\"font-weight: 400;\">\u0110\u1ea3m b\u1ea3o ch\u1ea5t l\u01b0\u1ee3ng, ti\u1ebfn \u0111\u1ed9 v\u00e0 an to\u00e0n lao \u0111\u1ed9ng<\/span><\/li>\n<li style=\"font-weight: 400;\" aria-level=\"1\"><span style=\"font-weight: 400;\">\u0110\u1ed3ng h\u00e0nh c\u00f9ng kh\u00e1ch h\u00e0ng trong qu\u00e1 tr\u00ecnh ph\u00e1t tri\u1ec3n s\u1ea3n xu\u1ea5t<\/span><\/li>\n<\/ul>\n<p><b>\u0110\u1ecbnh h\u01b0\u1edbng ph\u00e1t tri\u1ec3n:<\/b><\/p>\n<ul>\n<li style=\"font-weight: 400;\" aria-level=\"1\"><span style=\"font-weight: 400;\">Mang \u0111\u1ebfn c\u00f4ng tr\u00ecnh \u0111\u1ea1t chu\u1ea9n k\u1ef9 thu\u1eadt v\u00e0 ch\u1ea5t l\u01b0\u1ee3ng<\/span><\/li>\n<li style=\"font-weight: 400;\" aria-level=\"1\"><span style=\"font-weight: 400;\">T\u1ed1i \u01b0u chi ph\u00ed \u0111\u1ea7u t\u01b0 v\u00e0 th\u1eddi gian thi c\u00f4ng cho kh\u00e1ch h\u00e0ng<\/span><\/li>\n<li style=\"font-weight: 400;\" aria-level=\"1\"><span style=\"font-weight: 400;\">\u0110\u1ea3m b\u1ea3o an to\u00e0n lao \u0111\u1ed9ng v\u00e0 ti\u1ebfn \u0111\u1ed9 c\u00f4ng tr\u00ecnh<\/span><\/li>\n<li style=\"font-weight: 400;\" aria-level=\"1\"><span style=\"font-weight: 400;\">\u0110\u1ed3ng h\u00e0nh c\u00f9ng doanh nghi\u1ec7p trong qu\u00e1 tr\u00ecnh ph\u00e1t tri\u1ec3n l\u00e2u d\u00e0i<\/span><\/li>\n<\/ul>\n<h2><b>Quy tr\u00ecnh s\u1ea3n xu\u1ea5t &amp; thi c\u00f4ng chuy\u00ean nghi\u1ec7p<\/b><\/h2>\n<p><span style=\"font-weight: 400;\">VMETAL x\u00e2y d\u1ef1ng quy tr\u00ecnh l\u00e0m vi\u1ec7c chu\u1ea9n h\u00f3a, g\u1ed3m c\u00e1c b\u01b0\u1edbc:<\/span><\/p>\n<ol>\n<li style=\"font-weight: 400;\" aria-level=\"1\"><span style=\"font-weight: 400;\">Kh\u1ea3o s\u00e1t v\u00e0 ti\u1ebfp nh\u1eadn y\u00eau c\u1ea7u<\/span><\/li>\n<li style=\"font-weight: 400;\" aria-level=\"1\"><span style=\"font-weight: 400;\">T\u01b0 v\u1ea5n gi\u1ea3i ph\u00e1p &amp; thi\u1ebft k\u1ebf k\u1ef9 thu\u1eadt<\/span><\/li>\n<li style=\"font-weight: 400;\" aria-level=\"1\"><span style=\"font-weight: 400;\">Gia c\u00f4ng k\u1ebft c\u1ea5u th\u00e9p t\u1ea1i x\u01b0\u1edfng<\/span><\/li>\n<li style=\"font-weight: 400;\" aria-level=\"1\"><span style=\"font-weight: 400;\">V\u1eadn chuy\u1ec3n v\u00e0 l\u1eafp d\u1ef1ng c\u00f4ng tr\u00ecnh<\/span><\/li>\n<li style=\"font-weight: 400;\" aria-level=\"1\"><span style=\"font-weight: 400;\">Ki\u1ec3m tra, nghi\u1ec7m thu v\u00e0 b\u00e0n giao<\/span><\/li>\n<\/ol>\n<p><span style=\"font-weight: 400;\">Quy tr\u00ecnh n\u00e0y gi\u00fap \u0111\u1ea3m b\u1ea3o ti\u1ebfn \u0111\u1ed9, ch\u1ea5t l\u01b0\u1ee3ng v\u00e0 an to\u00e0n lao \u0111\u1ed9ng trong su\u1ed1t qu\u00e1 tr\u00ecnh thi c\u00f4ng.<br \/>\n<\/span><\/p>\n<h2><b>V\u1eadt li\u1ec7u &amp; ti\u00eau chu\u1ea9n k\u1ef9 thu\u1eadt<\/b><\/h2>\n<p><span style=\"font-weight: 400;\">VMETAL s\u1eed d\u1ee5ng:<\/span><\/p>\n<ul>\n<li style=\"font-weight: 400;\" aria-level=\"1\"><span style=\"font-weight: 400;\">Th\u00e9p \u0111\u1ea1t ti\u00eau chu\u1ea9n ch\u1ea5t l\u01b0\u1ee3ng<\/span><\/li>\n<li style=\"font-weight: 400;\" aria-level=\"1\"><span style=\"font-weight: 400;\">V\u1eadt li\u1ec7u ph\u1ee5 tr\u1ee3 \u0111\u01b0\u1ee3c ki\u1ec3m \u0111\u1ecbnh<\/span><\/li>\n<li style=\"font-weight: 400;\" aria-level=\"1\"><span style=\"font-weight: 400;\">S\u01a1n ch\u1ed1ng g\u1ec9, ch\u1ed1ng \u0103n m\u00f2n<\/span><\/li>\n<\/ul>\n<p><span style=\"font-weight: 400;\">C\u00f4ng tr\u00ecnh \u0111\u01b0\u1ee3c thi c\u00f4ng theo ti\u00eau chu\u1ea9n k\u1ef9 thu\u1eadt ng\u00e0nh x\u00e2y d\u1ef1ng, \u0111\u1ea3m b\u1ea3o \u0111\u1ed9 b\u1ec1n v\u00e0 tu\u1ed5i th\u1ecd l\u00e2u d\u00e0i<\/span><\/p>\n<h2><b>An to\u00e0n lao \u0111\u1ed9ng &amp; qu\u1ea3n l\u00fd ch\u1ea5t l\u01b0\u1ee3ng<\/b><\/h2>\n<p><span style=\"font-weight: 400;\">An to\u00e0n l\u00e0 y\u1ebfu t\u1ed1 \u0111\u01b0\u1ee3c VMETAL \u0111\u1eb7t l\u00ean h\u00e0ng \u0111\u1ea7u:<\/span><\/p>\n<ul>\n<li style=\"font-weight: 400;\" aria-level=\"1\"><span style=\"font-weight: 400;\">Tu\u00e2n th\u1ee7 quy \u0111\u1ecbnh an to\u00e0n lao \u0111\u1ed9ng<\/span><\/li>\n<li style=\"font-weight: 400;\" aria-level=\"1\"><span style=\"font-weight: 400;\">\u0110\u00e0o t\u1ea1o k\u1ef9 n\u0103ng cho \u0111\u1ed9i ng\u0169 thi c\u00f4ng<\/span><\/li>\n<li style=\"font-weight: 400;\" aria-level=\"1\"><span style=\"font-weight: 400;\">Gi\u00e1m s\u00e1t ch\u1eb7t ch\u1ebd t\u1ea1i c\u00f4ng tr\u01b0\u1eddng<\/span><\/li>\n<\/ul>\n<p><span style=\"font-weight: 400;\">Song song \u0111\u00f3, h\u1ec7 th\u1ed1ng qu\u1ea3n l\u00fd ch\u1ea5t l\u01b0\u1ee3ng gi\u00fap c\u00f4ng tr\u00ecnh \u0111\u1ea1t y\u00eau c\u1ea7u k\u1ef9 thu\u1eadt v\u00e0 th\u1ea9m m\u1ef9.<br \/>\n<\/span><\/p>\n<h2><b>V\u00ec sao n\u00ean ch\u1ecdn K\u1ef9 Ngh\u1ec7 S\u1eaft VMETAL?<\/b><\/h2>\n<p><span style=\"font-weight: 400;\">\u00a0\u2714\ufe0f Kinh nghi\u1ec7m trong s\u1ea3n xu\u1ea5t &amp; thi c\u00f4ng k\u1ebft c\u1ea5u th\u00e9p<\/span><span style=\"font-weight: 400;\"><br \/>\n<\/span><span style=\"font-weight: 400;\"> \u2714\ufe0f Gi\u1ea3i ph\u00e1p nh\u00e0 x\u01b0\u1edfng tr\u1ecdn g\u00f3i<\/span><span style=\"font-weight: 400;\"><br \/>\n<\/span><span style=\"font-weight: 400;\"> \u2714\ufe0f Ti\u1ebfn \u0111\u1ed9 nhanh \u2013 chi ph\u00ed h\u1ee3p l\u00fd<\/span><span style=\"font-weight: 400;\"><br \/>\n<\/span><span style=\"font-weight: 400;\"> \u2714\ufe0f \u0110\u1ed9i ng\u0169 k\u1ef9 thu\u1eadt chuy\u00ean nghi\u1ec7p<\/span><span style=\"font-weight: 400;\"><br \/>\n<\/span><span style=\"font-weight: 400;\"> \u2714\ufe0f \u0110\u1ed3ng h\u00e0nh l\u00e2u d\u00e0i c\u00f9ng kh\u00e1ch h\u00e0ng<\/span><\/p>\n<h2><b>Gi\u00e1 tr\u1ecb c\u1ed1t l\u00f5i c\u1ee7a C\u00f4ng ty K\u1ef9 ngh\u1ec7 s\u1eaft Vmetal<\/b><\/h2>\n<h3><b>1. Chuy\u00ean m\u00f4n &amp; K\u1ef9 thu\u1eadt (Expertise)<\/b><\/h3>\n<p><span style=\"font-weight: 400;\">Vmetal \u0111\u1eb7t n\u1ec1n t\u1ea3ng ph\u00e1t tri\u1ec3n tr\u00ean chuy\u00ean m\u00f4n k\u1ef9 thu\u1eadt v\u00e0 kinh nghi\u1ec7m thi c\u00f4ng th\u1ef1c t\u1ebf, \u0111\u1ea3m b\u1ea3o m\u1ed7i d\u1ef1 \u00e1n nh\u00e0 x\u01b0\u1edfng v\u00e0 th\u00e9p ti\u1ec1n ch\u1ebf \u0111\u1ec1u \u0111\u00e1p \u1ee9ng ti\u00eau chu\u1ea9n k\u1ef9 thu\u1eadt v\u00e0 \u0111\u1ed9 b\u1ec1n k\u1ebft c\u1ea5u.<\/span><\/p>\n<h3><b>2. Uy t\u00edn &amp; Tr\u00e1ch nhi\u1ec7m (Trustworthiness)<\/b><\/h3>\n<p><span style=\"font-weight: 400;\">C\u00f4ng ty cam k\u1ebft minh b\u1ea1ch trong h\u1ee3p \u0111\u1ed3ng, r\u00f5 r\u00e0ng trong b\u00e1o gi\u00e1 v\u00e0 tr\u00e1ch nhi\u1ec7m trong thi c\u00f4ng, t\u1ea1o d\u1ef1ng ni\u1ec1m tin v\u1eefng ch\u1eafc v\u1edbi kh\u00e1ch h\u00e0ng v\u00e0 \u0111\u1ed1i t\u00e1c.<\/span><\/p>\n<h3><b>3. Tr\u1ea3i nghi\u1ec7m &amp; Hi\u1ec7u qu\u1ea3 (Experience)<\/b><\/h3>\n<p><span style=\"font-weight: 400;\">Th\u00f4ng qua nhi\u1ec1u d\u1ef1 \u00e1n \u0111\u00e3 tri\u1ec3n khai, Vmetal t\u00edch l\u0169y kinh nghi\u1ec7m th\u1ef1c ti\u1ec5n, gi\u00fap t\u1ed1i \u01b0u ph\u01b0\u01a1ng \u00e1n thi\u1ebft k\u1ebf \u2013 thi c\u00f4ng, mang l\u1ea1i hi\u1ec7u qu\u1ea3 s\u1eed d\u1ee5ng l\u00e2u d\u00e0i cho c\u00f4ng tr\u00ecnh.<\/span><\/p>\n<h3><b>4. An to\u00e0n &amp; Ch\u1ea5t l\u01b0\u1ee3ng<\/b><\/h3>\n<p><span style=\"font-weight: 400;\">An to\u00e0n lao \u0111\u1ed9ng v\u00e0 ch\u1ea5t l\u01b0\u1ee3ng c\u00f4ng tr\u00ecnh lu\u00f4n \u0111\u01b0\u1ee3c Vmetal \u0111\u1eb7t l\u00ean h\u00e0ng \u0111\u1ea7u trong m\u1ecdi giai \u0111o\u1ea1n t\u1eeb s\u1ea3n xu\u1ea5t \u0111\u1ebfn thi c\u00f4ng.<\/span><\/p>\n<h3><b>5. Ph\u00e1t tri\u1ec3n b\u1ec1n v\u1eefng<\/b><\/h3>\n<p><span style=\"font-weight: 400;\">Vmetal h\u01b0\u1edbng t\u1edbi gi\u1ea3i ph\u00e1p x\u00e2y d\u1ef1ng ti\u1ebft ki\u1ec7m t\u00e0i nguy\u00ean, th\u00e2n thi\u1ec7n m\u00f4i tr\u01b0\u1eddng, g\u00f3p ph\u1ea7n v\u00e0o s\u1ef1 ph\u00e1t tri\u1ec3n b\u1ec1n v\u1eefng c\u1ee7a ng\u00e0nh c\u00f4ng nghi\u1ec7p x\u00e2y d\u1ef1ng.<\/span><\/p>\n<h2><b>K\u1ebft lu\u1eadn<\/b><\/h2>\n<p><span style=\"font-weight: 400;\">K\u1ef9 Ngh\u1ec7 S\u1eaft VMETAL kh\u00f4ng ch\u1ec9 l\u00e0 \u0111\u01a1n v\u1ecb gia c\u00f4ng th\u00e9p, m\u00e0 c\u00f2n l\u00e0 \u0111\u1ed1i t\u00e1c thi c\u00f4ng nh\u00e0 x\u01b0\u1edfng v\u00e0 th\u00e9p ti\u1ec1n ch\u1ebf \u0111\u00e1ng tin c\u1eady, gi\u00fap doanh nghi\u1ec7p x\u00e2y d\u1ef1ng n\u1ec1n t\u1ea3ng s\u1ea3n xu\u1ea5t v\u1eefng ch\u1eafc, an to\u00e0n v\u00e0 b\u1ec1n v\u1eefng.<\/span><\/p>\n<p><span style=\"font-weight: 400;\">\ud83d\udc49K\u1ef9 Ngh\u1ec7 S\u1eaft VMETAL &#8211; V\u1eefng k\u1ebft c\u1ea5u, ch\u1eafc c\u00f4ng tr\u00ecnh, \u0111\u1ed3ng h\u00e0nh ph\u00e1t tri\u1ec3n.<\/span><\/p>\n<p><b>LI\u00caN H\u1ec6 NH\u1eacN T\u01af V\u1ea4N &amp; B\u00c1O GI\u00c1 MI\u1ec4N PH\u00cd:<\/b><\/p>\n<ul>\n<li style=\"font-weight: 400;\" aria-level=\"1\"><b>Website: <a href=\"https:\/\/vmetal.vn\/\">www.vmetal.vn<\/a><\/b><\/li>\n<li style=\"font-weight: 400;\" aria-level=\"1\"><b>Hotline:<\/b><span style=\"font-weight: 400;\"> 0356 678 678<\/span><\/li>\n<li><b>\u0110\u1ecba ch\u1ec9:<\/b><span style=\"font-weight: 400;\"><span style=\"font-weight: 400;\"> \u00a0T\u1ed5 5, \u1ea5p 8, X\u00e3 Xu\u00e2n \u0110\u00f4ng, T\u1ec9nh \u0110\u1ed3ng Nai<\/span><\/span><\/li>\n<li style=\"font-weight: 400;\" aria-level=\"1\"><b>\u0110\u1ecba ch\u1ec9:<\/b><span style=\"font-weight: 400;\"><span style=\"font-weight: 400;\"> 21\/20A Tr\u01b0\u1eddng S\u01a1n, P. T\u00e2n S\u01a1n Nh\u1ea5t, TP. HCM<\/span><\/span><\/li>\n<\/ul>\n<p>&nbsp;<\/p>\n<p>&nbsp;<\/p>\n<p><span style=\"font-weight: 400;\">\u00a0<\/span><\/p>\n<p>&nbsp;<\/p>\n","protected":false},"excerpt":{"rendered":"<p>Trong b\u1ed1i c\u1ea3nh c\u00f4ng nghi\u1ec7p h\u00f3a v\u00e0 \u0111\u00f4 th\u1ecb h\u00f3a di\u1ec5n ra m\u1ea1nh m\u1ebd, nhu c\u1ea7u x\u00e2y d\u1ef1ng nh\u00e0 x\u01b0\u1edfng, kho b\u00e3i, c\u00f4ng tr\u00ecnh c\u00f4ng nghi\u1ec7p v\u00e0 h\u1ec7 th\u1ed1ng th\u00e9p ti\u1ec1n ch\u1ebf ng\u00e0y c\u00e0ng gia t\u0103ng. Doanh nghi\u1ec7p hi\u1ec7n \u0111\u1ea1i kh\u00f4ng ch\u1ec9 t\u00ecm ki\u1ebfm m\u1ed9t nh\u00e0 th\u1ea7u thi c\u00f4ng, m\u00e0 c\u00f2n c\u1ea7n \u0111\u1ed1i t\u00e1c k\u1ef9 [&#8230;]\n","protected":false},"author":1,"featured_media":0,"parent":0,"menu_order":0,"comment_status":"closed","ping_status":"closed","template":"","meta":{"om_disable_all_campaigns":false,"_monsterinsights_skip_tracking":false,"_monsterinsights_sitenote_active":false,"_monsterinsights_sitenote_note":"","_monsterinsights_sitenote_category":0,"footnotes":""},"class_list":["post-37","page","type-page","status-publish","hentry"],"aioseo_notices":[],"yoast_head":"<!-- This site is optimized with the Yoast SEO plugin v26.9 - https:\/\/yoast.com\/product\/yoast-seo-wordpress\/ -->\r\n<title>K\u1ef8 NGH\u1ec6 S\u1eaeT VMETAL - T\u1eadp \u0111o\u00e0n V\u01b0\u1ee3ng Group<\/title>\r\n<meta name=\"robots\" content=\"index, follow, max-snippet:-1, max-image-preview:large, max-video-preview:-1\" \/>\r\n<link rel=\"canonical\" href=\"https:\/\/vuonggroup.vn\/index.php\/vmetal-2026\/\" \/>\r\n<meta property=\"og:locale\" content=\"vi_VN\" \/>\r\n<meta property=\"og:type\" content=\"article\" \/>\r\n<meta property=\"og:title\" content=\"K\u1ef8 NGH\u1ec6 S\u1eaeT VMETAL - T\u1eadp \u0111o\u00e0n V\u01b0\u1ee3ng Group\" \/>\r\n<meta property=\"og:description\" content=\"Trong b\u1ed1i c\u1ea3nh c\u00f4ng nghi\u1ec7p h\u00f3a v\u00e0 \u0111\u00f4 th\u1ecb h\u00f3a di\u1ec5n ra m\u1ea1nh m\u1ebd, nhu c\u1ea7u x\u00e2y d\u1ef1ng nh\u00e0 x\u01b0\u1edfng, kho b\u00e3i, c\u00f4ng tr\u00ecnh c\u00f4ng nghi\u1ec7p v\u00e0 h\u1ec7 th\u1ed1ng th\u00e9p ti\u1ec1n ch\u1ebf ng\u00e0y c\u00e0ng gia t\u0103ng. Doanh nghi\u1ec7p hi\u1ec7n \u0111\u1ea1i kh\u00f4ng ch\u1ec9 t\u00ecm ki\u1ebfm m\u1ed9t nh\u00e0 th\u1ea7u thi c\u00f4ng, m\u00e0 c\u00f2n c\u1ea7n \u0111\u1ed1i t\u00e1c k\u1ef9 [...]\" \/>\r\n<meta property=\"og:url\" content=\"https:\/\/vuonggroup.vn\/index.php\/vmetal-2026\/\" \/>\r\n<meta property=\"og:site_name\" content=\"T\u1eadp \u0111o\u00e0n V\u01b0\u1ee3ng Group\" \/>\r\n<meta property=\"article:publisher\" content=\"https:\/\/www.facebook.com\/profile.php?id=61585355376511\" \/>\r\n<meta property=\"article:modified_time\" content=\"2026-01-12T02:10:13+00:00\" \/>\r\n<meta property=\"og:image\" content=\"https:\/\/vuonggroup.vn\/wp-content\/uploads\/2025\/10\/CCTTV-08.png\" \/>\r\n\t<meta property=\"og:image:width\" content=\"597\" \/>\r\n\t<meta property=\"og:image:height\" content=\"844\" \/>\r\n\t<meta property=\"og:image:type\" content=\"image\/png\" \/>\r\n<meta name=\"twitter:card\" content=\"summary_large_image\" \/>\r\n<meta name=\"twitter:label1\" content=\"\u01af\u1edbc t\u00ednh th\u1eddi gian \u0111\u1ecdc\" \/>\n\t<meta name=\"twitter:data1\" content=\"8 ph\u00fat\" \/>\r\n<script type=\"application\/ld+json\" class=\"yoast-schema-graph\">{\"@context\":\"https:\/\/schema.org\",\"@graph\":[{\"@type\":\"WebPage\",\"@id\":\"https:\/\/vuonggroup.vn\/index.php\/vmetal-2026\/\",\"url\":\"https:\/\/vuonggroup.vn\/index.php\/vmetal-2026\/\",\"name\":\"K\u1ef8 NGH\u1ec6 S\u1eaeT VMETAL - T\u1eadp \u0111o\u00e0n V\u01b0\u1ee3ng Group\",\"isPartOf\":{\"@id\":\"https:\/\/vuonggroup.vn\/#website\"},\"primaryImageOfPage\":{\"@id\":\"https:\/\/vuonggroup.vn\/index.php\/vmetal-2026\/#primaryimage\"},\"image\":{\"@id\":\"https:\/\/vuonggroup.vn\/index.php\/vmetal-2026\/#primaryimage\"},\"thumbnailUrl\":\"https:\/\/vuonggroup.vn\/wp-content\/uploads\/2025\/10\/CCTTV-08.png\",\"datePublished\":\"2025-10-06T04:50:16+00:00\",\"dateModified\":\"2026-01-12T02:10:13+00:00\",\"breadcrumb\":{\"@id\":\"https:\/\/vuonggroup.vn\/index.php\/vmetal-2026\/#breadcrumb\"},\"inLanguage\":\"vi\",\"potentialAction\":[{\"@type\":\"ReadAction\",\"target\":[\"https:\/\/vuonggroup.vn\/index.php\/vmetal-2026\/\"]}]},{\"@type\":\"ImageObject\",\"inLanguage\":\"vi\",\"@id\":\"https:\/\/vuonggroup.vn\/index.php\/vmetal-2026\/#primaryimage\",\"url\":\"https:\/\/vuonggroup.vn\/wp-content\/uploads\/2025\/10\/CCTTV-08.png\",\"contentUrl\":\"https:\/\/vuonggroup.vn\/wp-content\/uploads\/2025\/10\/CCTTV-08.png\",\"width\":597,\"height\":844},{\"@type\":\"BreadcrumbList\",\"@id\":\"https:\/\/vuonggroup.vn\/index.php\/vmetal-2026\/#breadcrumb\",\"itemListElement\":[{\"@type\":\"ListItem\",\"position\":1,\"name\":\"Trang ch\u1ee7\",\"item\":\"https:\/\/vuonggroup.vn\/\"},{\"@type\":\"ListItem\",\"position\":2,\"name\":\"K\u1ef8 NGH\u1ec6 S\u1eaeT VMETAL\"}]},{\"@type\":\"WebSite\",\"@id\":\"https:\/\/vuonggroup.vn\/#website\",\"url\":\"https:\/\/vuonggroup.vn\/\",\"name\":\"T\u1eadp \u0111o\u00e0n V\u01b0\u1ee3ng Group\",\"description\":\"\",\"publisher\":{\"@id\":\"https:\/\/vuonggroup.vn\/#organization\"},\"potentialAction\":[{\"@type\":\"SearchAction\",\"target\":{\"@type\":\"EntryPoint\",\"urlTemplate\":\"https:\/\/vuonggroup.vn\/?s={search_term_string}\"},\"query-input\":{\"@type\":\"PropertyValueSpecification\",\"valueRequired\":true,\"valueName\":\"search_term_string\"}}],\"inLanguage\":\"vi\"},{\"@type\":\"Organization\",\"@id\":\"https:\/\/vuonggroup.vn\/#organization\",\"name\":\"T\u1eadp \u0111o\u00e0n V\u01b0\u1ee3ng Group\",\"url\":\"https:\/\/vuonggroup.vn\/\",\"logo\":{\"@type\":\"ImageObject\",\"inLanguage\":\"vi\",\"@id\":\"https:\/\/vuonggroup.vn\/#\/schema\/logo\/image\/\",\"url\":\"https:\/\/vuonggroup.vn\/wp-content\/uploads\/2025\/12\/Logo-Vuonggroup-file-PNG.png\",\"contentUrl\":\"https:\/\/vuonggroup.vn\/wp-content\/uploads\/2025\/12\/Logo-Vuonggroup-file-PNG.png\",\"width\":2000,\"height\":2000,\"caption\":\"T\u1eadp \u0111o\u00e0n V\u01b0\u1ee3ng Group\"},\"image\":{\"@id\":\"https:\/\/vuonggroup.vn\/#\/schema\/logo\/image\/\"},\"sameAs\":[\"https:\/\/www.facebook.com\/profile.php?id=61585355376511\"]}]}<\/script>\r\n<!-- \/ Yoast SEO plugin. -->","yoast_head_json":{"title":"K\u1ef8 NGH\u1ec6 S\u1eaeT VMETAL - T\u1eadp \u0111o\u00e0n V\u01b0\u1ee3ng Group","robots":{"index":"index","follow":"follow","max-snippet":"max-snippet:-1","max-image-preview":"max-image-preview:large","max-video-preview":"max-video-preview:-1"},"canonical":"https:\/\/vuonggroup.vn\/index.php\/vmetal-2026\/","og_locale":"vi_VN","og_type":"article","og_title":"K\u1ef8 NGH\u1ec6 S\u1eaeT VMETAL - T\u1eadp \u0111o\u00e0n V\u01b0\u1ee3ng Group","og_description":"Trong b\u1ed1i c\u1ea3nh c\u00f4ng nghi\u1ec7p h\u00f3a v\u00e0 \u0111\u00f4 th\u1ecb h\u00f3a di\u1ec5n ra m\u1ea1nh m\u1ebd, nhu c\u1ea7u x\u00e2y d\u1ef1ng nh\u00e0 x\u01b0\u1edfng, kho b\u00e3i, c\u00f4ng tr\u00ecnh c\u00f4ng nghi\u1ec7p v\u00e0 h\u1ec7 th\u1ed1ng th\u00e9p ti\u1ec1n ch\u1ebf ng\u00e0y c\u00e0ng gia t\u0103ng. Doanh nghi\u1ec7p hi\u1ec7n \u0111\u1ea1i kh\u00f4ng ch\u1ec9 t\u00ecm ki\u1ebfm m\u1ed9t nh\u00e0 th\u1ea7u thi c\u00f4ng, m\u00e0 c\u00f2n c\u1ea7n \u0111\u1ed1i t\u00e1c k\u1ef9 [...]","og_url":"https:\/\/vuonggroup.vn\/index.php\/vmetal-2026\/","og_site_name":"T\u1eadp \u0111o\u00e0n V\u01b0\u1ee3ng Group","article_publisher":"https:\/\/www.facebook.com\/profile.php?id=61585355376511","article_modified_time":"2026-01-12T02:10:13+00:00","og_image":[{"width":597,"height":844,"url":"https:\/\/vuonggroup.vn\/wp-content\/uploads\/2025\/10\/CCTTV-08.png","type":"image\/png"}],"twitter_card":"summary_large_image","twitter_misc":{"\u01af\u1edbc t\u00ednh th\u1eddi gian \u0111\u1ecdc":"8 ph\u00fat"},"schema":{"@context":"https:\/\/schema.org","@graph":[{"@type":"WebPage","@id":"https:\/\/vuonggroup.vn\/index.php\/vmetal-2026\/","url":"https:\/\/vuonggroup.vn\/index.php\/vmetal-2026\/","name":"K\u1ef8 NGH\u1ec6 S\u1eaeT VMETAL - T\u1eadp \u0111o\u00e0n V\u01b0\u1ee3ng Group","isPartOf":{"@id":"https:\/\/vuonggroup.vn\/#website"},"primaryImageOfPage":{"@id":"https:\/\/vuonggroup.vn\/index.php\/vmetal-2026\/#primaryimage"},"image":{"@id":"https:\/\/vuonggroup.vn\/index.php\/vmetal-2026\/#primaryimage"},"thumbnailUrl":"https:\/\/vuonggroup.vn\/wp-content\/uploads\/2025\/10\/CCTTV-08.png","datePublished":"2025-10-06T04:50:16+00:00","dateModified":"2026-01-12T02:10:13+00:00","breadcrumb":{"@id":"https:\/\/vuonggroup.vn\/index.php\/vmetal-2026\/#breadcrumb"},"inLanguage":"vi","potentialAction":[{"@type":"ReadAction","target":["https:\/\/vuonggroup.vn\/index.php\/vmetal-2026\/"]}]},{"@type":"ImageObject","inLanguage":"vi","@id":"https:\/\/vuonggroup.vn\/index.php\/vmetal-2026\/#primaryimage","url":"https:\/\/vuonggroup.vn\/wp-content\/uploads\/2025\/10\/CCTTV-08.png","contentUrl":"https:\/\/vuonggroup.vn\/wp-content\/uploads\/2025\/10\/CCTTV-08.png","width":597,"height":844},{"@type":"BreadcrumbList","@id":"https:\/\/vuonggroup.vn\/index.php\/vmetal-2026\/#breadcrumb","itemListElement":[{"@type":"ListItem","position":1,"name":"Trang ch\u1ee7","item":"https:\/\/vuonggroup.vn\/"},{"@type":"ListItem","position":2,"name":"K\u1ef8 NGH\u1ec6 S\u1eaeT VMETAL"}]},{"@type":"WebSite","@id":"https:\/\/vuonggroup.vn\/#website","url":"https:\/\/vuonggroup.vn\/","name":"T\u1eadp \u0111o\u00e0n V\u01b0\u1ee3ng Group","description":"","publisher":{"@id":"https:\/\/vuonggroup.vn\/#organization"},"potentialAction":[{"@type":"SearchAction","target":{"@type":"EntryPoint","urlTemplate":"https:\/\/vuonggroup.vn\/?s={search_term_string}"},"query-input":{"@type":"PropertyValueSpecification","valueRequired":true,"valueName":"search_term_string"}}],"inLanguage":"vi"},{"@type":"Organization","@id":"https:\/\/vuonggroup.vn\/#organization","name":"T\u1eadp \u0111o\u00e0n V\u01b0\u1ee3ng Group","url":"https:\/\/vuonggroup.vn\/","logo":{"@type":"ImageObject","inLanguage":"vi","@id":"https:\/\/vuonggroup.vn\/#\/schema\/logo\/image\/","url":"https:\/\/vuonggroup.vn\/wp-content\/uploads\/2025\/12\/Logo-Vuonggroup-file-PNG.png","contentUrl":"https:\/\/vuonggroup.vn\/wp-content\/uploads\/2025\/12\/Logo-Vuonggroup-file-PNG.png","width":2000,"height":2000,"caption":"T\u1eadp \u0111o\u00e0n V\u01b0\u1ee3ng Group"},"image":{"@id":"https:\/\/vuonggroup.vn\/#\/schema\/logo\/image\/"},"sameAs":["https:\/\/www.facebook.com\/profile.php?id=61585355376511"]}]}},"_links":{"self":[{"href":"https:\/\/vuonggroup.vn\/index.php\/wp-json\/wp\/v2\/pages\/37","targetHints":{"allow":["GET"]}}],"collection":[{"href":"https:\/\/vuonggroup.vn\/index.php\/wp-json\/wp\/v2\/pages"}],"about":[{"href":"https:\/\/vuonggroup.vn\/index.php\/wp-json\/wp\/v2\/types\/page"}],"author":[{"embeddable":true,"href":"https:\/\/vuonggroup.vn\/index.php\/wp-json\/wp\/v2\/users\/1"}],"replies":[{"embeddable":true,"href":"https:\/\/vuonggroup.vn\/index.php\/wp-json\/wp\/v2\/comments?post=37"}],"version-history":[{"count":7,"href":"https:\/\/vuonggroup.vn\/index.php\/wp-json\/wp\/v2\/pages\/37\/revisions"}],"predecessor-version":[{"id":476,"href":"https:\/\/vuonggroup.vn\/index.php\/wp-json\/wp\/v2\/pages\/37\/revisions\/476"}],"wp:attachment":[{"href":"https:\/\/vuonggroup.vn\/index.php\/wp-json\/wp\/v2\/media?parent=37"}],"curies":[{"name":"wp","href":"https:\/\/api.w.org\/{rel}","templated":true}]}}