{"id":297,"date":"2025-10-15T11:40:33","date_gmt":"2025-10-15T04:40:33","guid":{"rendered":"https:\/\/vuonggroup.vn\/?page_id=297"},"modified":"2025-12-27T14:53:15","modified_gmt":"2025-12-27T07:53:15","slug":"dao-tao","status":"publish","type":"page","link":"https:\/\/vuonggroup.vn\/index.php\/dao-tao\/","title":{"rendered":"\u0110\u00c0O T\u1ea0O"},"content":{"rendered":"\t<div class=\"img has-hover x md-x lg-x y md-y lg-y\" id=\"image_157865275\">\n\t\t\t\t\t\t\t\t<div class=\"img-inner dark\" >\n\t\t\t<img loading=\"lazy\" decoding=\"async\" width=\"1020\" height=\"659\" src=\"https:\/\/vuonggroup.vn\/wp-content\/uploads\/2025\/12\/cty-vmedia-1024x662.png\" class=\"attachment-large size-large\" alt=\"\" srcset=\"https:\/\/vuonggroup.vn\/wp-content\/uploads\/2025\/12\/cty-vmedia-1024x662.png 1024w, https:\/\/vuonggroup.vn\/wp-content\/uploads\/2025\/12\/cty-vmedia-300x194.png 300w, https:\/\/vuonggroup.vn\/wp-content\/uploads\/2025\/12\/cty-vmedia-768x497.png 768w, https:\/\/vuonggroup.vn\/wp-content\/uploads\/2025\/12\/cty-vmedia.png 1435w\" sizes=\"auto, (max-width: 1020px) 100vw, 1020px\" \/>\t\t\t\t\t\t\n\t\t\t\t\t<\/div>\n\t\t\t\t\t\t\t\t\n<style>\n#image_157865275 {\n  width: 100%;\n}\n<\/style>\n\t<\/div>\n\t\n<p>Vmedia Master l\u00e0 m\u1ed9t agency h\u00e0ng \u0111\u1ea7u trong l\u0129nh v\u1ef1c marketing online t\u1ed5ng \u2013 ph\u00f2ng thu\u00ea ngo\u00e0i marketing, \u0111\u01b0\u1ee3c th\u00e0nh l\u1eadp v\u00e0o n\u0103m 2025 v\u00e0 c\u00f3 tr\u1ee5 s\u1edf t\u1ea1i th\u00e0nh ph\u1ed1 H\u1ed3 Ch\u00ed Minh, Vi\u1ec7t Nam. Ch\u00fang t\u00f4i t\u1ef1 h\u00e0o l\u00e0 nh\u1eefng con ng\u01b0\u1eddi t\u00e2m huy\u1ebft v\u1edbi ngh\u1ec1, c\u00f3 n\u0103ng l\u1ef1c chuy\u00ean m\u00f4n s\u00e2u v\u00e0 th\u00e1i \u0111\u1ed9 l\u00e0m vi\u1ec7c chuy\u00ean nghi\u1ec7p.<\/p>\n<p>T\u1eeb nh\u1eefng ng\u00e0y \u0111\u1ea7u cho t\u1edbi b\u00e2y gi\u1edd, ch\u00fang t\u00f4i lu\u00f4n lu\u00f4n n\u1ed7 l\u1ef1c \u0111\u1ec3 l\u1edbn m\u1ea1nh t\u1eeb ng\u00e0y, g\u00f3p ph\u1ea7n gi\u00fap kh\u00e1ch h\u00e0ng ph\u00e1t tri\u1ec3n kinh doanh. Cho \u0111\u1ebfn nay, Vmedia Master v\u1eabn \u0111\u00fang h\u01b0\u1edbng tr\u00ean con \u0111\u01b0\u1eddng tr\u1edf th\u00e0nh m\u1ed9t \u0111\u01a1n v\u1ecb cung c\u1ea5p marketing t\u1ed5ng th\u1ec3 h\u00e0ng \u0111\u1ea7u Vi\u1ec7t Nam.<\/p>\n<h2><span id=\"Dau_an_cua_Vmedia_Master\" class=\"ez-toc-section\"><\/span>D\u1ea5u \u1ea5n c\u1ee7a Vmedia Master<\/h2>\n<p>Sau hai n\u0103m ph\u00e1t tri\u1ec3n Vmedia Master l\u00e0 s\u1ef1 l\u1ef1a ch\u1ecdn m\u00e0 nhi\u1ec1u kh\u00e1ch h\u00e0ng \u0111\u00e3 tim t\u01b0\u1edfng s\u1eed d\u1ee5ng<\/p>\n<p>100+ Kh\u00e1ch h\u00e0ng<\/p>\n<p>50+ Nh\u00e2n s\u1ef1<\/p>\n<p>150+ d\u1ef1 \u00e1n th\u1ef1c hi\u1ec7n<\/p>\n<h2><span id=\"Vmedia_Master_mang_den_giai_phap_toan_dien\" class=\"ez-toc-section\"><\/span>Vmedia Master\u00a0mang \u0111\u1ebfn gi\u1ea3i ph\u00e1p to\u00e0n di\u1ec7n<\/h2>\n<p>Vmedia Master\u00a0cung c\u1ea5p \u0111a d\u1ea1ng d\u1ecbch v\u1ee5 t\u1eeb marketing t\u1ed5ng th\u1ec3 \u0111\u1ebfn chi ti\u1ebft t\u1eeb s\u1ea3n ph\u1ea9m doanh cho c\u00e1c doanh nghi\u1ec7p SME hay doanh nghi\u1ec7p l\u1edbn. Ch\u00fang t\u00f4i mang \u0111\u1ebfn gi\u1ea3i ph\u00e1p to\u00e0n di\u1ec7n \u0111\u1ec3 gi\u00fap kh\u00e1ch h\u00e0ng th\u00fac \u0111\u1ea9y m\u1ea1nh h\u01a1n c\u00f4ng vi\u1ec7c kinh doanh.<\/p>\n<ul>\n<li>D\u1ecbch v\u1ee5 ph\u00f2ng marketing thu\u00ea ngo\u00e0i: Ch\u00fang t\u00f4i gi\u1ed1ng nh\u01b0 m\u1ed9t b\u1ed9 ph\u1eadn marketing doanh nghi\u1ec7p chuy\u00ean x\u1eed l\u00fd c\u00e1c v\u1ea5n \u0111\u1ec1 marketing t\u1ed5ng th\u1ec3 \u0111\u1ec3 h\u01b0\u1edbng doanh nghi\u1ec7p \u0111\u1ebfn chi\u1ebfn l\u01b0\u1ee3c t\u1ed1t nh\u1ea5t.<\/li>\n<li>T\u01b0 v\u1ea5n chi\u1ebfn l\u01b0\u1ee3c digital marketing: Cung c\u1ea5p c\u00e1c gi\u1ea3i ph\u00e1p qu\u1ea3ng c\u00e1o thu h\u00fat kh\u00e1ch h\u00e0ng th\u00f4ng qua c\u00e1c n\u1ec1n t\u1ea3ng online v\u00e0 m\u1ea1ng x\u00e3 h\u1ed9i nh\u01b0: Qu\u1ea3ng c\u00e1o Google Adword, Facebook Ads hay Tiktok Ads<\/li>\n<li>D\u1ecbch v\u1ee5 website: Website l\u00e0 n\u1ec1n b\u00e1n h\u00e0ng online v\u00f4 c\u00f9ng quan tr\u1ecdng, v\u1edbi d\u1ecbch v\u1ee5 thi\u1ebft k\u1ebf website v\u00e0 d\u1ecbch v\u1ee5 SEO, Vmedia Master s\u1ebd gi\u00fap kh\u00e1ch h\u00e0ng cung c\u1ea5p gi\u00e1p ph\u00e1p to\u00e0n di\u1ec7n v\u1edbi n\u1ec1n t\u1ea3ng t\u1eeb Google<\/li>\n<li>D\u1ecbch v\u1ee5 content marketing: Ch\u00fang t\u00f4i cung c\u1ea5p chi\u1ebfn l\u01b0\u1ee3c n\u1ed9i dung cho \u0111a d\u1ea1ng c\u00e1c n\u1ec1n t\u1ea3ng kinh doanh c\u1ee7a doanh nghi\u1ec7p t\u1eeb d\u1ecbch v\u1ee5 vi\u1ebft content, s\u1ea3n xu\u1ea5t video marketing, TVC, \u0111\u1ebfn quay phim ch\u1ee5p \u1ea3nh.<\/li>\n<\/ul>\n<h2><span id=\"Gia_tri_cua_Vmedia_Master\" class=\"ez-toc-section\"><\/span>Gi\u00e1 tr\u1ecb c\u1ee7a Vmedia Master<\/h2>\n<h3><span id=\"Tam_nhin\" class=\"ez-toc-section\"><\/span>T\u1ea7m nh\u00ecn<\/h3>\n<p>Vmedia Master\u00a0mong mu\u1ed1n tr\u1edf th\u00e0nh \u0111\u1ed1i t\u00e1c tin c\u1eady c\u1ee7a m\u1ecdi doanh nghi\u1ec7p trong vi\u1ec7c x\u00e2y d\u1ef1ng v\u00e0 ph\u00e1t tri\u1ec3n kinh doanh tr\u00ean n\u1ec1n t\u1ea3ng digital marketing. Ch\u00fang t\u00f4i \u0111\u1eb7t tr\u1ecdng t\u00e2m b\u1eb1ng ph\u01b0\u01a1ng ph\u00e1p x\u00e2y d\u1ef1ng t\u1ea1o ra gi\u00e1 tr\u1ecb th\u1ef1c cho kh\u00e1ch h\u00e0ng.<\/p>\n<h3><span id=\"Su_menh\" class=\"ez-toc-section\"><\/span>S\u1ee9 m\u1ec7nh<\/h3>\n<p>Vmedia Master\u00a0mang \u0111\u1ebfn gi\u1ea3i ph\u00e1p chi\u1ebfn l\u01b0\u1ee3c marketing t\u1ed5ng th\u1ec3 hi\u1ec7u qu\u1ea3, \u0111\u1ed9t ph\u00e1 v\u00e0 mang l\u1ea1i gi\u00e1 tr\u1ecb b\u1ec1n v\u1eefng cho kh\u00e1ch h\u00e0ng, \u0111\u1ed3ng th\u1eddi g\u00f3p ph\u1ea7n ph\u00e1t tri\u1ec3n ng\u00e0nh c\u00f4ng nghi\u1ec7p marketing Vi\u1ec7t Nam ra to\u00e0n th\u1ebf gi\u1edbi.<\/p>\n<h3><span id=\"Muc_tieu\" class=\"ez-toc-section\"><\/span>M\u1ee5c ti\u00eau<\/h3>\n<ul>\n<li>Tr\u1edf th\u00e0nh agency marketing online h\u00e0ng \u0111\u1ea7u kh\u00f4ng ch\u1ec9 trong m\u00e0 c\u00f2n l\u00e0 ngo\u00e0i n\u01b0\u1edbc;<\/li>\n<li>\u0110\u1ea1t t\u1ef7 l\u1ec7 kh\u00e1ch h\u00e0ng h\u00e0i l\u00f2ng tr\u00ean 95% trong c\u00e1c d\u1ef1 \u00e1n cung c\u1ea5p d\u1ecbch v\u1ee5;<\/li>\n<li>\u0110\u1ea9y m\u1ea1nh \u0111\u00e0o t\u1ea1o v\u00e0 ph\u00e1t tri\u1ec3n ngu\u1ed3n nh\u00e2n l\u1ef1c ch\u1ea5t l\u01b0\u1ee3ng cao, t\u1ea1o ra m\u00f4i tr\u01b0\u1eddng l\u00e0m vi\u1ec7c chuy\u00ean nghi\u1ec7p, s\u00e1ng t\u1ea1o v\u00e0 h\u1ed7 tr\u1ee3 t\u1ed1i \u0111a s\u1ef1 ph\u00e1t tri\u1ec3n c\u1ee7a nh\u00e2n vi\u00ean.<\/li>\n<\/ul>\n<h2><span id=\"Lua_chon_Vmedia_Master\" class=\"ez-toc-section\"><\/span>L\u1ef1a ch\u1ecdn Vmedia Master<\/h2>\n<p><img loading=\"lazy\" decoding=\"async\" class=\"alignnone size-full wp-image-2193 lazy-load-active\" src=\"https:\/\/vmediamaster.vn\/wp-content\/uploads\/2025\/12\/lua-chon-ve-chung-toi.png\" sizes=\"auto, (max-width: 1024px) 100vw, 1024px\" srcset=\"https:\/\/vmediamaster.vn\/wp-content\/uploads\/2025\/12\/lua-chon-ve-chung-toi.png 1024w, https:\/\/vmediamaster.vn\/wp-content\/uploads\/2025\/12\/lua-chon-ve-chung-toi-300x200.png 300w, https:\/\/vmediamaster.vn\/wp-content\/uploads\/2025\/12\/lua-chon-ve-chung-toi-768x512.png 768w\" alt=\"\" width=\"1024\" height=\"683\" data-src=\"https:\/\/vmediamaster.vn\/wp-content\/uploads\/2025\/12\/lua-chon-ve-chung-toi.png\" data-srcset=\"https:\/\/vmediamaster.vn\/wp-content\/uploads\/2025\/12\/lua-chon-ve-chung-toi.png 1024w, https:\/\/vmediamaster.vn\/wp-content\/uploads\/2025\/12\/lua-chon-ve-chung-toi-300x200.png 300w, https:\/\/vmediamaster.vn\/wp-content\/uploads\/2025\/12\/lua-chon-ve-chung-toi-768x512.png 768w\" \/><\/p>\n<ul>\n<li>\u1ee8ng d\u1ee5ng c\u00f4ng ngh\u1ec7 AI v\u00e0 Big Data: Vmedia Master \u0111ang n\u1ed7 l\u1ef1c \u1ee9ng d\u1ee5ng c\u00f4ng ngh\u1ec7 AI v\u00e0 Big Data trong vi\u1ec7c ph\u00e2n t\u00edch d\u1eef li\u1ec7u, \u0111\u01b0a ra c\u00e1c chi\u1ebfn l\u01b0\u1ee3c marketing ch\u00ednh x\u00e1c v\u00e0 hi\u1ec7u qu\u1ea3, gi\u00fap kh\u00e1ch h\u00e0ng ti\u1ebft ki\u1ec7m th\u1eddi gian, ng\u00e2n s\u00e1ch v\u00e0 n\u00e2ng cao hi\u1ec7u qu\u1ea3 \u0111\u1ea7u t\u01b0.<\/li>\n<li>Kh\u00e1ch h\u00e0ng l\u00e0 tr\u1ecdng t\u00e2m: Vmedia Master lu\u00f4n coi tr\u1ecdng l\u1ee3i \u00edch c\u1ee7a kh\u00e1ch h\u00e0ng v\u00e0 \u0111\u1eb7t kh\u00e1ch h\u00e0ng l\u00e0m tr\u1ecdng t\u00e2m trong m\u1ecdi ho\u1ea1t \u0111\u1ed9ng c\u1ee7a c\u00f4ng ty. Ch\u00fang t\u00f4i kh\u00f4ng ng\u1eebng n\u1ed7 l\u1ef1c \u0111\u1ec3 n\u00e2ng cao ch\u1ea5t l\u01b0\u1ee3ng d\u1ecbch v\u1ee5 v\u00e0 \u0111\u00e1p \u1ee9ng nhu c\u1ea7u ng\u00e0y c\u00e0ng cao c\u1ee7a kh\u00e1ch h\u00e0ng.<\/li>\n<li>Ph\u00e1t tri\u1ec3n \u0111\u1ed1i t\u00e1c v\u00e0 m\u1ea1ng l\u01b0\u1edbi h\u1ee3p t\u00e1c: Vmedia Master ch\u00fa tr\u1ecdng ph\u00e1t tri\u1ec3n m\u1ed1i quan h\u1ec7 \u0111\u1ed1i t\u00e1c v\u00e0 h\u1ee3p t\u00e1c v\u1edbi c\u00e1c c\u00f4ng ty, t\u1ed5 ch\u1ee9c trong v\u00e0 ngo\u00e0i n\u01b0\u1edbc, nh\u1eb1m t\u1eadn d\u1ee5ng ngu\u1ed3n l\u1ef1c v\u00e0 chia s\u1ebb kinh nghi\u1ec7m \u0111\u1ec3 cung c\u1ea5p d\u1ecbch v\u1ee5 t\u1ed1t nh\u1ea5t cho kh\u00e1ch h\u00e0ng.<\/li>\n<li>C\u00f4ng ngh\u1ec7 v\u00e0 \u0111\u1ed5i m\u1edbi: Vmedia Master kh\u00f4ng ng\u1eebng nghi\u00ean c\u1ee9u v\u00e0 \u1ee9ng d\u1ee5ng c\u00e1c c\u00f4ng ngh\u1ec7 ti\u00ean ti\u1ebfn nh\u1ea5t trong l\u0129nh v\u1ef1c marketing online, \u0111\u00e1p \u1ee9ng nhu c\u1ea7u th\u1ecb tr\u01b0\u1eddng v\u00e0 t\u1ed1i \u01b0u h\u00f3a hi\u1ec7u qu\u1ea3 cho kh\u00e1ch h\u00e0ng.<\/li>\n<\/ul>\n<h2><span id=\"Thong_tin_lien_he\" class=\"ez-toc-section\"><\/span>Th\u00f4ng tin li\u00ean h\u1ec7.<\/h2>\n<p>C\u00e1c b\u1ea1n \u0111ang mu\u1ed1n t\u00ecm m\u1ed9t \u0111\u01a1n v\u1ecb marketing t\u1ed5ng th\u1ec3, h\u00e3y li\u00ean h\u1ec7 ch\u00fang t\u00f4i ngay h\u00f4m nay!!<\/p>\n<p>C\u00d4NG TY TNHH \u0110\u00c0O T\u1ea0O TRUY\u1ec0N TH\u00d4NG VMEDIA MASTER<\/p>\n<p>\u0110\u1ecba ch\u1ec9:\u00a0T\u1ed5 5, \u1ea5p 8, X\u00e3 Xu\u00e2n \u0110\u00f4ng, T\u1ec9nh \u0110\u1ed3ng Nai<\/p>\n<p>\u0110\u1ecba ch\u1ec9 VP: 21\/20A Tr\u01b0\u1eddng S\u01a1n, Ph\u01b0\u1eddng T\u00e2n S\u01a1n Nh\u1ea5t, Th\u00e0nh Ph\u1ed1 H\u1ed3 Ch\u00ed Minh<\/p>\n<p>Hotline:\u00a00395 567 678<\/p>\n<p>Email:\u00a0info@vmediamaster.vn<\/p>\n<p>Th\u1eddi gian l\u00e0m vi\u1ec7c: T\u1eeb th\u1ee9 2 \u2013 th\u1ee9 7 (S\u00e1ng: 8h \u2013 12h; Chi\u1ec1u: 13h30 \u2013 17h30)<\/p>\n","protected":false},"excerpt":{"rendered":"<p>Vmedia Master l\u00e0 m\u1ed9t agency h\u00e0ng \u0111\u1ea7u trong l\u0129nh v\u1ef1c marketing online t\u1ed5ng \u2013 ph\u00f2ng thu\u00ea ngo\u00e0i marketing, \u0111\u01b0\u1ee3c th\u00e0nh l\u1eadp v\u00e0o n\u0103m 2025 v\u00e0 c\u00f3 tr\u1ee5 s\u1edf t\u1ea1i th\u00e0nh ph\u1ed1 H\u1ed3 Ch\u00ed Minh, Vi\u1ec7t Nam. Ch\u00fang t\u00f4i t\u1ef1 h\u00e0o l\u00e0 nh\u1eefng con ng\u01b0\u1eddi t\u00e2m huy\u1ebft v\u1edbi ngh\u1ec1, c\u00f3 n\u0103ng l\u1ef1c chuy\u00ean m\u00f4n s\u00e2u v\u00e0 [&#8230;]\n","protected":false},"author":1,"featured_media":0,"parent":0,"menu_order":0,"comment_status":"closed","ping_status":"closed","template":"","meta":{"om_disable_all_campaigns":false,"_monsterinsights_skip_tracking":false,"_monsterinsights_sitenote_active":false,"_monsterinsights_sitenote_note":"","_monsterinsights_sitenote_category":0,"footnotes":""},"class_list":["post-297","page","type-page","status-publish","hentry"],"aioseo_notices":[],"yoast_head":"<!-- This site is optimized with the Yoast SEO plugin v26.9 - https:\/\/yoast.com\/product\/yoast-seo-wordpress\/ -->\r\n<title>\u0110\u00c0O T\u1ea0O - T\u1eadp \u0111o\u00e0n V\u01b0\u1ee3ng Group<\/title>\r\n<meta name=\"robots\" content=\"index, follow, max-snippet:-1, max-image-preview:large, max-video-preview:-1\" \/>\r\n<link rel=\"canonical\" href=\"https:\/\/vuonggroup.vn\/index.php\/dao-tao\/\" \/>\r\n<meta property=\"og:locale\" content=\"vi_VN\" \/>\r\n<meta property=\"og:type\" content=\"article\" \/>\r\n<meta property=\"og:title\" content=\"\u0110\u00c0O T\u1ea0O - T\u1eadp \u0111o\u00e0n V\u01b0\u1ee3ng Group\" \/>\r\n<meta property=\"og:description\" content=\"Vmedia Master l\u00e0 m\u1ed9t agency h\u00e0ng \u0111\u1ea7u trong l\u0129nh v\u1ef1c marketing online t\u1ed5ng \u2013 ph\u00f2ng thu\u00ea ngo\u00e0i marketing, \u0111\u01b0\u1ee3c th\u00e0nh l\u1eadp v\u00e0o n\u0103m 2025 v\u00e0 c\u00f3 tr\u1ee5 s\u1edf t\u1ea1i th\u00e0nh ph\u1ed1 H\u1ed3 Ch\u00ed Minh, Vi\u1ec7t Nam. Ch\u00fang t\u00f4i t\u1ef1 h\u00e0o l\u00e0 nh\u1eefng con ng\u01b0\u1eddi t\u00e2m huy\u1ebft v\u1edbi ngh\u1ec1, c\u00f3 n\u0103ng l\u1ef1c chuy\u00ean m\u00f4n s\u00e2u v\u00e0 [...]\" \/>\r\n<meta property=\"og:url\" content=\"https:\/\/vuonggroup.vn\/index.php\/dao-tao\/\" \/>\r\n<meta property=\"og:site_name\" content=\"T\u1eadp \u0111o\u00e0n V\u01b0\u1ee3ng Group\" \/>\r\n<meta property=\"article:publisher\" content=\"https:\/\/www.facebook.com\/profile.php?id=61585355376511\" \/>\r\n<meta property=\"article:modified_time\" content=\"2025-12-27T07:53:15+00:00\" \/>\r\n<meta property=\"og:image\" content=\"https:\/\/vmediamaster.vn\/wp-content\/uploads\/2025\/12\/lua-chon-ve-chung-toi.png\" \/>\r\n<meta name=\"twitter:card\" content=\"summary_large_image\" \/>\r\n<meta name=\"twitter:label1\" content=\"\u01af\u1edbc t\u00ednh th\u1eddi gian \u0111\u1ecdc\" \/>\n\t<meta name=\"twitter:data1\" content=\"7 ph\u00fat\" \/>\r\n<script type=\"application\/ld+json\" class=\"yoast-schema-graph\">{\"@context\":\"https:\/\/schema.org\",\"@graph\":[{\"@type\":\"WebPage\",\"@id\":\"https:\/\/vuonggroup.vn\/index.php\/dao-tao\/\",\"url\":\"https:\/\/vuonggroup.vn\/index.php\/dao-tao\/\",\"name\":\"\u0110\u00c0O T\u1ea0O - T\u1eadp \u0111o\u00e0n V\u01b0\u1ee3ng Group\",\"isPartOf\":{\"@id\":\"https:\/\/vuonggroup.vn\/#website\"},\"primaryImageOfPage\":{\"@id\":\"https:\/\/vuonggroup.vn\/index.php\/dao-tao\/#primaryimage\"},\"image\":{\"@id\":\"https:\/\/vuonggroup.vn\/index.php\/dao-tao\/#primaryimage\"},\"thumbnailUrl\":\"https:\/\/vmediamaster.vn\/wp-content\/uploads\/2025\/12\/lua-chon-ve-chung-toi.png\",\"datePublished\":\"2025-10-15T04:40:33+00:00\",\"dateModified\":\"2025-12-27T07:53:15+00:00\",\"breadcrumb\":{\"@id\":\"https:\/\/vuonggroup.vn\/index.php\/dao-tao\/#breadcrumb\"},\"inLanguage\":\"vi\",\"potentialAction\":[{\"@type\":\"ReadAction\",\"target\":[\"https:\/\/vuonggroup.vn\/index.php\/dao-tao\/\"]}]},{\"@type\":\"ImageObject\",\"inLanguage\":\"vi\",\"@id\":\"https:\/\/vuonggroup.vn\/index.php\/dao-tao\/#primaryimage\",\"url\":\"https:\/\/vmediamaster.vn\/wp-content\/uploads\/2025\/12\/lua-chon-ve-chung-toi.png\",\"contentUrl\":\"https:\/\/vmediamaster.vn\/wp-content\/uploads\/2025\/12\/lua-chon-ve-chung-toi.png\"},{\"@type\":\"BreadcrumbList\",\"@id\":\"https:\/\/vuonggroup.vn\/index.php\/dao-tao\/#breadcrumb\",\"itemListElement\":[{\"@type\":\"ListItem\",\"position\":1,\"name\":\"Trang ch\u1ee7\",\"item\":\"https:\/\/vuonggroup.vn\/\"},{\"@type\":\"ListItem\",\"position\":2,\"name\":\"\u0110\u00c0O T\u1ea0O\"}]},{\"@type\":\"WebSite\",\"@id\":\"https:\/\/vuonggroup.vn\/#website\",\"url\":\"https:\/\/vuonggroup.vn\/\",\"name\":\"T\u1eadp \u0111o\u00e0n V\u01b0\u1ee3ng Group\",\"description\":\"\",\"publisher\":{\"@id\":\"https:\/\/vuonggroup.vn\/#organization\"},\"potentialAction\":[{\"@type\":\"SearchAction\",\"target\":{\"@type\":\"EntryPoint\",\"urlTemplate\":\"https:\/\/vuonggroup.vn\/?s={search_term_string}\"},\"query-input\":{\"@type\":\"PropertyValueSpecification\",\"valueRequired\":true,\"valueName\":\"search_term_string\"}}],\"inLanguage\":\"vi\"},{\"@type\":\"Organization\",\"@id\":\"https:\/\/vuonggroup.vn\/#organization\",\"name\":\"T\u1eadp \u0111o\u00e0n V\u01b0\u1ee3ng Group\",\"url\":\"https:\/\/vuonggroup.vn\/\",\"logo\":{\"@type\":\"ImageObject\",\"inLanguage\":\"vi\",\"@id\":\"https:\/\/vuonggroup.vn\/#\/schema\/logo\/image\/\",\"url\":\"https:\/\/vuonggroup.vn\/wp-content\/uploads\/2025\/12\/Logo-Vuonggroup-file-PNG.png\",\"contentUrl\":\"https:\/\/vuonggroup.vn\/wp-content\/uploads\/2025\/12\/Logo-Vuonggroup-file-PNG.png\",\"width\":2000,\"height\":2000,\"caption\":\"T\u1eadp \u0111o\u00e0n V\u01b0\u1ee3ng Group\"},\"image\":{\"@id\":\"https:\/\/vuonggroup.vn\/#\/schema\/logo\/image\/\"},\"sameAs\":[\"https:\/\/www.facebook.com\/profile.php?id=61585355376511\"]}]}<\/script>\r\n<!-- \/ Yoast SEO plugin. -->","yoast_head_json":{"title":"\u0110\u00c0O T\u1ea0O - T\u1eadp \u0111o\u00e0n V\u01b0\u1ee3ng Group","robots":{"index":"index","follow":"follow","max-snippet":"max-snippet:-1","max-image-preview":"max-image-preview:large","max-video-preview":"max-video-preview:-1"},"canonical":"https:\/\/vuonggroup.vn\/index.php\/dao-tao\/","og_locale":"vi_VN","og_type":"article","og_title":"\u0110\u00c0O T\u1ea0O - T\u1eadp \u0111o\u00e0n V\u01b0\u1ee3ng Group","og_description":"Vmedia Master l\u00e0 m\u1ed9t agency h\u00e0ng \u0111\u1ea7u trong l\u0129nh v\u1ef1c marketing online t\u1ed5ng \u2013 ph\u00f2ng thu\u00ea ngo\u00e0i marketing, \u0111\u01b0\u1ee3c th\u00e0nh l\u1eadp v\u00e0o n\u0103m 2025 v\u00e0 c\u00f3 tr\u1ee5 s\u1edf t\u1ea1i th\u00e0nh ph\u1ed1 H\u1ed3 Ch\u00ed Minh, Vi\u1ec7t Nam. Ch\u00fang t\u00f4i t\u1ef1 h\u00e0o l\u00e0 nh\u1eefng con ng\u01b0\u1eddi t\u00e2m huy\u1ebft v\u1edbi ngh\u1ec1, c\u00f3 n\u0103ng l\u1ef1c chuy\u00ean m\u00f4n s\u00e2u v\u00e0 [...]","og_url":"https:\/\/vuonggroup.vn\/index.php\/dao-tao\/","og_site_name":"T\u1eadp \u0111o\u00e0n V\u01b0\u1ee3ng Group","article_publisher":"https:\/\/www.facebook.com\/profile.php?id=61585355376511","article_modified_time":"2025-12-27T07:53:15+00:00","og_image":[{"url":"https:\/\/vmediamaster.vn\/wp-content\/uploads\/2025\/12\/lua-chon-ve-chung-toi.png","type":"","width":"","height":""}],"twitter_card":"summary_large_image","twitter_misc":{"\u01af\u1edbc t\u00ednh th\u1eddi gian \u0111\u1ecdc":"7 ph\u00fat"},"schema":{"@context":"https:\/\/schema.org","@graph":[{"@type":"WebPage","@id":"https:\/\/vuonggroup.vn\/index.php\/dao-tao\/","url":"https:\/\/vuonggroup.vn\/index.php\/dao-tao\/","name":"\u0110\u00c0O T\u1ea0O - T\u1eadp \u0111o\u00e0n V\u01b0\u1ee3ng Group","isPartOf":{"@id":"https:\/\/vuonggroup.vn\/#website"},"primaryImageOfPage":{"@id":"https:\/\/vuonggroup.vn\/index.php\/dao-tao\/#primaryimage"},"image":{"@id":"https:\/\/vuonggroup.vn\/index.php\/dao-tao\/#primaryimage"},"thumbnailUrl":"https:\/\/vmediamaster.vn\/wp-content\/uploads\/2025\/12\/lua-chon-ve-chung-toi.png","datePublished":"2025-10-15T04:40:33+00:00","dateModified":"2025-12-27T07:53:15+00:00","breadcrumb":{"@id":"https:\/\/vuonggroup.vn\/index.php\/dao-tao\/#breadcrumb"},"inLanguage":"vi","potentialAction":[{"@type":"ReadAction","target":["https:\/\/vuonggroup.vn\/index.php\/dao-tao\/"]}]},{"@type":"ImageObject","inLanguage":"vi","@id":"https:\/\/vuonggroup.vn\/index.php\/dao-tao\/#primaryimage","url":"https:\/\/vmediamaster.vn\/wp-content\/uploads\/2025\/12\/lua-chon-ve-chung-toi.png","contentUrl":"https:\/\/vmediamaster.vn\/wp-content\/uploads\/2025\/12\/lua-chon-ve-chung-toi.png"},{"@type":"BreadcrumbList","@id":"https:\/\/vuonggroup.vn\/index.php\/dao-tao\/#breadcrumb","itemListElement":[{"@type":"ListItem","position":1,"name":"Trang ch\u1ee7","item":"https:\/\/vuonggroup.vn\/"},{"@type":"ListItem","position":2,"name":"\u0110\u00c0O T\u1ea0O"}]},{"@type":"WebSite","@id":"https:\/\/vuonggroup.vn\/#website","url":"https:\/\/vuonggroup.vn\/","name":"T\u1eadp \u0111o\u00e0n V\u01b0\u1ee3ng Group","description":"","publisher":{"@id":"https:\/\/vuonggroup.vn\/#organization"},"potentialAction":[{"@type":"SearchAction","target":{"@type":"EntryPoint","urlTemplate":"https:\/\/vuonggroup.vn\/?s={search_term_string}"},"query-input":{"@type":"PropertyValueSpecification","valueRequired":true,"valueName":"search_term_string"}}],"inLanguage":"vi"},{"@type":"Organization","@id":"https:\/\/vuonggroup.vn\/#organization","name":"T\u1eadp \u0111o\u00e0n V\u01b0\u1ee3ng Group","url":"https:\/\/vuonggroup.vn\/","logo":{"@type":"ImageObject","inLanguage":"vi","@id":"https:\/\/vuonggroup.vn\/#\/schema\/logo\/image\/","url":"https:\/\/vuonggroup.vn\/wp-content\/uploads\/2025\/12\/Logo-Vuonggroup-file-PNG.png","contentUrl":"https:\/\/vuonggroup.vn\/wp-content\/uploads\/2025\/12\/Logo-Vuonggroup-file-PNG.png","width":2000,"height":2000,"caption":"T\u1eadp \u0111o\u00e0n V\u01b0\u1ee3ng Group"},"image":{"@id":"https:\/\/vuonggroup.vn\/#\/schema\/logo\/image\/"},"sameAs":["https:\/\/www.facebook.com\/profile.php?id=61585355376511"]}]}},"_links":{"self":[{"href":"https:\/\/vuonggroup.vn\/index.php\/wp-json\/wp\/v2\/pages\/297","targetHints":{"allow":["GET"]}}],"collection":[{"href":"https:\/\/vuonggroup.vn\/index.php\/wp-json\/wp\/v2\/pages"}],"about":[{"href":"https:\/\/vuonggroup.vn\/index.php\/wp-json\/wp\/v2\/types\/page"}],"author":[{"embeddable":true,"href":"https:\/\/vuonggroup.vn\/index.php\/wp-json\/wp\/v2\/users\/1"}],"replies":[{"embeddable":true,"href":"https:\/\/vuonggroup.vn\/index.php\/wp-json\/wp\/v2\/comments?post=297"}],"version-history":[{"count":3,"href":"https:\/\/vuonggroup.vn\/index.php\/wp-json\/wp\/v2\/pages\/297\/revisions"}],"predecessor-version":[{"id":434,"href":"https:\/\/vuonggroup.vn\/index.php\/wp-json\/wp\/v2\/pages\/297\/revisions\/434"}],"wp:attachment":[{"href":"https:\/\/vuonggroup.vn\/index.php\/wp-json\/wp\/v2\/media?parent=297"}],"curies":[{"name":"wp","href":"https:\/\/api.w.org\/{rel}","templated":true}]}}